{"id":36376,"date":"2025-01-26T01:59:12","date_gmt":"2025-01-26T01:59:12","guid":{"rendered":"https:\/\/nexgendecors.com\/product\/1pc-childrens-small-chairs-small-benches-home-learning-writing-plastic-backrests-assembly-portable-tables-and-chairs1711880204553\/"},"modified":"2025-03-07T11:34:29","modified_gmt":"2025-03-07T11:34:29","slug":"1pc-childrens-small-chairs-small-benches-home-learning-writing-plastic-backrests-assembly-portable-tables-and-chairs1711880204553","status":"publish","type":"product","link":"https:\/\/nexgendecors.com\/es\/product\/1pc-childrens-small-chairs-small-benches-home-learning-writing-plastic-backrests-assembly-portable-tables-and-chairs1711880204553\/","title":{"rendered":"Sillas y bancos de pl\u00e1stico port\u00e1tiles para ni\u00f1os para el aprendizaje"},"content":{"rendered":"<p data-mce-fragment=\"1\">\ud83e\ude91 <strong data-mce-fragment=\"1\">Kindergarten Stool<\/strong>: Properly sized for little ones, lightweight for easy movement, and durable for convenient use.<\/p>\n<p data-mce-fragment=\"1\">\ud83c\udf1f <strong data-mce-fragment=\"1\">Plastic Light Footstool<\/strong>: Lightweight and portable, occupies minimal space when not in use.<\/p>\n<p data-mce-fragment=\"1\">\ud83d\udcda <strong data-mce-fragment=\"1\">Kindergarten Learning Stools<\/strong>: Strong load-bearing capacity ensures safety and reliability during learning activities.<\/p>\n<p data-mce-fragment=\"1\">\ud83d\udc67 <strong data-mce-fragment=\"1\">Children&#8217;s Footstool<\/strong>: Ideal height for kids, anti-skid design ensures safety and practicality, providing a reliable seating option.<\/p>\n<p data-mce-fragment=\"1\">\ud83c\udfe0 <strong data-mce-fragment=\"1\">Home Non-Skid Stool for Kids<\/strong>: Crafted from premium materials, durable for both indoor and outdoor use, offering stability and safety for children.<\/p>\n<div><\/div>","protected":false},"excerpt":{"rendered":"<p>Taburete para jard\u00edn de infantes: tama\u00f1o adecuado para los m\u00e1s peque\u00f1os, liviano para facilitar el movimiento y duradero para un uso conveniente. Pl\u00e1stico ligero<\/p>","protected":false},"featured_media":60174,"comment_status":"open","ping_status":"closed","template":"","meta":[],"product_brand":[],"product_cat":[30971,30836,30849],"product_tag":[],"class_list":{"0":"post-36376","1":"product","2":"type-product","3":"status-publish","4":"has-post-thumbnail","6":"product_cat-hp","7":"product_cat-kids-chairs","8":"product_cat-kindergarten-school-furniture","10":"first","11":"instock","12":"taxable","13":"shipping-taxable","14":"purchasable","15":"product-type-variable"},"_links":{"self":[{"href":"https:\/\/nexgendecors.com\/es\/wp-json\/wp\/v2\/product\/36376","targetHints":{"allow":["GET"]}}],"collection":[{"href":"https:\/\/nexgendecors.com\/es\/wp-json\/wp\/v2\/product"}],"about":[{"href":"https:\/\/nexgendecors.com\/es\/wp-json\/wp\/v2\/types\/product"}],"replies":[{"embeddable":true,"href":"https:\/\/nexgendecors.com\/es\/wp-json\/wp\/v2\/comments?post=36376"}],"version-history":[{"count":0,"href":"https:\/\/nexgendecors.com\/es\/wp-json\/wp\/v2\/product\/36376\/revisions"}],"wp:featuredmedia":[{"embeddable":true,"href":"https:\/\/nexgendecors.com\/es\/wp-json\/wp\/v2\/media\/60174"}],"wp:attachment":[{"href":"https:\/\/nexgendecors.com\/es\/wp-json\/wp\/v2\/media?parent=36376"}],"wp:term":[{"taxonomy":"product_brand","embeddable":true,"href":"https:\/\/nexgendecors.com\/es\/wp-json\/wp\/v2\/product_brand?post=36376"},{"taxonomy":"product_cat","embeddable":true,"href":"https:\/\/nexgendecors.com\/es\/wp-json\/wp\/v2\/product_cat?post=36376"},{"taxonomy":"product_tag","embeddable":true,"href":"https:\/\/nexgendecors.com\/es\/wp-json\/wp\/v2\/product_tag?post=36376"}],"curies":[{"name":"wp","href":"https:\/\/api.w.org\/{rel}","templated":true}]}}