{"id":36380,"date":"2025-01-26T01:59:15","date_gmt":"2025-01-26T01:59:15","guid":{"rendered":"https:\/\/nexgendecors.com\/product\/1pc-childrens-stools-backrest-chairs-plastic-thickened-kindergarten-baby-cartoon-small-stools-cute-and-non-slip-household-seats1711880204500\/"},"modified":"2025-04-06T07:48:34","modified_gmt":"2025-04-06T07:48:34","slug":"1-taburete-infantil-con-respaldo-de-plastico-grueso-para-guarderia-con-dibujos-animados-bonito-y-antideslizante-para-el-hogar-1711880204500","status":"publish","type":"product","link":"https:\/\/nexgendecors.com\/es\/product\/1-taburete-infantil-con-respaldo-de-plastico-grueso-para-guarderia-con-dibujos-animados-bonito-y-antideslizante-para-el-hogar-1711880204500\/","title":{"rendered":"Taburetes infantiles con dibujos animados y respaldo antideslizantes"},"content":{"rendered":"<p data-mce-fragment=\"1\">\ud83e\udd39 <strong data-mce-fragment=\"1\">Compatible con la mesa de actividades de Pairez Toys<\/strong>\u00a1Combine este producto sin esfuerzo con la mesa de actividades para ni\u00f1os peque\u00f1os de Pairez Toys para disfrutar de infinitas oportunidades de diversi\u00f3n y aprendizaje! \ud83c\udfa8\ud83c\udf88<\/p>\n<p data-mce-fragment=\"1\">\ud83d\udee1\ufe0f <strong data-mce-fragment=\"1\">Seguridad ante todo<\/strong>Fabricado con pl\u00e1stico de alta calidad y libre de BPA, este producto prioriza la seguridad de tus peque\u00f1os. Sin piezas m\u00f3viles ni huecos que puedan atrapar los dedos, ofrece tranquilidad durante el juego. \ud83d\udc76\ud83d\udd12<\/p>\n<p data-mce-fragment=\"1\">\ud83d\udd27 <strong data-mce-fragment=\"1\">F\u00e1cil montaje<\/strong>\u00a1No necesita instrucciones ni herramientas! Este producto se ensambla en tan solo un minuto, lo que facilita su instalaci\u00f3n incluso para padres ocupados. \u23f3\ud83d\udd27<\/p>\n<p data-mce-fragment=\"1\">\ud83d\udcaa <strong data-mce-fragment=\"1\">Dise\u00f1o robusto<\/strong>:A pesar de su f\u00e1cil montaje, este producto es lo suficientemente resistente como para soportar hasta 50 kg\/110 lbs, lo que garantiza durabilidad y estabilidad durante el juego. \ud83c\udfcb\ufe0f\u200d\u2642\ufe0f\ud83d\udcbc<\/p>\n<p data-mce-fragment=\"1\">\ud83c\udfa8 <strong data-mce-fragment=\"1\">Juego vers\u00e1til<\/strong>:Perfectamente adecuado para usar con mesas sensoriales, tableros de dibujo y otros centros de actividades, este producto fomenta la creatividad y la exploraci\u00f3n en ni\u00f1os de todas las edades. \ud83c\udf1f\ud83c\udfad<\/p>\n<p data-mce-fragment=\"1\">\ud83d\udc67\ud83e\uddd2 <strong data-mce-fragment=\"1\">Recomendado para todas las edades<\/strong>:Ideal para ni\u00f1os, beb\u00e9s, ni\u00f1os, ni\u00f1as, preescolares y estudiantes, este producto es adecuado para una amplia gama de edades y etapas de desarrollo. \ud83d\udcda\ud83c\udf89<\/p>\n<p data-mce-fragment=\"1\">\ud83c\udfeb <strong data-mce-fragment=\"1\">Ideal para centros de aprendizaje<\/strong>:Ya sea en aulas, entornos preescolares, escuelas o centros de aprendizaje, este producto mejora las experiencias educativas y fomenta el crecimiento y el desarrollo. \ud83c\udfeb\ud83d\udcdd<\/p>\n<p data-mce-fragment=\"1\">\ud83c\udfe1\ud83c\udf33 <strong data-mce-fragment=\"1\">Uso en interiores y exteriores<\/strong>:Desde el hogar y la cocina hasta el jard\u00edn y la sala de estar, este producto es adecuado para jugar en interiores y exteriores, brindando entretenimiento sin fin dondequiera que vayan tus peque\u00f1os. \ud83c\udfe0\ud83c\udf1e<\/p>\n<div><\/div>","protected":false},"excerpt":{"rendered":"<p>\ud83e\udd39 Compatible con la mesa de actividades de Pairez Toys: combina este producto sin esfuerzo con la mesa de actividades de Pairez Toys para ni\u00f1os peque\u00f1os.<\/p>","protected":false},"featured_media":60290,"comment_status":"open","ping_status":"closed","template":"","meta":[],"product_brand":[],"product_cat":[30971,30836,30849],"product_tag":[],"class_list":{"0":"post-36380","1":"product","2":"type-product","3":"status-publish","4":"has-post-thumbnail","6":"product_cat-hp","7":"product_cat-kids-chairs","8":"product_cat-kindergarten-school-furniture","10":"first","11":"instock","12":"taxable","13":"shipping-taxable","14":"purchasable","15":"product-type-variable"},"_links":{"self":[{"href":"https:\/\/nexgendecors.com\/es\/wp-json\/wp\/v2\/product\/36380","targetHints":{"allow":["GET"]}}],"collection":[{"href":"https:\/\/nexgendecors.com\/es\/wp-json\/wp\/v2\/product"}],"about":[{"href":"https:\/\/nexgendecors.com\/es\/wp-json\/wp\/v2\/types\/product"}],"replies":[{"embeddable":true,"href":"https:\/\/nexgendecors.com\/es\/wp-json\/wp\/v2\/comments?post=36380"}],"version-history":[{"count":0,"href":"https:\/\/nexgendecors.com\/es\/wp-json\/wp\/v2\/product\/36380\/revisions"}],"wp:featuredmedia":[{"embeddable":true,"href":"https:\/\/nexgendecors.com\/es\/wp-json\/wp\/v2\/media\/60290"}],"wp:attachment":[{"href":"https:\/\/nexgendecors.com\/es\/wp-json\/wp\/v2\/media?parent=36380"}],"wp:term":[{"taxonomy":"product_brand","embeddable":true,"href":"https:\/\/nexgendecors.com\/es\/wp-json\/wp\/v2\/product_brand?post=36380"},{"taxonomy":"product_cat","embeddable":true,"href":"https:\/\/nexgendecors.com\/es\/wp-json\/wp\/v2\/product_cat?post=36380"},{"taxonomy":"product_tag","embeddable":true,"href":"https:\/\/nexgendecors.com\/es\/wp-json\/wp\/v2\/product_tag?post=36380"}],"curies":[{"name":"wp","href":"https:\/\/api.w.org\/{rel}","templated":true}]}}