{"id":36434,"date":"2025-01-26T01:59:26","date_gmt":"2025-01-26T01:59:26","guid":{"rendered":"https:\/\/nexgendecors.com\/product\/1pc-creative-small-board-stool-cute-rabbit-ears-solid-wood-small-stool-simple-shoe-changing-stool-door-room-stool-decorative-stool1712159584693\/"},"modified":"2025-04-06T07:48:41","modified_gmt":"2025-04-06T07:48:41","slug":"1-taburete-pequeno-creativo-con-orejas-de-conejo-de-madera-maciza-sencillo-para-cambiar-zapatos-para-puerta-o-habitacion-decorativo","status":"publish","type":"product","link":"https:\/\/nexgendecors.com\/es\/product\/1-taburete-pequeno-creativo-con-orejas-de-conejo-de-madera-maciza-sencillo-para-cambiar-zapatos-para-puerta-o-habitacion-decorativo\/","title":{"rendered":"Taburete de madera maciza con orejas de conejo \u2013 Dise\u00f1o creativo"},"content":{"rendered":"<p>Sostenible y resistente: Fabricado con madera contrachapada, nuestro taburete es duradero y ecol\u00f3gico, ofreciendo resistencia sin ser pesado. La madera proviene de bosques gestionados responsablemente, lo que garantiza un impacto ambiental m\u00ednimo y no contribuye a la deforestaci\u00f3n.<br data-mce-fragment=\"1\"><br data-mce-fragment=\"1\">\ud83c\udf81 Regalo perfecto para ni\u00f1os: Consiente a tus hijos con su propio taburete especial para manualidades, lectura, rompecabezas y juegos. Es un complemento vers\u00e1til para el espacio de cualquier ni\u00f1o, ya que ofrece comodidad y apoyo para diversas actividades. \ud83c\udfa8\ud83d\udcda<br data-mce-fragment=\"1\"><br data-mce-fragment=\"1\">\ud83d\udd27 Montaje sencillo: Nuestro taburete se entrega desmontado y es f\u00e1cil de montar con el tornillo de mano incluido, sin necesidad de herramientas. Lo tendr\u00e1s listo en un abrir y cerrar de ojos, para que tu peque\u00f1o lo disfrute. \ud83d\udee0\ufe0f\u23f1\ufe0f<br data-mce-fragment=\"1\"><br data-mce-fragment=\"1\">Dise\u00f1o personalizable: Personaliza nuestro taburete Rabbit para que combine con la decoraci\u00f3n de la habitaci\u00f3n de tu hijo, su dormitorio o su cuarto de juegos. Es f\u00e1cil de pintar, lo que te permite crear un estilo \u00fanico y cohesivo en el espacio de tu peque\u00f1o. \ud83d\udd8c\ufe0f\ud83d\udc07<\/p>","protected":false},"excerpt":{"rendered":"<p>\ud83c\udf3f\ud83c\udf1f Sostenible y resistente: Fabricado con madera contrachapada, nuestro taburete es duradero y ecol\u00f3gico, y ofrece resistencia sin el peso.<\/p>","protected":false},"featured_media":62270,"comment_status":"open","ping_status":"closed","template":"","meta":[],"product_brand":[],"product_cat":[30971,30849],"product_tag":[],"class_list":{"0":"post-36434","1":"product","2":"type-product","3":"status-publish","4":"has-post-thumbnail","6":"product_cat-hp","7":"product_cat-kindergarten-school-furniture","9":"first","10":"instock","11":"taxable","12":"shipping-taxable","13":"purchasable","14":"product-type-variable"},"_links":{"self":[{"href":"https:\/\/nexgendecors.com\/es\/wp-json\/wp\/v2\/product\/36434","targetHints":{"allow":["GET"]}}],"collection":[{"href":"https:\/\/nexgendecors.com\/es\/wp-json\/wp\/v2\/product"}],"about":[{"href":"https:\/\/nexgendecors.com\/es\/wp-json\/wp\/v2\/types\/product"}],"replies":[{"embeddable":true,"href":"https:\/\/nexgendecors.com\/es\/wp-json\/wp\/v2\/comments?post=36434"}],"version-history":[{"count":0,"href":"https:\/\/nexgendecors.com\/es\/wp-json\/wp\/v2\/product\/36434\/revisions"}],"wp:featuredmedia":[{"embeddable":true,"href":"https:\/\/nexgendecors.com\/es\/wp-json\/wp\/v2\/media\/62270"}],"wp:attachment":[{"href":"https:\/\/nexgendecors.com\/es\/wp-json\/wp\/v2\/media?parent=36434"}],"wp:term":[{"taxonomy":"product_brand","embeddable":true,"href":"https:\/\/nexgendecors.com\/es\/wp-json\/wp\/v2\/product_brand?post=36434"},{"taxonomy":"product_cat","embeddable":true,"href":"https:\/\/nexgendecors.com\/es\/wp-json\/wp\/v2\/product_cat?post=36434"},{"taxonomy":"product_tag","embeddable":true,"href":"https:\/\/nexgendecors.com\/es\/wp-json\/wp\/v2\/product_tag?post=36434"}],"curies":[{"name":"wp","href":"https:\/\/api.w.org\/{rel}","templated":true}]}}