{"id":36515,"date":"2025-01-26T01:59:49","date_gmt":"2025-01-26T01:59:49","guid":{"rendered":"https:\/\/nexgendecors.com\/product\/1pc-foyer-shoe-stool-solid-wooden-small-stool-fawn-bench-outdoor-detachable-small-stool-cute-holiday-gift1712155627890\/"},"modified":"2025-04-06T07:49:08","modified_gmt":"2025-04-06T07:49:08","slug":"1-taburete-pequeno-de-madera-maciza-para-vestibulo-banco-de-cervatillo-taburete-pequeno-desmontable-para-exteriores-bonito-regalo-navideno-1712155627890","status":"publish","type":"product","link":"https:\/\/nexgendecors.com\/es\/product\/1-taburete-pequeno-de-madera-maciza-para-vestibulo-banco-de-cervatillo-taburete-pequeno-desmontable-para-exteriores-bonito-regalo-navideno-1712155627890\/","title":{"rendered":"Taburete zapatero de madera color cervatillo: un banco elegante y desmontable"},"content":{"rendered":"<p>**\ud83e\udeb5 Duraderas y resistentes:** Fabricadas con madera maciza de alta calidad con acabado natural, estas sillas est\u00e1n dise\u00f1adas para resistir el uso diario, lo que las convierte en un regalo duradero para toda la vida. Su robusta construcci\u00f3n garantiza un soporte resistente, soportando hasta 181 kg.<br data-mce-fragment=\"1\"><br data-mce-fragment=\"1\">**\ud83d\udee1\ufe0f Seguro y Saludable:** Dise\u00f1ado con bordes redondeados para evitar posibles rayones, patas triangulares engrosadas para reducir el vuelco y mejorar la seguridad, y un respaldo semicircular para proteger la columna vertebral del ni\u00f1o y brindar un asiento c\u00f3modo. El pulido con cera natural ecol\u00f3gica contribuye a sus caracter\u00edsticas saludables.<br data-mce-fragment=\"1\"><br data-mce-fragment=\"1\">**\ud83d\udd27 F\u00e1cil de montar y mantener:** Con solo dos tornillos, estas sillas se montan f\u00e1cilmente. Son r\u00e1pidas y f\u00e1ciles de limpiar y desinfectar, lo que garantiza un mantenimiento sin complicaciones.<br data-mce-fragment=\"1\"><br data-mce-fragment=\"1\">**Aspecto encantador y calidad superior:** Con un dise\u00f1o innovador y atractivo que atrae a los ni\u00f1os, estas sillas est\u00e1n hechas a mano con madera maciza gruesa y de alta calidad, lo que garantiza una calidad y durabilidad superiores.<br data-mce-fragment=\"1\"><br data-mce-fragment=\"1\">**\ud83c\udfe0 Uso en m\u00faltiples situaciones:** El tama\u00f1o de estas sillas infantiles es adecuado para la mayor\u00eda de las mesas infantiles, lo que las hace perfectas para familias, aulas, guarder\u00edas y jardines de infancia. Tambi\u00e9n son ideales para diversas habitaciones, como la habitaci\u00f3n de tu peque\u00f1o, la sala de juegos, el comedor o la sala de estar, ofreciendo versatilidad para diferentes ambientes.<\/p>\n<div><\/div>","protected":false},"excerpt":{"rendered":"<p>**\ud83e\udeb5 Duraderas y resistentes:** Fabricadas con madera maciza de alta calidad con un acabado natural en madera dura, estas sillas est\u00e1n dise\u00f1adas para resistir<\/p>","protected":false},"featured_media":65522,"comment_status":"open","ping_status":"closed","template":"","meta":[],"product_brand":[],"product_cat":[30971,30849],"product_tag":[],"class_list":{"0":"post-36515","1":"product","2":"type-product","3":"status-publish","4":"has-post-thumbnail","6":"product_cat-hp","7":"product_cat-kindergarten-school-furniture","9":"first","10":"instock","11":"taxable","12":"shipping-taxable","13":"purchasable","14":"product-type-simple"},"_links":{"self":[{"href":"https:\/\/nexgendecors.com\/es\/wp-json\/wp\/v2\/product\/36515","targetHints":{"allow":["GET"]}}],"collection":[{"href":"https:\/\/nexgendecors.com\/es\/wp-json\/wp\/v2\/product"}],"about":[{"href":"https:\/\/nexgendecors.com\/es\/wp-json\/wp\/v2\/types\/product"}],"replies":[{"embeddable":true,"href":"https:\/\/nexgendecors.com\/es\/wp-json\/wp\/v2\/comments?post=36515"}],"version-history":[{"count":0,"href":"https:\/\/nexgendecors.com\/es\/wp-json\/wp\/v2\/product\/36515\/revisions"}],"wp:featuredmedia":[{"embeddable":true,"href":"https:\/\/nexgendecors.com\/es\/wp-json\/wp\/v2\/media\/65522"}],"wp:attachment":[{"href":"https:\/\/nexgendecors.com\/es\/wp-json\/wp\/v2\/media?parent=36515"}],"wp:term":[{"taxonomy":"product_brand","embeddable":true,"href":"https:\/\/nexgendecors.com\/es\/wp-json\/wp\/v2\/product_brand?post=36515"},{"taxonomy":"product_cat","embeddable":true,"href":"https:\/\/nexgendecors.com\/es\/wp-json\/wp\/v2\/product_cat?post=36515"},{"taxonomy":"product_tag","embeddable":true,"href":"https:\/\/nexgendecors.com\/es\/wp-json\/wp\/v2\/product_tag?post=36515"}],"curies":[{"name":"wp","href":"https:\/\/api.w.org\/{rel}","templated":true}]}}