{"id":36608,"date":"2025-01-26T02:00:14","date_gmt":"2025-01-26T02:00:14","guid":{"rendered":"https:\/\/nexgendecors.com\/product\/1pc-leather-splicing-round-dressing-stool-fashion-household-small-stool-stool-for-dressing-room-bedroom-shoes-changing-stool1706356823641\/"},"modified":"2025-04-06T07:49:39","modified_gmt":"2025-04-06T07:49:39","slug":"taburete-de-tocador-redondo-con-empalme-de-cuero-taburete-pequeno-de-moda-para-el-hogar-taburete-para-vestidor-dormitorio-cambiador-de-zapatos-1706356823641","status":"publish","type":"product","link":"https:\/\/nexgendecors.com\/es\/product\/taburete-de-tocador-redondo-con-empalme-de-cuero-taburete-pequeno-de-moda-para-el-hogar-taburete-para-vestidor-dormitorio-cambiador-de-zapatos-1706356823641\/","title":{"rendered":"Taburete redondo de cuero para tocador - Elegante y vers\u00e1til"},"content":{"rendered":"<div>\n<p>\ud83c\udf32 <strong>Marco robusto de madera maciza de pino<\/strong>Fabricado \u00edntegramente en madera maciza de pino, nuestro marco garantiza una dureza y estabilidad excepcionales, garantizando un gabinete duradero y resistente. Olv\u00eddese de las deformaciones: este marco de madera maciza mantiene la estabilidad durante toda su larga vida \u00fatil.<\/p>\n<p>\ud83d\udda5\ufe0f <strong>Tablero de roca importado para escritorio<\/strong>El tablero de roca importado distingue a nuestro gabinete, con un dise\u00f1o claro que complementa cualquier estilo de decoraci\u00f3n. No solo es ign\u00edfugo y resistente a altas temperaturas, sino tambi\u00e9n resistente a rayones y f\u00e1cil de limpiar, fabricado con materiales naturales y ecol\u00f3gicos.<\/p>\n<p>\ud83d\udecb\ufe0f <strong>Envuelto en cuero de microfibra<\/strong>Cuidamos cada detalle para garantizar la m\u00e1xima calidad y comodidad. Nuestro gabinete est\u00e1 revestido con cuero de microfibra, que ofrece un tacto suave y delicado, adem\u00e1s de una durabilidad excepcional.<\/p>\n<p>\ud83d\udd01 <strong>Aparador retr\u00e1ctil<\/strong>Disfrute de la flexibilidad de un aparador retr\u00e1ctil, que permite una ubicaci\u00f3n personalizable para adaptarse a cualquier espacio. Mu\u00e9valo a la izquierda o a la derecha seg\u00fan sus necesidades para obtener opciones de almacenamiento vers\u00e1tiles, perfecto como mesita de noche con amplio espacio de almacenamiento.<\/p>\n<p>\ud83d\udca1 <strong>Espejo LED<\/strong>Ilumina tu belleza con el espejo LED de nuestro gabinete, con una abertura en forma de anillo para una iluminaci\u00f3n uniforme de la piel. Disfruta de un reflejo de alta definici\u00f3n que restaura tu rostro a la perfecci\u00f3n. Gracias a su dise\u00f1o extra\u00edble, puedes colocar el espejo donde quieras.<\/p>\n<\/div>","protected":false},"excerpt":{"rendered":"<p>\ud83c\udf32 Robusto marco de madera maciza de pino: Hecho a mano de toda la madera de pino macizo, nuestro marco asegura dureza y estabilidad excepcionales, garantizando<\/p>","protected":false},"featured_media":69042,"comment_status":"open","ping_status":"closed","template":"","meta":[],"product_brand":[],"product_cat":[30971,32],"product_tag":[],"class_list":{"0":"post-36608","1":"product","2":"type-product","3":"status-publish","4":"has-post-thumbnail","6":"product_cat-hp","7":"product_cat-residential-furniture","9":"first","10":"instock","11":"sale","12":"taxable","13":"shipping-taxable","14":"purchasable","15":"product-type-simple"},"_links":{"self":[{"href":"https:\/\/nexgendecors.com\/es\/wp-json\/wp\/v2\/product\/36608","targetHints":{"allow":["GET"]}}],"collection":[{"href":"https:\/\/nexgendecors.com\/es\/wp-json\/wp\/v2\/product"}],"about":[{"href":"https:\/\/nexgendecors.com\/es\/wp-json\/wp\/v2\/types\/product"}],"replies":[{"embeddable":true,"href":"https:\/\/nexgendecors.com\/es\/wp-json\/wp\/v2\/comments?post=36608"}],"version-history":[{"count":0,"href":"https:\/\/nexgendecors.com\/es\/wp-json\/wp\/v2\/product\/36608\/revisions"}],"wp:featuredmedia":[{"embeddable":true,"href":"https:\/\/nexgendecors.com\/es\/wp-json\/wp\/v2\/media\/69042"}],"wp:attachment":[{"href":"https:\/\/nexgendecors.com\/es\/wp-json\/wp\/v2\/media?parent=36608"}],"wp:term":[{"taxonomy":"product_brand","embeddable":true,"href":"https:\/\/nexgendecors.com\/es\/wp-json\/wp\/v2\/product_brand?post=36608"},{"taxonomy":"product_cat","embeddable":true,"href":"https:\/\/nexgendecors.com\/es\/wp-json\/wp\/v2\/product_cat?post=36608"},{"taxonomy":"product_tag","embeddable":true,"href":"https:\/\/nexgendecors.com\/es\/wp-json\/wp\/v2\/product_tag?post=36608"}],"curies":[{"name":"wp","href":"https:\/\/api.w.org\/{rel}","templated":true}]}}