{"id":36650,"date":"2025-01-26T02:00:27","date_gmt":"2025-01-26T02:00:27","guid":{"rendered":"https:\/\/nexgendecors.com\/product\/1pc-night-stand-bedside-table-with-drawers-nightstand-with-2-drawers-and-an-open-cubby-wooden-bedside-table-for-bedroom-office-or-living-room-no-need-to-install-natural-wood-color-48cm18-89h1706356"},"modified":"2025-04-06T07:49:49","modified_gmt":"2025-04-06T07:49:49","slug":"1-mesita-de-noche-con-cajones-mesita-de-noche-con-2-cajones-y-un-compartimento-abierto-mesita-de-noche-de-madera-para-dormitorio-oficina-o-sala-de-estar-no-es-necesario-instalar-color-madera-natu","status":"publish","type":"product","link":"https:\/\/nexgendecors.com\/es\/product\/1-mesita-de-noche-con-cajones-mesita-de-noche-con-2-cajones-y-un-compartimento-abierto-mesita-de-noche-de-madera-para-dormitorio-oficina-o-sala-de-estar-no-es-necesario-instalar-color-madera-natu\/","title":{"rendered":"Mesita de noche de madera natural con 2 cajones y compartimento abierto"},"content":{"rendered":"<div>\n<p>\ud83d\uddc4\ufe0f <strong>Dise\u00f1o de cajones y estantes deslizantes:<\/strong> Disfruta de un amplio espacio de almacenamiento y orden con nuestro innovador dise\u00f1o de cajones y estantes deslizantes. Organiza tus pertenencias de forma eficiente para un ambiente ordenado.<\/p>\n<p>\ud83d\udecf\ufe0f <strong>Mesita de noche con cajones:<\/strong> Esta vers\u00e1til mesita de noche cuenta con pr\u00e1cticos cajones para guardar elementos esenciales como libros, cargadores y m\u00e1s, manteni\u00e9ndolos a mano.<\/p>\n<p>\ud83d\udce6 <strong>Compartimentos abiertos y rejilla:<\/strong> Se proporciona espacio de almacenamiento adicional mediante compartimentos abiertos y un dise\u00f1o de rejilla, perfecto para exhibir art\u00edculos decorativos o almacenar art\u00edculos de uso frecuente.<\/p>\n<p>\ud83d\udcaa <strong>Marco de acero de alta resistencia:<\/strong> Disfrute de la estabilidad y robustez de nuestra mesa, gracias a su robusta estructura de acero. Garantiza durabilidad y fiabilidad para un uso prolongado.<\/p>\n<p>\ud83c\udfa8 <strong>Escritorio r\u00fastico resistente a ara\u00f1azos:<\/strong> El escritorio r\u00fastico no solo es elegante, sino tambi\u00e9n resistente a los ara\u00f1azos, lo que garantiza un aspecto impecable incluso despu\u00e9s del uso diario. F\u00e1cil de limpiar, ofrece un mantenimiento sencillo para su comodidad.<\/p>\n<\/div>","protected":false},"excerpt":{"rendered":"<p>\ud83d\uddc4\ufe0f Dise\u00f1o de caj\u00f3n y estante deslizante: disfrute de un amplio almacenamiento y un espacio ordenado con nuestro innovador caj\u00f3n y estante deslizante.<\/p>","protected":false},"featured_media":70203,"comment_status":"open","ping_status":"closed","template":"","meta":[],"product_brand":[],"product_cat":[30858,30971,30867],"product_tag":[],"class_list":{"0":"post-36650","1":"product","2":"type-product","3":"status-publish","4":"has-post-thumbnail","6":"product_cat-wholesale-bedroom","7":"product_cat-hp","8":"product_cat-nightstands","10":"first","11":"instock","12":"sale","13":"taxable","14":"shipping-taxable","15":"purchasable","16":"product-type-variable"},"_links":{"self":[{"href":"https:\/\/nexgendecors.com\/es\/wp-json\/wp\/v2\/product\/36650","targetHints":{"allow":["GET"]}}],"collection":[{"href":"https:\/\/nexgendecors.com\/es\/wp-json\/wp\/v2\/product"}],"about":[{"href":"https:\/\/nexgendecors.com\/es\/wp-json\/wp\/v2\/types\/product"}],"replies":[{"embeddable":true,"href":"https:\/\/nexgendecors.com\/es\/wp-json\/wp\/v2\/comments?post=36650"}],"version-history":[{"count":0,"href":"https:\/\/nexgendecors.com\/es\/wp-json\/wp\/v2\/product\/36650\/revisions"}],"wp:featuredmedia":[{"embeddable":true,"href":"https:\/\/nexgendecors.com\/es\/wp-json\/wp\/v2\/media\/70203"}],"wp:attachment":[{"href":"https:\/\/nexgendecors.com\/es\/wp-json\/wp\/v2\/media?parent=36650"}],"wp:term":[{"taxonomy":"product_brand","embeddable":true,"href":"https:\/\/nexgendecors.com\/es\/wp-json\/wp\/v2\/product_brand?post=36650"},{"taxonomy":"product_cat","embeddable":true,"href":"https:\/\/nexgendecors.com\/es\/wp-json\/wp\/v2\/product_cat?post=36650"},{"taxonomy":"product_tag","embeddable":true,"href":"https:\/\/nexgendecors.com\/es\/wp-json\/wp\/v2\/product_tag?post=36650"}],"curies":[{"name":"wp","href":"https:\/\/api.w.org\/{rel}","templated":true}]}}