{"id":36656,"date":"2025-01-26T02:00:28","date_gmt":"2025-01-26T02:00:28","guid":{"rendered":"https:\/\/nexgendecors.com\/product\/1pc-nordic-style-rattan-braided-round-side-table-shell-decor-round-sofa-side-table-small-coffee-table-for-living-room-balcony1706356823616\/"},"modified":"2025-04-06T07:49:53","modified_gmt":"2025-04-06T07:49:53","slug":"1pc-nordic-style-rattan-braided-round-side-table-shell-decor-round-sofa-side-table-small-coffee-table-for-living-room-balcony1706356823616","status":"publish","type":"product","link":"https:\/\/nexgendecors.com\/es\/product\/1pc-nordic-style-rattan-braided-round-side-table-shell-decor-round-sofa-side-table-small-coffee-table-for-living-room-balcony1706356823616\/","title":{"rendered":"Mesa auxiliar redonda trenzada de rat\u00e1n n\u00f3rdico para sal\u00f3n"},"content":{"rendered":"<div>\n<p>\ud83c\udf1f <strong>Multifunctional Nightstand:<\/strong> Experience superior stability and versatility with our nightstand, perfect for various uses including as a couch table, sofa laptop table, bedside laptop desk, overbed tray, TV tray for eating, and more.<\/p>\n<p>\ud83d\udcd0 <strong>Large Size Tabletop:<\/strong> Enjoy ample space with our coffee table, providing the ideal surface for activities like drawing and reading. Its spacious tabletop also offers convenient storage for your laptop, coffee, snacks, and more.<\/p>\n<p>\ud83d\udd04 <strong>Dise\u00f1o que ahorra espacio:<\/strong> Maximize your space with our compact end table, easily sliding underneath a sofa, couch, or bed. Despite its small footprint, it provides easy access to your essentials like laptops, coffee, snacks, and magazines.<\/p>\n<p>\ud83d\udecf\ufe0f <strong>Keep Tidy Bedside Table:<\/strong> Keep your bedside essentials organized and within reach with our nightstand. Perfect for storing items like smartphones, alarm clocks, journals, magazines, books, and beverages, it offers endless organizational possibilities for a tidy room.<\/p>\n<p>\ud83d\udd27 <strong>Functional &#038; Versatile:<\/strong> Create stylish and functional side tables in any room with our versatile nightstand. Suitable for children, teens, and adults, it&#8217;s perfect for bedrooms, bathrooms, guest rooms, nurseries, playrooms, and entryways. Ideal for dorm rooms, apartments, condos, and cabins, it adds both style and organization to your space.<\/p>\n<\/div>","protected":false},"excerpt":{"rendered":"<p>\ud83c\udf1f Mesilla de noche multifuncional: Experimenta una estabilidad y versatilidad superiores con nuestra mesita de noche, perfecta para varios usos, incluso como mesa de sof\u00e1,<\/p>","protected":false},"featured_media":70379,"comment_status":"open","ping_status":"closed","template":"","meta":[],"product_brand":[],"product_cat":[30971,32],"product_tag":[],"class_list":{"0":"post-36656","1":"product","2":"type-product","3":"status-publish","4":"has-post-thumbnail","6":"product_cat-hp","7":"product_cat-residential-furniture","9":"first","10":"instock","11":"sale","12":"taxable","13":"shipping-taxable","14":"purchasable","15":"product-type-variable"},"_links":{"self":[{"href":"https:\/\/nexgendecors.com\/es\/wp-json\/wp\/v2\/product\/36656","targetHints":{"allow":["GET"]}}],"collection":[{"href":"https:\/\/nexgendecors.com\/es\/wp-json\/wp\/v2\/product"}],"about":[{"href":"https:\/\/nexgendecors.com\/es\/wp-json\/wp\/v2\/types\/product"}],"replies":[{"embeddable":true,"href":"https:\/\/nexgendecors.com\/es\/wp-json\/wp\/v2\/comments?post=36656"}],"version-history":[{"count":0,"href":"https:\/\/nexgendecors.com\/es\/wp-json\/wp\/v2\/product\/36656\/revisions"}],"wp:featuredmedia":[{"embeddable":true,"href":"https:\/\/nexgendecors.com\/es\/wp-json\/wp\/v2\/media\/70379"}],"wp:attachment":[{"href":"https:\/\/nexgendecors.com\/es\/wp-json\/wp\/v2\/media?parent=36656"}],"wp:term":[{"taxonomy":"product_brand","embeddable":true,"href":"https:\/\/nexgendecors.com\/es\/wp-json\/wp\/v2\/product_brand?post=36656"},{"taxonomy":"product_cat","embeddable":true,"href":"https:\/\/nexgendecors.com\/es\/wp-json\/wp\/v2\/product_cat?post=36656"},{"taxonomy":"product_tag","embeddable":true,"href":"https:\/\/nexgendecors.com\/es\/wp-json\/wp\/v2\/product_tag?post=36656"}],"curies":[{"name":"wp","href":"https:\/\/api.w.org\/{rel}","templated":true}]}}