{"id":36708,"date":"2025-01-26T02:00:42","date_gmt":"2025-01-26T02:00:42","guid":{"rendered":"https:\/\/nexgendecors.com\/product\/1pc-rocking-chair-for-nursery-teddy-upholstered-glider-with-high-backrest-padded-seat-modern-accent-recliner-comfy-cushion-reading-rocker-armchair1711880204492\/"},"modified":"2025-04-06T07:50:08","modified_gmt":"2025-04-06T07:50:08","slug":"1pc-rocking-chair-for-nursery-teddy-upholstered-glider-with-high-backrest-padded-seat-modern-accent-recliner-comfy-cushion-reading-rocker-armchair1711880204492","status":"publish","type":"product","link":"https:\/\/nexgendecors.com\/es\/product\/1pc-rocking-chair-for-nursery-teddy-upholstered-glider-with-high-backrest-padded-seat-modern-accent-recliner-comfy-cushion-reading-rocker-armchair1711880204492\/","title":{"rendered":"Mecedora tapizada de osito de peluche para habitaci\u00f3n infantil \u2013 Mecedora moderna"},"content":{"rendered":"<div class=\"flex-1 overflow-hidden\" data-mce-fragment=\"1\">\n<div class=\"react-scroll-to-bottom--css-pyouc-79elbk h-full\" data-mce-fragment=\"1\">\n<div class=\"react-scroll-to-bottom--css-pyouc-1n7m0yu\" data-mce-fragment=\"1\">\n<div data-mce-fragment=\"1\">\n<div class=\"flex flex-col text-sm pb-9\" data-mce-fragment=\"1\">\n<div class=\"w-full text-token-text-primary\" dir=\"auto\" data-testid=\"conversation-turn-25\" data-mce-fragment=\"1\">\n<div class=\"px-4 py-2 justify-center text-base md:gap-6 m-auto\" data-mce-fragment=\"1\">\n<div class=\"flex flex-1 text-base mx-auto gap-3 juice:gap-4 juice:md:gap-6 md:px-5 lg:px-1 xl:px-5 md:max-w-3xl lg:max-w-[40rem] xl:max-w-[48rem]\" data-mce-fragment=\"1\">\n<div class=\"relative flex w-full flex-col agent-turn\" data-mce-fragment=\"1\">\n<div class=\"flex-col gap-1 md:gap-3\" data-mce-fragment=\"1\">\n<div class=\"flex flex-grow flex-col max-w-full\" data-mce-fragment=\"1\">\n<div data-message-author-role=\"assistant\" data-message-id=\"93130c3a-198a-4ae6-b6a7-1b0f71ad2b2e\" dir=\"auto\" class=\"min-h-[20px] text-message flex flex-col items-start gap-3 whitespace-pre-wrap break-words [.text-message+&#038;]:mt-5 overflow-x-auto\" data-mce-fragment=\"1\">\n<div class=\"markdown prose w-full break-words dark:prose-invert light\" data-mce-fragment=\"1\">\n<p data-mce-fragment=\"1\">\ud83d\udc3b <strong data-mce-fragment=\"1\">Modern Teddy Fabric Nursery Rocker<\/strong>: Elevate your nursery with our stylish rocking chair featuring teddy fabric upholstery. Super soft and skin-friendly, it&#8217;s perfect for any space, from the front porch to the bedroom, living room, or nursery. \ud83c\udfe1\ud83d\udc76<\/p>\n<p data-mce-fragment=\"1\">\ud83e\ude91 <strong data-mce-fragment=\"1\">Ergonomic and Comfortable<\/strong>: Experience ultimate comfort with our high backrest and armrests, providing excellent support for your arms, back, and head. Whether it&#8217;s late-night feedings, nursery rhyme recitals, or a well-deserved snooze, this chair has you covered. \ud83d\udca4\ud83c\udfb6<\/p>\n<p data-mce-fragment=\"1\">\ud83d\udecb\ufe0f <strong data-mce-fragment=\"1\">Soft and Supportive Seat<\/strong>: Sink into luxury with our thick cushion filled with high-density sponge. Soft, comfy, and resistant to collapsing, it&#8217;s perfect for gently rocking baby to sleep or unwinding after a long day of work. \ud83c\udf1f\ud83d\udc76<\/p>\n<p data-mce-fragment=\"1\">\ud83d\udcaa <strong data-mce-fragment=\"1\">Sturdy and Durable Frame<\/strong>: Crafted from steel and solid wood, our chair ensures exceptional stability and a high load capacity of 250 lbs. Long wood curved legs with foot pads protect your floor from scratches and scuffs. \ud83c\udf33\ud83d\udd29<\/p>\n<p data-mce-fragment=\"1\">\ud83d\udd27 <strong data-mce-fragment=\"1\">Easy to Install<\/strong>: Assembly is a breeze with our glider chair. Detailed installation instructions and all necessary tools are provided, making setup a hassle-free experience. Overall dimensions: 37.7&#8243;(L) x 24.2&#8243;(W) x 35.8&#8243;(H). \ud83d\udee0\ufe0f\ud83d\udccf<\/p>\n<\/div>\n<\/div>\n<\/div>\n<\/div>\n<\/div>\n<\/div>\n<\/div>\n<\/div>\n<\/div>\n<\/div>\n<\/div>\n<\/div>\n<\/div>\n<div><\/div>","protected":false},"excerpt":{"rendered":"<p>Mecedora moderna de tela de osito para habitaci\u00f3n infantil: Dale un toque de distinci\u00f3n a la habitaci\u00f3n de tu beb\u00e9 con nuestra elegante mecedora con tapizado de tela de osito. S\u00faper suave.<\/p>","protected":false},"featured_media":72409,"comment_status":"open","ping_status":"closed","template":"","meta":[],"product_brand":[],"product_cat":[30811,30971,30846,32],"product_tag":[],"class_list":{"0":"post-36708","1":"product","2":"type-product","3":"status-publish","4":"has-post-thumbnail","6":"product_cat-armchairs","7":"product_cat-hp","8":"product_cat-living-room","9":"product_cat-residential-furniture","11":"first","12":"instock","13":"sale","14":"taxable","15":"shipping-taxable","16":"purchasable","17":"product-type-variable"},"_links":{"self":[{"href":"https:\/\/nexgendecors.com\/es\/wp-json\/wp\/v2\/product\/36708","targetHints":{"allow":["GET"]}}],"collection":[{"href":"https:\/\/nexgendecors.com\/es\/wp-json\/wp\/v2\/product"}],"about":[{"href":"https:\/\/nexgendecors.com\/es\/wp-json\/wp\/v2\/types\/product"}],"replies":[{"embeddable":true,"href":"https:\/\/nexgendecors.com\/es\/wp-json\/wp\/v2\/comments?post=36708"}],"version-history":[{"count":0,"href":"https:\/\/nexgendecors.com\/es\/wp-json\/wp\/v2\/product\/36708\/revisions"}],"wp:featuredmedia":[{"embeddable":true,"href":"https:\/\/nexgendecors.com\/es\/wp-json\/wp\/v2\/media\/72409"}],"wp:attachment":[{"href":"https:\/\/nexgendecors.com\/es\/wp-json\/wp\/v2\/media?parent=36708"}],"wp:term":[{"taxonomy":"product_brand","embeddable":true,"href":"https:\/\/nexgendecors.com\/es\/wp-json\/wp\/v2\/product_brand?post=36708"},{"taxonomy":"product_cat","embeddable":true,"href":"https:\/\/nexgendecors.com\/es\/wp-json\/wp\/v2\/product_cat?post=36708"},{"taxonomy":"product_tag","embeddable":true,"href":"https:\/\/nexgendecors.com\/es\/wp-json\/wp\/v2\/product_tag?post=36708"}],"curies":[{"name":"wp","href":"https:\/\/api.w.org\/{rel}","templated":true}]}}