{"id":36727,"date":"2025-01-26T02:00:49","date_gmt":"2025-01-26T02:00:49","guid":{"rendered":"https:\/\/nexgendecors.com\/product\/1pc-single-seat-sofa-for-room-decor-cute-mini-couch-for-bedroom1711880169631\/"},"modified":"2025-04-06T07:50:14","modified_gmt":"2025-04-06T07:50:14","slug":"1-sofa-individual-para-decoracion-de-habitacion-bonito-mini-sofa-para-dormitorio-1711880169631","status":"publish","type":"product","link":"https:\/\/nexgendecors.com\/es\/product\/1-sofa-individual-para-decoracion-de-habitacion-bonito-mini-sofa-para-dormitorio-1711880169631\/","title":{"rendered":"Bonito mini sof\u00e1: sof\u00e1 individual para decorar el dormitorio"},"content":{"rendered":"<p data-mce-fragment=\"1\">\ud83d\udecb\ufe0f <strong data-mce-fragment=\"1\">Estilo moderno<\/strong>Fabricado en suave tela sherpa, este juego de sillas decorativas presenta una forma moderna con un coj\u00edn de asiento de alta densidad, patas de madera maciza y un respaldo curvo y abierto para un soporte \u00f3ptimo. Su tela de alta calidad a\u00f1ade sofisticaci\u00f3n a cualquier decoraci\u00f3n.<\/p>\n<p data-mce-fragment=\"1\">\ud83d\udcaa <strong data-mce-fragment=\"1\">Resistente y duradero<\/strong>Con una estructura robusta y materiales de alta calidad, este conjunto de sill\u00f3n sin brazos y sof\u00e1 color crema garantiza una larga duraci\u00f3n. El material hipoalerg\u00e9nico proporciona comodidad y suavidad, mientras que las patas de madera maciza texturizada con almohadillas antideslizantes ofrecen estabilidad y reducen la fricci\u00f3n con el suelo.<\/p>\n<p data-mce-fragment=\"1\">\ud83c\udfe0 <strong data-mce-fragment=\"1\">Uso amplio<\/strong>Esta silla sin brazos de felpa de tela sherpa es vers\u00e1til y se adapta a diversas habitaciones de tu hogar, como la sala, el estudio, el dormitorio, el comedor, el tocador y el vestidor. Su dise\u00f1o elegante y atractivo complementa cualquier espacio.<\/p>\n<p data-mce-fragment=\"1\">\ud83d\udee0\ufe0f <strong data-mce-fragment=\"1\">F\u00e1cil montaje<\/strong>Ahorra tiempo con las sencillas instrucciones de montaje incluidas en el manual. Instalar las cuatro patas de madera maciza es r\u00e1pido y sencillo, lo que te permitir\u00e1 disfrutar de tu encantadora silla decorativa en un abrir y cerrar de ojos.<\/p>\n<div><\/div>","protected":false},"excerpt":{"rendered":"<p>Estilo moderno: confeccionado con suave tela sherpa, este juego de sillas decorativas cuenta con una forma moderna con un asiento de alta densidad.<\/p>","protected":false},"featured_media":73902,"comment_status":"open","ping_status":"closed","template":"","meta":[],"product_brand":[],"product_cat":[30971,30837,30849],"product_tag":[],"class_list":{"0":"post-36727","1":"product","2":"type-product","3":"status-publish","4":"has-post-thumbnail","6":"product_cat-hp","7":"product_cat-kids-sofa","8":"product_cat-kindergarten-school-furniture","10":"first","11":"instock","12":"taxable","13":"shipping-taxable","14":"purchasable","15":"product-type-variable"},"_links":{"self":[{"href":"https:\/\/nexgendecors.com\/es\/wp-json\/wp\/v2\/product\/36727","targetHints":{"allow":["GET"]}}],"collection":[{"href":"https:\/\/nexgendecors.com\/es\/wp-json\/wp\/v2\/product"}],"about":[{"href":"https:\/\/nexgendecors.com\/es\/wp-json\/wp\/v2\/types\/product"}],"replies":[{"embeddable":true,"href":"https:\/\/nexgendecors.com\/es\/wp-json\/wp\/v2\/comments?post=36727"}],"version-history":[{"count":0,"href":"https:\/\/nexgendecors.com\/es\/wp-json\/wp\/v2\/product\/36727\/revisions"}],"wp:featuredmedia":[{"embeddable":true,"href":"https:\/\/nexgendecors.com\/es\/wp-json\/wp\/v2\/media\/73902"}],"wp:attachment":[{"href":"https:\/\/nexgendecors.com\/es\/wp-json\/wp\/v2\/media?parent=36727"}],"wp:term":[{"taxonomy":"product_brand","embeddable":true,"href":"https:\/\/nexgendecors.com\/es\/wp-json\/wp\/v2\/product_brand?post=36727"},{"taxonomy":"product_cat","embeddable":true,"href":"https:\/\/nexgendecors.com\/es\/wp-json\/wp\/v2\/product_cat?post=36727"},{"taxonomy":"product_tag","embeddable":true,"href":"https:\/\/nexgendecors.com\/es\/wp-json\/wp\/v2\/product_tag?post=36727"}],"curies":[{"name":"wp","href":"https:\/\/api.w.org\/{rel}","templated":true}]}}