{"id":36757,"date":"2025-01-26T02:00:58","date_gmt":"2025-01-26T02:00:58","guid":{"rendered":"https:\/\/nexgendecors.com\/product\/1pc-toy-storage-box-large-particle-building-blocks-storage-bin-parts-sorting-box-extra-large-capacity-building-blocks-sorting-box-home-organization-and-storage-supplies-for-bedroom-living-room-play"},"modified":"2025-04-06T07:50:28","modified_gmt":"2025-04-06T07:50:28","slug":"1-caja-de-almacenamiento-de-juguetes-contenedor-de-almacenamiento-de-bloques-de-construccion-de-particulas-grandes-caja-de-clasificacion-de-piezas-caja-de-clasificacion-de-bloques-de-construccion-d","status":"publish","type":"product","link":"https:\/\/nexgendecors.com\/es\/product\/1-caja-de-almacenamiento-de-juguetes-contenedor-de-almacenamiento-de-bloques-de-construccion-de-particulas-grandes-caja-de-clasificacion-de-piezas-caja-de-clasificacion-de-bloques-de-construccion-d\/","title":{"rendered":"Caja grande para guardar juguetes, bloques de construcci\u00f3n y materiales de arte"},"content":{"rendered":"<p data-mce-fragment=\"1\">\ud83c\udf89 <strong data-mce-fragment=\"1\">Organizador de almacenamiento de Lego apilable y compartimentado<\/strong><\/p>\n<p data-mce-fragment=\"1\">\ud83d\udd28 <strong data-mce-fragment=\"1\">Opciones de almacenamiento vers\u00e1tiles<\/strong>Nuestros contenedores de almacenamiento cuentan con tres niveles apilables, cada uno con compartimentos ajustables, lo que ofrece soluciones flexibles para guardar Lego y otros juguetes. Personaliza los espacios seg\u00fan el tama\u00f1o de los juguetes para una f\u00e1cil organizaci\u00f3n.<\/p>\n<p data-mce-fragment=\"1\">\ud83d\udcaa <strong data-mce-fragment=\"1\">Robusto y port\u00e1til<\/strong>Fabricado con pl\u00e1stico PP resistente e irrompible, nuestro ba\u00fal para juguetes garantiza un uso prolongado. Los clips de seguridad aseguran cada capa, evitando que los art\u00edculos se deslicen. El asa de la tapa facilita su transporte, ideal para usar en diversas habitaciones de la casa.<\/p>\n<p data-mce-fragment=\"1\">\ud83c\udfd7\ufe0f <strong data-mce-fragment=\"1\">Tapas de placa base de bloques de construcci\u00f3n creativos<\/strong>Transforma la tapa en una superficie de construcci\u00f3n con las placas incluidas, fomentando el juego imaginativo y una creatividad sin l\u00edmites. Deja que tu hijo construya y explore sin l\u00edmites con nuestro ba\u00fal port\u00e1til para juguetes.<\/p>\n<p data-mce-fragment=\"1\">\ud83c\udfe0 <strong data-mce-fragment=\"1\">Organizaci\u00f3n multifuncional del hogar<\/strong>Este organizador de almacenamiento no es solo para Legos; es perfecto para guardar cuentas, joyas, figuras, materiales de manualidades, juegos, libros para colorear, mu\u00f1ecas y m\u00e1s. Dile adi\u00f3s al desorden y hola a los espacios ordenados con nuestro vers\u00e1til ba\u00fal de juguetes.<\/p>\n<div><\/div>","protected":false},"excerpt":{"rendered":"<p>\ud83c\udf89 Organizador de almacenamiento de Lego apilable y compartimentado \ud83d\udd28 Opciones de almacenamiento vers\u00e1tiles: Nuestros contenedores de almacenamiento cuentan con tres capas apilables, cada una con<\/p>","protected":false},"featured_media":75272,"comment_status":"open","ping_status":"closed","template":"","meta":[],"product_brand":[],"product_cat":[30971,30838,30849],"product_tag":[],"class_list":{"0":"post-36757","1":"product","2":"type-product","3":"status-publish","4":"has-post-thumbnail","6":"product_cat-hp","7":"product_cat-kids-storage-orgganizer","8":"product_cat-kindergarten-school-furniture","10":"first","11":"instock","12":"taxable","13":"shipping-taxable","14":"purchasable","15":"product-type-variable"},"_links":{"self":[{"href":"https:\/\/nexgendecors.com\/es\/wp-json\/wp\/v2\/product\/36757","targetHints":{"allow":["GET"]}}],"collection":[{"href":"https:\/\/nexgendecors.com\/es\/wp-json\/wp\/v2\/product"}],"about":[{"href":"https:\/\/nexgendecors.com\/es\/wp-json\/wp\/v2\/types\/product"}],"replies":[{"embeddable":true,"href":"https:\/\/nexgendecors.com\/es\/wp-json\/wp\/v2\/comments?post=36757"}],"version-history":[{"count":0,"href":"https:\/\/nexgendecors.com\/es\/wp-json\/wp\/v2\/product\/36757\/revisions"}],"wp:featuredmedia":[{"embeddable":true,"href":"https:\/\/nexgendecors.com\/es\/wp-json\/wp\/v2\/media\/75272"}],"wp:attachment":[{"href":"https:\/\/nexgendecors.com\/es\/wp-json\/wp\/v2\/media?parent=36757"}],"wp:term":[{"taxonomy":"product_brand","embeddable":true,"href":"https:\/\/nexgendecors.com\/es\/wp-json\/wp\/v2\/product_brand?post=36757"},{"taxonomy":"product_cat","embeddable":true,"href":"https:\/\/nexgendecors.com\/es\/wp-json\/wp\/v2\/product_cat?post=36757"},{"taxonomy":"product_tag","embeddable":true,"href":"https:\/\/nexgendecors.com\/es\/wp-json\/wp\/v2\/product_tag?post=36757"}],"curies":[{"name":"wp","href":"https:\/\/api.w.org\/{rel}","templated":true}]}}