{"id":37245,"date":"2025-01-26T02:02:50","date_gmt":"2025-01-26T02:02:50","guid":{"rendered":"https:\/\/nexgendecors.com\/product\/304-stainless-steel-nano-waterfall-sink-with-drainage-on-the-left-side-kitchen-sink-large-single-trough-vegetable-sink-2\/"},"modified":"2025-03-08T07:35:45","modified_gmt":"2025-03-08T07:35:45","slug":"304-stainless-steel-nano-waterfall-sink-with-drainage-on-the-left-side-kitchen-sink-large-single-trough-vegetable-sink-2","status":"publish","type":"product","link":"https:\/\/nexgendecors.com\/es\/product\/304-stainless-steel-nano-waterfall-sink-with-drainage-on-the-left-side-kitchen-sink-large-single-trough-vegetable-sink-2\/","title":{"rendered":"Fregadero de acero inoxidable 304 con canaleta nano y desag\u00fce izquierdo"},"content":{"rendered":"<ul>\n<li>\n<strong>forma<\/strong>:Grifo de cascada<\/li>\n<li>\n<strong>marca<\/strong>:Bichen (materiales de decoraci\u00f3n del hogar)<\/li>\n<li>\n<strong>modelo<\/strong>:750*460<\/li>\n<li>\n<strong>Material<\/strong>:Acero inoxidable<\/li>\n<li>\n<strong>Origen<\/strong>:China continental<\/li>\n<li>\n<strong>provincia<\/strong>:Provincia de Guangdong<\/li>\n<li>\n<strong>ciudad<\/strong>:Jiangmen<\/li>\n<li>\n<strong>ordenar por color<\/strong>:Paquete b\u00e1sico de drenaje izquierdo A 68*46 Paquete b\u00e1sico de drenaje izquierdo B 68*46 Paquete b\u00e1sico de drenaje izquierdo C 68*46 Paquete exclusivo de drenaje izquierdo A 68*46 Paquete exclusivo de drenaje izquierdo B 68*46 Paquete de lujo de drenaje izquierdo A 68*46 Paquete de lujo de drenaje izquierdo B 68*46 Paquete de lujo de drenaje izquierdo C 68*46 Paquete de lujo de drenaje izquierdo D 68*46 Paquete supremo de drenaje izquierdo A 68*46 Paquete supremo de drenaje izquierdo B 68*46 Paquete supremo de drenaje izquierdo C 68*46 Paquete b\u00e1sico de drenaje izquierdo A 75*46 Paquete b\u00e1sico de drenaje izquierdo B 75*46 Paquete b\u00e1sico de drenaje izquierdo C 75*46 Paquete exclusivo de drenaje izquierdo A 75*46 Paquete exclusivo de drenaje izquierdo B 75*46 Paquete de lujo de drenaje izquierdo A 75*46 Paquete de lujo de drenaje izquierdo B 75*46 Paquete de lujo de drenaje izquierdo C 75*46 Paquete de lujo de drenaje izquierdo D 75*46 Paquete supremo de drenaje izquierdo A 75*46 Drenaje del lado izquierdo Paquete supremo B 75*46 Drenaje del lado izquierdo Paquete supremo C 75*46<\/li>\n<li>\n<strong>Servicio en la ciudad<\/strong>:Log\u00edstica intraurbana de entrega puerta a puerta<\/li>\n<li>\n<strong>El paquete incluye<\/strong>:Con otros accesorios Con escurridor Con dispensador de jab\u00f3n Con grifo<\/li>\n<li>\n<strong>N\u00famero de ranuras<\/strong>:1<\/li>\n<li>\n<strong>tama\u00f1o<\/strong>:750x460x220mm<\/li>\n<\/ul>\n<p><img><\/p>","protected":false},"excerpt":{"rendered":"<p>Forma: grifo de cascada Marca: Bichen (materiales de decoraci\u00f3n del hogar) Modelo: 750*460 Material: acero inoxidable Origen: China continental Provincia: provincia de Guangdong Ciudad: Jiangmen Ordenar por color: paquete b\u00e1sico de drenaje izquierdo<\/p>","protected":false},"featured_media":88427,"comment_status":"open","ping_status":"closed","template":"","meta":[],"product_brand":[],"product_cat":[30971,873],"product_tag":[],"class_list":{"0":"post-37245","1":"product","2":"type-product","3":"status-publish","4":"has-post-thumbnail","6":"product_cat-hp","7":"product_cat-wholesale-kitchen-sink","9":"first","10":"instock","11":"taxable","12":"shipping-taxable","13":"purchasable","14":"product-type-variable"},"_links":{"self":[{"href":"https:\/\/nexgendecors.com\/es\/wp-json\/wp\/v2\/product\/37245","targetHints":{"allow":["GET"]}}],"collection":[{"href":"https:\/\/nexgendecors.com\/es\/wp-json\/wp\/v2\/product"}],"about":[{"href":"https:\/\/nexgendecors.com\/es\/wp-json\/wp\/v2\/types\/product"}],"replies":[{"embeddable":true,"href":"https:\/\/nexgendecors.com\/es\/wp-json\/wp\/v2\/comments?post=37245"}],"version-history":[{"count":0,"href":"https:\/\/nexgendecors.com\/es\/wp-json\/wp\/v2\/product\/37245\/revisions"}],"wp:featuredmedia":[{"embeddable":true,"href":"https:\/\/nexgendecors.com\/es\/wp-json\/wp\/v2\/media\/88427"}],"wp:attachment":[{"href":"https:\/\/nexgendecors.com\/es\/wp-json\/wp\/v2\/media?parent=37245"}],"wp:term":[{"taxonomy":"product_brand","embeddable":true,"href":"https:\/\/nexgendecors.com\/es\/wp-json\/wp\/v2\/product_brand?post=37245"},{"taxonomy":"product_cat","embeddable":true,"href":"https:\/\/nexgendecors.com\/es\/wp-json\/wp\/v2\/product_cat?post=37245"},{"taxonomy":"product_tag","embeddable":true,"href":"https:\/\/nexgendecors.com\/es\/wp-json\/wp\/v2\/product_tag?post=37245"}],"curies":[{"name":"wp","href":"https:\/\/api.w.org\/{rel}","templated":true}]}}