{"id":37355,"date":"2025-01-26T02:03:14","date_gmt":"2025-01-26T02:03:14","guid":{"rendered":"https:\/\/nexgendecors.com\/product\/square-triangle-boat-wood-black-walnut-wood-wood-solid-wood-mosaic-showroom-tv-background-wall-living-room-wood-decoration\/"},"modified":"2025-04-15T11:18:12","modified_gmt":"2025-04-15T11:18:12","slug":"barco-cuadrado-triangular-de-madera-de-nogal-negro-madera-maciza-mosaico-sala-de-exposicion-fondo-de-tv-pared-sala-de-estar-decoracion-de-madera","status":"publish","type":"product","link":"https:\/\/nexgendecors.com\/es\/product\/barco-cuadrado-triangular-de-madera-de-nogal-negro-madera-maciza-mosaico-sala-de-exposicion-fondo-de-tv-pared-sala-de-estar-decoracion-de-madera\/","title":{"rendered":"Paneles de madera 3D para pared: decoraci\u00f3n elegante y ecol\u00f3gica"},"content":{"rendered":"<p><strong>Descripci\u00f3n<\/strong><\/p>\n<p>Los paneles de pared 3D de madera natural se utilizan ampliamente en interiores modernos para la decoraci\u00f3n. Los paneles de pared de madera maciza se distinguen por la belleza de la madera natural, su respeto al medio ambiente, su estilo impecable y su gran practicidad. Son f\u00e1ciles de instalar, no requieren mantenimiento y tienen una larga vida \u00fatil. Los paneles de madera real ayudar\u00e1n a crear y mantener un microclima saludable en su hogar.<\/p>\n<ul>\n<li>Los paneles decorativos no solo son bonitos, sino tambi\u00e9n un elemento funcional del interior. Puedes usarlos para:<\/li>\n<li>Creaci\u00f3n de una pared de acento o elementos individuales.<\/li>\n<li>Mejorar la insonorizaci\u00f3n de la estancia.<\/li>\n<li>Creaci\u00f3n de un fondo ac\u00fastico confortable (los sonidos en el espectro del habla se vuelven cada vez m\u00e1s claros).<\/li>\n<li>Enmascaramiento de defectos de pared.<\/li>\n<li>Zonificaci\u00f3n de habitaciones.<\/li>\n<\/ul>\n<p>Los paneles de madera no s\u00f3lo son una hermosa decoraci\u00f3n, sino que tambi\u00e9n son un material aislante del calor y del ruido y ac\u00fastico.<\/p>\n<ul>\n<li><span data-mce-fragment=\"1\">Tama\u00f1o de la hoja: 300X300 (MM)<\/span><\/li>\n<li><span data-mce-fragment=\"1\">Espesor: 5-18MM\u00a0<\/span><\/li>\n<\/ul>","protected":false},"excerpt":{"rendered":"<p>Descripci\u00f3n Los paneles de pared 3D de madera natural se utilizan ampliamente en interiores modernos con fines decorativos.<\/p>","protected":false},"featured_media":88607,"comment_status":"open","ping_status":"closed","template":"","meta":[],"product_brand":[],"product_cat":[30971,30986,30878],"product_tag":[],"class_list":{"0":"post-37355","1":"product","2":"type-product","3":"status-publish","4":"has-post-thumbnail","6":"product_cat-hp","7":"product_cat-tiles-wall-bricks","8":"product_cat-wall-panel","10":"first","11":"instock","12":"sale","13":"taxable","14":"shipping-taxable","15":"purchasable","16":"product-type-variable"},"_links":{"self":[{"href":"https:\/\/nexgendecors.com\/es\/wp-json\/wp\/v2\/product\/37355","targetHints":{"allow":["GET"]}}],"collection":[{"href":"https:\/\/nexgendecors.com\/es\/wp-json\/wp\/v2\/product"}],"about":[{"href":"https:\/\/nexgendecors.com\/es\/wp-json\/wp\/v2\/types\/product"}],"replies":[{"embeddable":true,"href":"https:\/\/nexgendecors.com\/es\/wp-json\/wp\/v2\/comments?post=37355"}],"version-history":[{"count":0,"href":"https:\/\/nexgendecors.com\/es\/wp-json\/wp\/v2\/product\/37355\/revisions"}],"wp:featuredmedia":[{"embeddable":true,"href":"https:\/\/nexgendecors.com\/es\/wp-json\/wp\/v2\/media\/88607"}],"wp:attachment":[{"href":"https:\/\/nexgendecors.com\/es\/wp-json\/wp\/v2\/media?parent=37355"}],"wp:term":[{"taxonomy":"product_brand","embeddable":true,"href":"https:\/\/nexgendecors.com\/es\/wp-json\/wp\/v2\/product_brand?post=37355"},{"taxonomy":"product_cat","embeddable":true,"href":"https:\/\/nexgendecors.com\/es\/wp-json\/wp\/v2\/product_cat?post=37355"},{"taxonomy":"product_tag","embeddable":true,"href":"https:\/\/nexgendecors.com\/es\/wp-json\/wp\/v2\/product_tag?post=37355"}],"curies":[{"name":"wp","href":"https:\/\/api.w.org\/{rel}","templated":true}]}}