{"id":37532,"date":"2025-01-26T02:03:31","date_gmt":"2025-01-26T02:03:31","guid":{"rendered":"https:\/\/nexgendecors.com\/product\/3pcs-pinch-pleated-duvet-cover-set-1-duvet-cover-and-2-pillowcases-microfiber-duvet-cover-set-ultra-soft-bedding-without-duvet1706356890541\/"},"modified":"2025-04-06T07:51:33","modified_gmt":"2025-04-06T07:51:33","slug":"juego-de-funda-nordica-plisada-de-3-piezas-1-funda-nordica-y-2-fundas-de-almohada-juego-de-funda-nordica-de-microfibra-ropa-de-cama-ultra-suave-sin-edredon-1706356890541","status":"publish","type":"product","link":"https:\/\/nexgendecors.com\/es\/product\/juego-de-funda-nordica-plisada-de-3-piezas-1-funda-nordica-y-2-fundas-de-almohada-juego-de-funda-nordica-de-microfibra-ropa-de-cama-ultra-suave-sin-edredon-1706356890541\/","title":{"rendered":"Juego de funda n\u00f3rdica de microfibra plisada - Ultra suave"},"content":{"rendered":"<div>\n<p>\ud83c\udf1f <strong>Juego de cama n\u00f3rdico completo<\/strong>Transforma tu cama en un oasis de lujo con el juego de funda n\u00f3rdica de 3 piezas Clara Clark. Simplemente col\u00f3calo sobre tu edred\u00f3n o inserto n\u00f3rdico para un look impecable y perfecto. Este juego no solo realza la est\u00e9tica de tu ropa de cama, sino que tambi\u00e9n es pr\u00e1ctico, protegiendo tu edred\u00f3n y siendo f\u00e1cil de quitar para lavar. \ud83d\udecf\ufe0f<\/p>\n<p>\ud83d\udc51 <strong>Juego de cama California King Size<\/strong>Nuestra funda n\u00f3rdica mide 264 x 248 cm, con cierre de botones y cordones para un ajuste seguro. Incluye dos fundas de almohada de 50 x 91 cm, con cierre de solapa en la parte posterior para mayor elegancia. Nota: No incluye edred\u00f3n; solo funda. \ud83c\udf1f<\/p>\n<p>\ud83c\udfa8 <strong>Dise\u00f1o elegante para una decoraci\u00f3n elevada<\/strong>Realza la decoraci\u00f3n de tu dormitorio con nuestro juego de funda n\u00f3rdica plisada, complementado con fundas de almohada con dise\u00f1o de pliegues. Este estilo atemporal se moderniza y a\u00f1ade sofisticaci\u00f3n y encanto a cualquier dormitorio. \u2728<\/p>\n<p>\ud83d\ude07 <strong>Suavidad celestial<\/strong>Elaborada con microfibra cepillada doble, nuestra ropa de cama ofrece una suavidad inigualable y una sensaci\u00f3n sedosa al tacto. Disfruta de un sue\u00f1o transpirable y fresco que te dejar\u00e1 con una sensaci\u00f3n de frescor y revitalizaci\u00f3n cada ma\u00f1ana. \ud83d\udca4<\/p>\n<p>\ud83e\uddfc <strong>F\u00e1cil cuidado y limpieza<\/strong>Disfruta de un mantenimiento sencillo con nuestro juego de cama. Simplemente l\u00e1valo a m\u00e1quina con agua fr\u00eda y s\u00e9calo en secadora a baja temperatura. Nuestras s\u00e1banas son resistentes a la decoloraci\u00f3n, las manchas, el encogimiento y las arrugas, lo que garantiza una larga duraci\u00f3n y un f\u00e1cil mantenimiento. Olv\u00eddate del planchado: nuestras s\u00e1banas antiarrugas est\u00e1n listas para usar directamente de la secadora. \ud83c\udf1f<\/p>\n<\/div>","protected":false},"excerpt":{"rendered":"<p>\ud83c\udf1f Juego de cama n\u00f3rdico completo: transforma tu cama en un refugio lujoso con la funda n\u00f3rdica de 3 piezas Clara Clark<\/p>","protected":false},"featured_media":88831,"comment_status":"open","ping_status":"closed","template":"","meta":[],"product_brand":[],"product_cat":[30858,30971],"product_tag":[],"class_list":{"0":"post-37532","1":"product","2":"type-product","3":"status-publish","4":"has-post-thumbnail","6":"product_cat-wholesale-bedroom","7":"product_cat-hp","9":"first","10":"instock","11":"sale","12":"taxable","13":"shipping-taxable","14":"purchasable","15":"product-type-variable"},"_links":{"self":[{"href":"https:\/\/nexgendecors.com\/es\/wp-json\/wp\/v2\/product\/37532","targetHints":{"allow":["GET"]}}],"collection":[{"href":"https:\/\/nexgendecors.com\/es\/wp-json\/wp\/v2\/product"}],"about":[{"href":"https:\/\/nexgendecors.com\/es\/wp-json\/wp\/v2\/types\/product"}],"replies":[{"embeddable":true,"href":"https:\/\/nexgendecors.com\/es\/wp-json\/wp\/v2\/comments?post=37532"}],"version-history":[{"count":0,"href":"https:\/\/nexgendecors.com\/es\/wp-json\/wp\/v2\/product\/37532\/revisions"}],"wp:featuredmedia":[{"embeddable":true,"href":"https:\/\/nexgendecors.com\/es\/wp-json\/wp\/v2\/media\/88831"}],"wp:attachment":[{"href":"https:\/\/nexgendecors.com\/es\/wp-json\/wp\/v2\/media?parent=37532"}],"wp:term":[{"taxonomy":"product_brand","embeddable":true,"href":"https:\/\/nexgendecors.com\/es\/wp-json\/wp\/v2\/product_brand?post=37532"},{"taxonomy":"product_cat","embeddable":true,"href":"https:\/\/nexgendecors.com\/es\/wp-json\/wp\/v2\/product_cat?post=37532"},{"taxonomy":"product_tag","embeddable":true,"href":"https:\/\/nexgendecors.com\/es\/wp-json\/wp\/v2\/product_tag?post=37532"}],"curies":[{"name":"wp","href":"https:\/\/api.w.org\/{rel}","templated":true}]}}