{"id":37893,"date":"2025-01-26T02:04:43","date_gmt":"2025-01-26T02:04:43","guid":{"rendered":"https:\/\/nexgendecors.com\/product\/6-pcs-patio-furniture-set-fire-table-outdoor-furniture-sets-gas-fire-pit-with-outdoor-storage-box-glass-coffee-table-and-waterproof-covers-anti-slip-grey-cushions1711879782433\/"},"modified":"2025-03-12T06:29:40","modified_gmt":"2025-03-12T06:29:40","slug":"juego-de-6-muebles-de-patio-mesa-de-fuego-juegos-de-muebles-de-exterior-fogon-a-gas-con-caja-de-almacenamiento-exterior-mesa-de-centro-de-vidrio-y-fundas-impermeables-cojines-antideslizantes-gris","status":"publish","type":"product","link":"https:\/\/nexgendecors.com\/es\/product\/juego-de-6-muebles-de-patio-mesa-de-fuego-juegos-de-muebles-de-exterior-fogon-a-gas-con-caja-de-almacenamiento-exterior-mesa-de-centro-de-vidrio-y-fundas-impermeables-cojines-antideslizantes-gris\/","title":{"rendered":"6 PCS Conjunto de muebles de patio al aire libre con mesa de fuego"},"content":{"rendered":"<p data-mce-fragment=\"1\">\ud83c\udf1f <strong data-mce-fragment=\"1\">Calidad y durabilidad<\/strong>El mimbre HDPE resistente a la intemperie, tejido a mano sobre una estructura de acero con recubrimiento en polvo completamente soldada, garantiza una excepcional durabilidad del brasero de propano para exteriores con Deck Box de 6 piezas. La tela de poli\u00e9ster de 250 g, anti-UV y repelente al agua, junto con las fundas impermeables, proporciona comodidad duradera y protecci\u00f3n contra el polvo, la lluvia y la exposici\u00f3n al sol.<\/p>\n<p data-mce-fragment=\"1\">\ud83d\udd25 <strong data-mce-fragment=\"1\">Mesa de fogata para patio<\/strong>Disfrute de la calidez y el ambiente de la mesa para fogata de exterior de 50,000 BTU, equipada con un tanque de propano est\u00e1ndar de 9 kg (se vende por separado). Con una superficie de m\u00e1rmol con veta de madera y una resistente estructura de acero, quemador de acero inoxidable, funda impermeable para muebles y rocas volc\u00e1nicas, crea un acogedor refugio en su patio.<\/p>\n<p data-mce-fragment=\"1\">\ud83d\udce6 <strong data-mce-fragment=\"1\">Caja de almacenamiento de cubierta<\/strong>La caja de almacenamiento de terraza incluida ofrece amplio espacio para diversos suministros, con una cubierta interior impermeable con cremallera y una tapa con resorte de gas para mayor comodidad. El amplio tablero mejora la funcionalidad y a\u00f1ade encanto a su espacio exterior.<\/p>\n<p data-mce-fragment=\"1\">\ud83e\ude91 <strong data-mce-fragment=\"1\">C\u00f3modo y antideslizante<\/strong>Sum\u00e9rjase en la comodidad con los cojines de asiento gruesos (10 cm) rellenos de esponja de alta resiliencia y la base de tela pl\u00e1stica punteada antideslizante. Los cojines de respaldo y las almohadas lumbares incluidas brindan soporte y comodidad adicionales, garantizando una experiencia de asiento c\u00f3moda y antideslizante.<\/p>\n<p data-mce-fragment=\"1\">\ud83d\udd27 <strong data-mce-fragment=\"1\">Montaje y posventa<\/strong>El montaje es r\u00e1pido y sencillo, con instrucciones claras y todo el hardware necesario incluido. Adem\u00e1s, hay disponible un v\u00eddeo de demostraci\u00f3n de montaje para mayor comodidad. Tenga la seguridad de que nuestro equipo dedicado resolver\u00e1 cualquier problema con prontitud y le ofrecer\u00e1 soluciones eficaces, como reemplazos, devoluciones o reembolsos. Su satisfacci\u00f3n es nuestra prioridad.<\/p>\n<div><\/div>","protected":false},"excerpt":{"rendered":"<p>\ud83c\udf1f Calidad y durabilidad: mimbre HDPE tejida a mano para todo tipo de clima sobre estructura de acero con recubrimiento en polvo totalmente soldada asegura que el sof\u00e1 al aire libre propano pozo de fuego.<\/p>","protected":false},"featured_media":89470,"comment_status":"open","ping_status":"closed","template":"","meta":[],"product_brand":[],"product_cat":[30971,30856,32],"product_tag":[],"class_list":{"0":"post-37893","1":"product","2":"type-product","3":"status-publish","4":"has-post-thumbnail","6":"product_cat-hp","7":"product_cat-outdoor-furniture","8":"product_cat-residential-furniture","10":"first","11":"instock","12":"sale","13":"taxable","14":"shipping-taxable","15":"purchasable","16":"product-type-variable"},"_links":{"self":[{"href":"https:\/\/nexgendecors.com\/es\/wp-json\/wp\/v2\/product\/37893","targetHints":{"allow":["GET"]}}],"collection":[{"href":"https:\/\/nexgendecors.com\/es\/wp-json\/wp\/v2\/product"}],"about":[{"href":"https:\/\/nexgendecors.com\/es\/wp-json\/wp\/v2\/types\/product"}],"replies":[{"embeddable":true,"href":"https:\/\/nexgendecors.com\/es\/wp-json\/wp\/v2\/comments?post=37893"}],"version-history":[{"count":0,"href":"https:\/\/nexgendecors.com\/es\/wp-json\/wp\/v2\/product\/37893\/revisions"}],"wp:featuredmedia":[{"embeddable":true,"href":"https:\/\/nexgendecors.com\/es\/wp-json\/wp\/v2\/media\/89470"}],"wp:attachment":[{"href":"https:\/\/nexgendecors.com\/es\/wp-json\/wp\/v2\/media?parent=37893"}],"wp:term":[{"taxonomy":"product_brand","embeddable":true,"href":"https:\/\/nexgendecors.com\/es\/wp-json\/wp\/v2\/product_brand?post=37893"},{"taxonomy":"product_cat","embeddable":true,"href":"https:\/\/nexgendecors.com\/es\/wp-json\/wp\/v2\/product_cat?post=37893"},{"taxonomy":"product_tag","embeddable":true,"href":"https:\/\/nexgendecors.com\/es\/wp-json\/wp\/v2\/product_tag?post=37893"}],"curies":[{"name":"wp","href":"https:\/\/api.w.org\/{rel}","templated":true}]}}