{"id":37938,"date":"2025-01-26T02:04:56","date_gmt":"2025-01-26T02:04:56","guid":{"rendered":"https:\/\/nexgendecors.com\/product\/62-99-l-white-kitchen-table-modern-dining-table-for-kitchen-living-room-bar-indoor-dining-room-table-for-4-6-people-table-only1711876934310\/"},"modified":"2025-03-11T07:02:11","modified_gmt":"2025-03-11T07:02:11","slug":"mesa-de-cocina-blanca-de-6299-l-moderna-mesa-de-comedor-para-cocina-sala-de-estar-bar-comedor-interior-mesa-para-4-o-6-personas-solo-mesa-1711876934310","status":"publish","type":"product","link":"https:\/\/nexgendecors.com\/es\/product\/mesa-de-cocina-blanca-de-6299-l-moderna-mesa-de-comedor-para-cocina-sala-de-estar-bar-comedor-interior-mesa-para-4-o-6-personas-solo-mesa-1711876934310\/","title":{"rendered":"Mesa de cocina blanca moderna para 4-6 personas"},"content":{"rendered":"<div class=\"flex-1 overflow-hidden\" data-mce-fragment=\"1\">\n<div class=\"react-scroll-to-bottom--css-getwv-79elbk h-full\" data-mce-fragment=\"1\">\n<div class=\"react-scroll-to-bottom--css-getwv-1n7m0yu\" data-mce-fragment=\"1\">\n<div data-mce-fragment=\"1\">\n<div class=\"flex flex-col text-sm pb-9\" data-mce-fragment=\"1\">\n<div class=\"w-full text-token-text-primary\" dir=\"auto\" data-testid=\"conversation-turn-10\" data-mce-fragment=\"1\">\n<div class=\"px-4 py-2 justify-center text-base md:gap-6 m-auto\" data-mce-fragment=\"1\">\n<div class=\"flex flex-1 text-base mx-auto gap-3 juice:gap-4 juice:md:gap-6 md:px-5 lg:px-1 xl:px-5 md:max-w-3xl lg:max-w-[40rem] xl:max-w-[48rem]\" data-mce-fragment=\"1\">\n<div class=\"relative flex w-full min-w-0 flex-col agent-turn\" data-mce-fragment=\"1\">\n<div class=\"flex-col gap-1 md:gap-3\" data-mce-fragment=\"1\">\n<div class=\"flex flex-grow flex-col max-w-full\" data-mce-fragment=\"1\">\n<div data-message-author-role=\"assistant\" data-message-id=\"eda0f7e1-abb3-49bb-94a9-ced5cffed49e\" dir=\"auto\" class=\"min-h-[20px] text-message flex flex-col items-start gap-3 whitespace-pre-wrap break-words [.text-message+&#038;]:mt-5 overflow-x-auto\" data-mce-fragment=\"1\">\n<div class=\"markdown prose w-full break-words dark:prose-invert light\" data-mce-fragment=\"1\">\n<p data-mce-fragment=\"1\"><strong data-mce-fragment=\"1\">Mesa de comedor rectangular HOTICKME<\/strong><\/p>\n<p data-mce-fragment=\"1\">\ud83d\udcd0 <strong data-mce-fragment=\"1\">Dimensiones del producto:<\/strong> 31,49\u2033 de profundidad x 62,97\u2033 de ancho x 29,72\u2033 de alto<br data-mce-fragment=\"1\">\ud83c\udfa8 <strong data-mce-fragment=\"1\">Color:<\/strong> Blanco<br data-mce-fragment=\"1\">\ud83d\udd32 <strong data-mce-fragment=\"1\">Forma:<\/strong> Rectangular<br data-mce-fragment=\"1\">\ud83d\udd16 <strong data-mce-fragment=\"1\">Marca:<\/strong> HOTICKME<br data-mce-fragment=\"1\">\ud83c\udf7d\ufe0f <strong data-mce-fragment=\"1\">Dise\u00f1o de mesa:<\/strong> Mesa de comedor<\/p>\n<p data-mce-fragment=\"1\">\ud83c\udf1f <strong data-mce-fragment=\"1\">Caracter\u00edsticas principales:<\/strong><\/p>\n<ul data-mce-fragment=\"1\">\n<li data-mce-fragment=\"1\">\ud83d\udee0\ufe0f <strong data-mce-fragment=\"1\">Materiales de primera calidad:<\/strong> Fabricado con materiales de primera calidad para una durabilidad duradera.<\/li>\n<li data-mce-fragment=\"1\">\ud83c\udf0a <strong data-mce-fragment=\"1\">Piernas \u00fanicas en forma de onda:<\/strong> Las patas elegantes y resistentes a\u00f1aden encanto est\u00e9tico al tiempo que garantizan estabilidad para reuniones y art\u00edculos pesados.<\/li>\n<li data-mce-fragment=\"1\">\ud83c\udf7d\ufe0f <strong data-mce-fragment=\"1\">Tablero liso:<\/strong> Superficie resistente a rayones y al calor para f\u00e1cil limpieza y mantenimiento.<\/li>\n<li data-mce-fragment=\"1\">\ud83d\udeb8 <strong data-mce-fragment=\"1\">Esquinas redondeadas seguras:<\/strong> Dise\u00f1ado teniendo en cuenta la seguridad, eliminando los bordes afilados para una experiencia gastron\u00f3mica m\u00e1s segura.<\/li>\n<\/ul>\n<p data-mce-fragment=\"1\">\ud83d\udca1 <strong data-mce-fragment=\"1\">Garant\u00eda del cliente:<\/strong><\/p>\n<ul data-mce-fragment=\"1\">\n<li data-mce-fragment=\"1\">\ud83d\udcc4 <strong data-mce-fragment=\"1\">F\u00e1cil montaje:<\/strong> Viene con instrucciones f\u00e1ciles de usar para una configuraci\u00f3n sin complicaciones.<\/li>\n<li data-mce-fragment=\"1\">\ud83d\udcde <strong data-mce-fragment=\"1\">Atenci\u00f3n al cliente dedicada:<\/strong> Para cualquier consulta o problema, nuestro amable equipo de atenci\u00f3n al cliente est\u00e1 aqu\u00ed para ayudarle r\u00e1pidamente.<\/li>\n<\/ul>\n<p data-mce-fragment=\"1\">Mejora tu comedor con la mesa de comedor rectangular de HOTICKME, \u00a1donde el estilo se combina con la durabilidad y la seguridad! \ud83c\udf7d\ufe0f\u2728 <strong data-mce-fragment=\"1\">\u00a1Ordene ahora!<\/strong><\/p>\n<\/div>\n<\/div>\n<\/div>\n<\/div>\n<\/div>\n<\/div>\n<\/div>\n<\/div>\n<\/div>\n<\/div>\n<\/div>\n<\/div>\n<\/div>\n<div><\/div>","protected":false},"excerpt":{"rendered":"<p>HOTICKME Mesa de comedor rectangular \ud83d\udcd0 Dimensiones del producto: 31.49\u2033D x 62.97\u2033W x 29.72\u2033H\ud83c\udfa8 Color: Blanco\ud83d\udd32 Forma: Rectangular\ud83d\udd16 Marca: HOTICKME\ud83c\udf7d\ufe0f Dise\u00f1o de la mesa:<\/p>","protected":false},"featured_media":89580,"comment_status":"open","ping_status":"closed","template":"","meta":[],"product_brand":[],"product_cat":[30826,30827,30971,32],"product_tag":[],"class_list":{"0":"post-37938","1":"product","2":"type-product","3":"status-publish","4":"has-post-thumbnail","6":"product_cat-dining-room","7":"product_cat-dining-tables","8":"product_cat-hp","9":"product_cat-residential-furniture","11":"first","12":"instock","13":"taxable","14":"shipping-taxable","15":"purchasable","16":"product-type-variable"},"_links":{"self":[{"href":"https:\/\/nexgendecors.com\/es\/wp-json\/wp\/v2\/product\/37938","targetHints":{"allow":["GET"]}}],"collection":[{"href":"https:\/\/nexgendecors.com\/es\/wp-json\/wp\/v2\/product"}],"about":[{"href":"https:\/\/nexgendecors.com\/es\/wp-json\/wp\/v2\/types\/product"}],"replies":[{"embeddable":true,"href":"https:\/\/nexgendecors.com\/es\/wp-json\/wp\/v2\/comments?post=37938"}],"version-history":[{"count":0,"href":"https:\/\/nexgendecors.com\/es\/wp-json\/wp\/v2\/product\/37938\/revisions"}],"wp:featuredmedia":[{"embeddable":true,"href":"https:\/\/nexgendecors.com\/es\/wp-json\/wp\/v2\/media\/89580"}],"wp:attachment":[{"href":"https:\/\/nexgendecors.com\/es\/wp-json\/wp\/v2\/media?parent=37938"}],"wp:term":[{"taxonomy":"product_brand","embeddable":true,"href":"https:\/\/nexgendecors.com\/es\/wp-json\/wp\/v2\/product_brand?post=37938"},{"taxonomy":"product_cat","embeddable":true,"href":"https:\/\/nexgendecors.com\/es\/wp-json\/wp\/v2\/product_cat?post=37938"},{"taxonomy":"product_tag","embeddable":true,"href":"https:\/\/nexgendecors.com\/es\/wp-json\/wp\/v2\/product_tag?post=37938"}],"curies":[{"name":"wp","href":"https:\/\/api.w.org\/{rel}","templated":true}]}}