{"id":38034,"date":"2025-01-26T02:05:15","date_gmt":"2025-01-26T02:05:15","guid":{"rendered":"https:\/\/nexgendecors.com\/product\/71-dining-table-for-6-8-seat-modern-metal-macaron-design-dining-room-table-with-cone-base-pandora-sintered-stone-marble-dining-table-only-table1711876968776\/"},"modified":"2025-04-06T07:52:05","modified_gmt":"2025-04-06T07:52:05","slug":"mesa-de-comedor-de-71-pulgadas-para-6-personas-moderna-mesa-de-comedor-de-metal-con-diseno-de-macarron-y-base-conica-mesa-de-comedor-de-marmol-de-piedra-sinterizada-pandora-solo-mesa-1711876968776","status":"publish","type":"product","link":"https:\/\/nexgendecors.com\/es\/product\/mesa-de-comedor-de-71-pulgadas-para-6-personas-moderna-mesa-de-comedor-de-metal-con-diseno-de-macarron-y-base-conica-mesa-de-comedor-de-marmol-de-piedra-sinterizada-pandora-solo-mesa-1711876968776\/","title":{"rendered":"Mesa de comedor Pandora con dise\u00f1o moderno de macarrones para 6-8 personas"},"content":{"rendered":"<p data-mce-fragment=\"1\"><strong data-mce-fragment=\"1\">\u00a1Mejore su experiencia gastron\u00f3mica con nuestra mesa de comedor art\u00edstica!<\/strong> \ud83c\udf7d\ufe0f\u2728<\/p>\n<ul data-mce-fragment=\"1\">\n<li data-mce-fragment=\"1\">\n<p data-mce-fragment=\"1\"><strong data-mce-fragment=\"1\">Belleza art\u00edstica<\/strong>Esta mesa de comedor no es solo un mueble; es una obra de arte exquisita que a\u00f1ade belleza y vitalidad a tu comedor. Su estilo y textura \u00fanicos la hacen irresistible, realzando la comodidad y el encanto de tu hogar. \ud83c\udfa8<\/p>\n<\/li>\n<li data-mce-fragment=\"1\">\n<p data-mce-fragment=\"1\"><strong data-mce-fragment=\"1\">F\u00e1cil mantenimiento<\/strong>Con su superficie lisa e impermeable, \u00a1limpiar es facil\u00edsimo! Simplemente limpia cualquier mancha y tu mesa de comedor lucir\u00e1 como nueva. \ud83e\uddfc<\/p>\n<\/li>\n<li data-mce-fragment=\"1\">\n<p data-mce-fragment=\"1\"><strong data-mce-fragment=\"1\">Informaci\u00f3n<\/strong>:<\/p>\n<ul data-mce-fragment=\"1\">\n<li data-mce-fragment=\"1\">\n<strong data-mce-fragment=\"1\">Material<\/strong>: Piedra artificial + Acero al carbono + Exterior de cuero<\/li>\n<li data-mce-fragment=\"1\">\n<strong data-mce-fragment=\"1\">Color<\/strong>: Tablero de mesa blanco marr\u00f3n + base azul oro rosa<\/li>\n<li data-mce-fragment=\"1\">\n<strong data-mce-fragment=\"1\">Estilo<\/strong>:Moderno \/ Glamour \/ Creativo<\/li>\n<li data-mce-fragment=\"1\">\n<strong data-mce-fragment=\"1\">Capacidad<\/strong>: 6-8 personas<\/li>\n<li data-mce-fragment=\"1\">\n<strong data-mce-fragment=\"1\">Dimensiones<\/strong>:<\/p>\n<ul data-mce-fragment=\"1\">\n<li data-mce-fragment=\"1\">\n<strong data-mce-fragment=\"1\">Mesa<\/strong>: 71\u201d de largo x 35,5\u201d de ancho x 29,5\u201d de alto<\/li>\n<li data-mce-fragment=\"1\">\n<strong data-mce-fragment=\"1\">Espesor de la mesa<\/strong>:12 mm<\/li>\n<\/ul>\n<\/li>\n<li data-mce-fragment=\"1\">\n<strong data-mce-fragment=\"1\">Detalles del paquete<\/strong>:<\/p>\n<ul data-mce-fragment=\"1\">\n<li data-mce-fragment=\"1\">\n<strong data-mce-fragment=\"1\">Superficie de la mesa<\/strong>: 1 caja (76\u201d de largo x 40,5\u201d de ancho x 11\u201d de alto, Peso: 233,73 libras)<\/li>\n<li data-mce-fragment=\"1\">\n<strong data-mce-fragment=\"1\">Base de mesa<\/strong>: 1 caja (32,28\u201d de largo x 23,23\u201d de ancho x 22\u201d de alto, Peso: 47,41 libras)<\/li>\n<\/ul>\n<\/li>\n<li data-mce-fragment=\"1\">\n<strong data-mce-fragment=\"1\">Peso<\/strong>:<\/p>\n<ul data-mce-fragment=\"1\">\n<li data-mce-fragment=\"1\">\n<strong data-mce-fragment=\"1\">Peso neto<\/strong>:250 libras<\/li>\n<li data-mce-fragment=\"1\">\n<strong data-mce-fragment=\"1\">Capacidad de peso<\/strong>:660 libras<\/li>\n<\/ul>\n<\/li>\n<\/ul>\n<\/li>\n<li data-mce-fragment=\"1\">\n<p data-mce-fragment=\"1\"><strong data-mce-fragment=\"1\">Qu\u00e9 est\u00e1 incluido<\/strong>:<\/p>\n<ul data-mce-fragment=\"1\">\n<li data-mce-fragment=\"1\">\n<strong data-mce-fragment=\"1\">Mesa<\/strong>: 1 pieza<\/li>\n<li data-mce-fragment=\"1\">\n<strong data-mce-fragment=\"1\">Herramienta de montaje<\/strong>:1 juego<\/li>\n<li data-mce-fragment=\"1\">\n<strong data-mce-fragment=\"1\">Manual de instrucciones<\/strong>: 1 pieza<\/li>\n<\/ul>\n<\/li>\n<li data-mce-fragment=\"1\">\n<p data-mce-fragment=\"1\"><strong data-mce-fragment=\"1\">Consejos \u00fatiles<\/strong>: 1\ufe0f\u20e3 <strong data-mce-fragment=\"1\">Seguro de calidad<\/strong>:Si sus art\u00edculos llegan da\u00f1ados o tienen alg\u00fan problema, cont\u00e1ctenos de inmediato para un cambio o reembolso gratuito. 2\ufe0f\u20e3 <strong data-mce-fragment=\"1\">Gu\u00eda de instalaci\u00f3n<\/strong>Una instalaci\u00f3n incorrecta puede causar inestabilidad. Lea atentamente las instrucciones o contacte con nuestro servicio de atenci\u00f3n al cliente para obtener ayuda. 3\ufe0f\u20e3 <strong data-mce-fragment=\"1\">Precisi\u00f3n del color<\/strong>Las im\u00e1genes digitales que mostramos se esfuerzan por garantizar la precisi\u00f3n del color. Sin embargo, debido a las diferencias entre monitores, los colores reales pueden variar.<\/p>\n<\/li>\n<\/ul>\n<p data-mce-fragment=\"1\">\u00a1Transforma tu comedor en un refugio de lujo con nuestra art\u00edstica mesa de comedor! Crea recuerdos inolvidables y disfruta de deliciosas comidas con tus seres queridos. \ud83c\udf1f\ud83c\udf77<\/p>\n<div><\/div>","protected":false},"excerpt":{"rendered":"<p>\u00a1Mejora tu experiencia gastron\u00f3mica con nuestra mesa de comedor art\u00edstica! \ud83c\udf7d\ufe0f\u2728 Belleza art\u00edstica: Esta mesa de comedor no es solo un mueble; es<\/p>","protected":false},"featured_media":89824,"comment_status":"open","ping_status":"closed","template":"","meta":[],"product_brand":[],"product_cat":[30825,30826,30827,30971,32],"product_tag":[],"class_list":{"0":"post-38034","1":"product","2":"type-product","3":"status-publish","4":"has-post-thumbnail","6":"product_cat-dining-chairs","7":"product_cat-dining-room","8":"product_cat-dining-tables","9":"product_cat-hp","10":"product_cat-residential-furniture","12":"first","13":"instock","14":"sale","15":"taxable","16":"shipping-taxable","17":"purchasable","18":"product-type-variable"},"_links":{"self":[{"href":"https:\/\/nexgendecors.com\/es\/wp-json\/wp\/v2\/product\/38034","targetHints":{"allow":["GET"]}}],"collection":[{"href":"https:\/\/nexgendecors.com\/es\/wp-json\/wp\/v2\/product"}],"about":[{"href":"https:\/\/nexgendecors.com\/es\/wp-json\/wp\/v2\/types\/product"}],"replies":[{"embeddable":true,"href":"https:\/\/nexgendecors.com\/es\/wp-json\/wp\/v2\/comments?post=38034"}],"version-history":[{"count":0,"href":"https:\/\/nexgendecors.com\/es\/wp-json\/wp\/v2\/product\/38034\/revisions"}],"wp:featuredmedia":[{"embeddable":true,"href":"https:\/\/nexgendecors.com\/es\/wp-json\/wp\/v2\/media\/89824"}],"wp:attachment":[{"href":"https:\/\/nexgendecors.com\/es\/wp-json\/wp\/v2\/media?parent=38034"}],"wp:term":[{"taxonomy":"product_brand","embeddable":true,"href":"https:\/\/nexgendecors.com\/es\/wp-json\/wp\/v2\/product_brand?post=38034"},{"taxonomy":"product_cat","embeddable":true,"href":"https:\/\/nexgendecors.com\/es\/wp-json\/wp\/v2\/product_cat?post=38034"},{"taxonomy":"product_tag","embeddable":true,"href":"https:\/\/nexgendecors.com\/es\/wp-json\/wp\/v2\/product_tag?post=38034"}],"curies":[{"name":"wp","href":"https:\/\/api.w.org\/{rel}","templated":true}]}}