{"id":38044,"date":"2025-01-26T02:05:19","date_gmt":"2025-01-26T02:05:19","guid":{"rendered":"https:\/\/nexgendecors.com\/product\/71-modern-rectangle-dining-table-for-6-8-seat-white-marble-dining-table-with-sintered-stone-tabletop-and-horseshoe-shape-design-carbon-steel-leather-base-only-table1711876968672\/"},"modified":"2025-04-06T07:52:13","modified_gmt":"2025-04-06T07:52:13","slug":"71-modern-rectangle-dining-table-for-6-8-seat-white-marble-dining-table-with-sintered-stone-tabletop-and-horseshoe-shape-design-carbon-steel-leather-base-only-table1711876968672","status":"publish","type":"product","link":"https:\/\/nexgendecors.com\/es\/product\/71-modern-rectangle-dining-table-for-6-8-seat-white-marble-dining-table-with-sintered-stone-tabletop-and-horseshoe-shape-design-carbon-steel-leather-base-only-table1711876968672\/","title":{"rendered":"Mesa de comedor rectangular moderna de m\u00e1rmol blanco, para 6-8 personas"},"content":{"rendered":"<p data-mce-fragment=\"1\"><strong data-mce-fragment=\"1\">Versatile and Durable Marble Dining Table for Your Home!<\/strong> \ud83c\udf7d\ufe0f\u2728<\/p>\n<ul data-mce-fragment=\"1\">\n<li data-mce-fragment=\"1\">\n<p data-mce-fragment=\"1\"><strong data-mce-fragment=\"1\">Versatile Pairing<\/strong>: This dining table effortlessly complements various chair styles and materials, be it metal, wood, or upholstered fabrics. Create a unique and personalized look that suits your style! \ud83e\ude91<\/p>\n<\/li>\n<li data-mce-fragment=\"1\">\n<p data-mce-fragment=\"1\"><strong data-mce-fragment=\"1\">Durable y de bajo mantenimiento<\/strong>: Our marble dining table is resistant to scratches, stains, and fading. Treated with a protective coating, it maintains its appearance with minimal effort. Plus, faux marble is easier to maintain than natural marble\u2014clean with mild soap and water without the need for sealing or polishing! \ud83e\uddfc<\/p>\n<\/li>\n<li data-mce-fragment=\"1\">\n<p data-mce-fragment=\"1\"><strong data-mce-fragment=\"1\">F\u00e1cil instalaci\u00f3n<\/strong>: With its simple and generous appearance, this dining table is easy to install. The integrated base simply attaches directly to the tabletop, eliminating complicated assembly processes. Check out our installation videos for guidance or reach out to us for assistance! \ud83d\udee0\ufe0f<\/p>\n<\/li>\n<li data-mce-fragment=\"1\">\n<p data-mce-fragment=\"1\"><strong data-mce-fragment=\"1\">Informaci\u00f3n<\/strong>:<\/p>\n<ul data-mce-fragment=\"1\">\n<li data-mce-fragment=\"1\">\n<strong data-mce-fragment=\"1\">Material<\/strong>: Sintered stone + Carbon Steel frame + Leather outside<\/li>\n<li data-mce-fragment=\"1\">\n<strong data-mce-fragment=\"1\">Color<\/strong>: White Gray table top + White Gold base<\/li>\n<li data-mce-fragment=\"1\">\n<strong data-mce-fragment=\"1\">Estilo<\/strong>:Moderno \/ Glamour \/ Creativo<\/li>\n<li data-mce-fragment=\"1\">\n<strong data-mce-fragment=\"1\">Capacidad<\/strong>: 6-8 personas<\/li>\n<li data-mce-fragment=\"1\">\n<strong data-mce-fragment=\"1\">Dimensiones<\/strong>:<\/p>\n<ul data-mce-fragment=\"1\">\n<li data-mce-fragment=\"1\">\n<strong data-mce-fragment=\"1\">Mesa<\/strong>: 71\u201dL x 35.5\u201dW x 30\u201dH<\/li>\n<li data-mce-fragment=\"1\">\n<strong data-mce-fragment=\"1\">Espesor de la mesa<\/strong>:12 mm<\/li>\n<\/ul>\n<\/li>\n<li data-mce-fragment=\"1\">\n<strong data-mce-fragment=\"1\">Detalles del paquete<\/strong>:<\/p>\n<ul data-mce-fragment=\"1\">\n<li data-mce-fragment=\"1\">\n<strong data-mce-fragment=\"1\">Superficie de la mesa<\/strong>: 1 box (76.38\u201dL x 40.9\u201dW x 9.84\u201dH, Weight: 199lbs)<\/li>\n<li data-mce-fragment=\"1\">\n<strong data-mce-fragment=\"1\">Base de mesa<\/strong>: 1 box (34.25\u201dL x 24.4\u201dW x 31.5\u201dH, Weight: 72.42lbs)<\/li>\n<\/ul>\n<\/li>\n<li data-mce-fragment=\"1\">\n<strong data-mce-fragment=\"1\">Peso<\/strong>:<\/p>\n<ul data-mce-fragment=\"1\">\n<li data-mce-fragment=\"1\">\n<strong data-mce-fragment=\"1\">Peso neto<\/strong>:250 libras<\/li>\n<li data-mce-fragment=\"1\">\n<strong data-mce-fragment=\"1\">Capacidad de peso<\/strong>:660 libras<\/li>\n<\/ul>\n<\/li>\n<\/ul>\n<\/li>\n<li data-mce-fragment=\"1\">\n<p data-mce-fragment=\"1\"><strong data-mce-fragment=\"1\">Qu\u00e9 est\u00e1 incluido<\/strong>:<\/p>\n<ul data-mce-fragment=\"1\">\n<li data-mce-fragment=\"1\">\n<strong data-mce-fragment=\"1\">Mesa<\/strong>: 1 pieza<\/li>\n<li data-mce-fragment=\"1\">\n<strong data-mce-fragment=\"1\">Herramienta de montaje<\/strong>:1 juego<\/li>\n<li data-mce-fragment=\"1\">\n<strong data-mce-fragment=\"1\">Manual de instrucciones<\/strong>: 1 pieza<\/li>\n<\/ul>\n<\/li>\n<li data-mce-fragment=\"1\">\n<p data-mce-fragment=\"1\"><strong data-mce-fragment=\"1\">Consejos \u00fatiles<\/strong>: 1\ufe0f\u20e3 <strong data-mce-fragment=\"1\">Seguro de calidad<\/strong>:Si sus art\u00edculos llegan da\u00f1ados o tienen alg\u00fan problema, cont\u00e1ctenos de inmediato para un cambio o reembolso gratuito. 2\ufe0f\u20e3 <strong data-mce-fragment=\"1\">Gu\u00eda de instalaci\u00f3n<\/strong>: Incorrect installation may cause instability. Please read the instructions carefully or contact our customer service for advice.<\/p>\n<\/li>\n<\/ul>\n<p data-mce-fragment=\"1\">Upgrade your dining experience with our versatile, durable, and stylish marble dining table! Make every meal a delightful occasion and create lasting memories with your loved ones. \ud83c\udf1f\ud83c\udf77<\/p>\n<div><\/div>","protected":false},"excerpt":{"rendered":"<p>\u00a1Mesa de comedor de m\u00e1rmol vers\u00e1til y duradera para tu hogar! \ud83c\udf7d\ufe0f\u2728 Combinaci\u00f3n vers\u00e1til: Esta mesa de comedor complementa f\u00e1cilmente varios estilos de sillas.<\/p>","protected":false},"featured_media":89839,"comment_status":"open","ping_status":"closed","template":"","meta":[],"product_brand":[],"product_cat":[30825,30826,30827,30971,32],"product_tag":[],"class_list":{"0":"post-38044","1":"product","2":"type-product","3":"status-publish","4":"has-post-thumbnail","6":"product_cat-dining-chairs","7":"product_cat-dining-room","8":"product_cat-dining-tables","9":"product_cat-hp","10":"product_cat-residential-furniture","12":"first","13":"instock","14":"sale","15":"taxable","16":"shipping-taxable","17":"purchasable","18":"product-type-variable"},"_links":{"self":[{"href":"https:\/\/nexgendecors.com\/es\/wp-json\/wp\/v2\/product\/38044","targetHints":{"allow":["GET"]}}],"collection":[{"href":"https:\/\/nexgendecors.com\/es\/wp-json\/wp\/v2\/product"}],"about":[{"href":"https:\/\/nexgendecors.com\/es\/wp-json\/wp\/v2\/types\/product"}],"replies":[{"embeddable":true,"href":"https:\/\/nexgendecors.com\/es\/wp-json\/wp\/v2\/comments?post=38044"}],"version-history":[{"count":0,"href":"https:\/\/nexgendecors.com\/es\/wp-json\/wp\/v2\/product\/38044\/revisions"}],"wp:featuredmedia":[{"embeddable":true,"href":"https:\/\/nexgendecors.com\/es\/wp-json\/wp\/v2\/media\/89839"}],"wp:attachment":[{"href":"https:\/\/nexgendecors.com\/es\/wp-json\/wp\/v2\/media?parent=38044"}],"wp:term":[{"taxonomy":"product_brand","embeddable":true,"href":"https:\/\/nexgendecors.com\/es\/wp-json\/wp\/v2\/product_brand?post=38044"},{"taxonomy":"product_cat","embeddable":true,"href":"https:\/\/nexgendecors.com\/es\/wp-json\/wp\/v2\/product_cat?post=38044"},{"taxonomy":"product_tag","embeddable":true,"href":"https:\/\/nexgendecors.com\/es\/wp-json\/wp\/v2\/product_tag?post=38044"}],"curies":[{"name":"wp","href":"https:\/\/api.w.org\/{rel}","templated":true}]}}