{"id":38112,"date":"2025-01-26T02:05:30","date_gmt":"2025-01-26T02:05:30","guid":{"rendered":"https:\/\/nexgendecors.com\/product\/87-4-velvet-sofa-couch-mid-century-modern-chesterfield-loveseat-classic-button-tufted-2-seater-couch-with-golden-legs-for-living-room-office-bedroom-beige1711879083959\/"},"modified":"2025-04-06T07:52:21","modified_gmt":"2025-04-06T07:52:21","slug":"sofa-chesterfield-de-terciopelo-de-87-pulgadas-moderno-de-mediados-de-siglo-sofa-de-dos-plazas-con-botones-y-capitone-con-patas-doradas-para-sala-de-estar-oficina-y-dormitorio-beige-171187908395","status":"publish","type":"product","link":"https:\/\/nexgendecors.com\/es\/product\/sofa-chesterfield-de-terciopelo-de-87-pulgadas-moderno-de-mediados-de-siglo-sofa-de-dos-plazas-con-botones-y-capitone-con-patas-doradas-para-sala-de-estar-oficina-y-dormitorio-beige-171187908395\/","title":{"rendered":"Sof\u00e1 Chesterfield de terciopelo - Dise\u00f1o moderno de mediados de siglo"},"content":{"rendered":"<p data-mce-fragment=\"1\"><strong data-mce-fragment=\"1\">Elegante sof\u00e1 de dos plazas de terciopelo de mediados de siglo<\/strong><\/p>\n<p data-mce-fragment=\"1\">\ud83c\udf1f <strong data-mce-fragment=\"1\">Caracter\u00edsticas principales<\/strong>:<\/p>\n<ul data-mce-fragment=\"1\">\n<li data-mce-fragment=\"1\">\n<p data-mce-fragment=\"1\"><strong data-mce-fragment=\"1\">Dise\u00f1o atemporal de mediados de siglo<\/strong>Realza tu espacio con este sof\u00e1 de dos plazas de terciopelo capiton\u00e9 de inspiraci\u00f3n de mediados de siglo. Su elegante silueta se realza con una lujosa tapicer\u00eda de terciopelo, creando una pieza atemporal que complementa cualquier decoraci\u00f3n. Los marcos de metal dorado en los brazos a\u00f1aden un toque de elegancia, mientras que la tapicer\u00eda con costuras de diamante en los laterales y el respaldo realza su encanto \u00fanico. \ud83d\udecb\ufe0f\u2728<\/p>\n<\/li>\n<li data-mce-fragment=\"1\">\n<p data-mce-fragment=\"1\"><strong data-mce-fragment=\"1\">Tapicer\u00eda de terciopelo suntuosa<\/strong>Fabricado con tela de terciopelo 100%, este sof\u00e1 de dos plazas presume de una suavidad excepcional y un brillo sutil. El terciopelo no solo es incre\u00edblemente suave y acogedor, sino que tambi\u00e9n ofrece una durabilidad excepcional. Con alta resistencia a la tracci\u00f3n y a las arrugas, este terciopelo eclipsa al resto.<\/p>\n<\/li>\n<li data-mce-fragment=\"1\">\n<p data-mce-fragment=\"1\"><strong data-mce-fragment=\"1\">Comodidad de felpa<\/strong>Sum\u00e9rjase en la comodidad de este sof\u00e1 de dos plazas inspirado en Chesterfield. Dos cojines generosamente acolchados con espuma de alta resiliencia ofrecen un soporte confiable, garantizando que usted y sus invitados puedan relajarse con la m\u00e1xima comodidad. La suave textura del terciopelo a\u00f1ade un toque extra de lujo a los lujosos asientos.<\/p>\n<\/li>\n<li data-mce-fragment=\"1\">\n<p data-mce-fragment=\"1\"><strong data-mce-fragment=\"1\">Construcci\u00f3n robusta y estable<\/strong>Dise\u00f1ado pensando en la durabilidad, este sof\u00e1 de dos plazas cuenta con una estructura de madera maciza de eucalipto y cuatro patas de metal pulido dorado de alta resistencia. Relleno de espuma de muelles embolsados y tapizado en suave terciopelo, soporta hasta 340 kg y puede acomodar c\u00f3modamente de 3 a 4 personas.<\/p>\n<\/li>\n<li data-mce-fragment=\"1\">\n<p data-mce-fragment=\"1\"><strong data-mce-fragment=\"1\">Dimensiones y montaje<\/strong>Con unas dimensiones totales de 220 cm de ancho x 82 cm de profundidad x 75 cm de alto y un amplio asiento de 175 cm de ancho x 62 cm de profundidad x 47 cm de alto, este sof\u00e1 de dos plazas ofrece un amplio espacio sin abrumar el espacio. Con un peso de 52 kg, est\u00e1 dise\u00f1ado para un f\u00e1cil montaje e incluye instrucciones claras y todos los herrajes necesarios. \ud83d\udccf\ud83d\udd27<\/p>\n<\/li>\n<\/ul>\n<p data-mce-fragment=\"1\">Disfrute de la combinaci\u00f3n perfecta de estilo, comodidad y durabilidad con este elegante sof\u00e1 de dos plazas de terciopelo de mediados de siglo. Ya sea para relajarse despu\u00e9s de un largo d\u00eda o para recibir invitados, esta pieza promete ser un complemento funcional y elegante para su hogar. \ud83c\udf1f\ud83c\udfe1<\/p>\n<div><\/div>","protected":false},"excerpt":{"rendered":"<p>Elegante Mid-Century Terciopelo Love Seat \ud83c\udf1f Caracter\u00edsticas principales: Dise\u00f1o atemporal de mediados de siglo: Eleve su espacio de vida con este tufted inspirado en mediados de siglo<\/p>","protected":false},"featured_media":89936,"comment_status":"open","ping_status":"closed","template":"","meta":[],"product_brand":[],"product_cat":[30971,30846,32,30873],"product_tag":[],"class_list":{"0":"post-38112","1":"product","2":"type-product","3":"status-publish","4":"has-post-thumbnail","6":"product_cat-hp","7":"product_cat-living-room","8":"product_cat-residential-furniture","9":"product_cat-sofa","11":"first","12":"instock","13":"taxable","14":"shipping-taxable","15":"purchasable","16":"product-type-variable"},"_links":{"self":[{"href":"https:\/\/nexgendecors.com\/es\/wp-json\/wp\/v2\/product\/38112","targetHints":{"allow":["GET"]}}],"collection":[{"href":"https:\/\/nexgendecors.com\/es\/wp-json\/wp\/v2\/product"}],"about":[{"href":"https:\/\/nexgendecors.com\/es\/wp-json\/wp\/v2\/types\/product"}],"replies":[{"embeddable":true,"href":"https:\/\/nexgendecors.com\/es\/wp-json\/wp\/v2\/comments?post=38112"}],"version-history":[{"count":0,"href":"https:\/\/nexgendecors.com\/es\/wp-json\/wp\/v2\/product\/38112\/revisions"}],"wp:featuredmedia":[{"embeddable":true,"href":"https:\/\/nexgendecors.com\/es\/wp-json\/wp\/v2\/media\/89936"}],"wp:attachment":[{"href":"https:\/\/nexgendecors.com\/es\/wp-json\/wp\/v2\/media?parent=38112"}],"wp:term":[{"taxonomy":"product_brand","embeddable":true,"href":"https:\/\/nexgendecors.com\/es\/wp-json\/wp\/v2\/product_brand?post=38112"},{"taxonomy":"product_cat","embeddable":true,"href":"https:\/\/nexgendecors.com\/es\/wp-json\/wp\/v2\/product_cat?post=38112"},{"taxonomy":"product_tag","embeddable":true,"href":"https:\/\/nexgendecors.com\/es\/wp-json\/wp\/v2\/product_tag?post=38112"}],"curies":[{"name":"wp","href":"https:\/\/api.w.org\/{rel}","templated":true}]}}