{"id":38392,"date":"2025-01-26T02:05:57","date_gmt":"2025-01-26T02:05:57","guid":{"rendered":"https:\/\/nexgendecors.com\/product\/childrens-study-table-writing-table-elementary-school-boy-girl-home-liftable-childrens-desk-chair-desk-and-chair-set\/"},"modified":"2025-04-06T07:52:36","modified_gmt":"2025-04-06T07:52:36","slug":"mesa-de-estudio-para-ninos-mesa-de-escritura-escritorio-elevable-para-ninos-de-escuela-primaria-juego-de-escritorio-y-silla-para-ninos","status":"publish","type":"product","link":"https:\/\/nexgendecors.com\/es\/product\/mesa-de-estudio-para-ninos-mesa-de-escritura-escritorio-elevable-para-ninos-de-escuela-primaria-juego-de-escritorio-y-silla-para-ninos\/","title":{"rendered":"Juego de mesa y silla de estudio ajustable para ni\u00f1os: elegante y funcional"},"content":{"rendered":"<p>\ud83c\udf1f <strong>Entorno de aprendizaje vers\u00e1til y seguro<\/strong>El juego de mesa y silla de aprendizaje para ni\u00f1os ofrece una soluci\u00f3n segura y duradera para los m\u00e1s peque\u00f1os. Fabricado con materiales ecol\u00f3gicos, con patas estables que no rebotan y reforzadas con gruesos soportes de acero al carbono.<\/p>\n<p>\u2b06\ufe0f <strong>Ajustable para necesidades crecientes<\/strong>Tanto la mesa como la silla se pueden ajustar para adaptarse a los ni\u00f1os a medida que crecen, con m\u00faltiples opciones de altura que garantizan comodidad y apoyo ergon\u00f3mico desde el jard\u00edn de infantes hasta la escuela secundaria.<\/p>\n<p>\ud83d\udcd0 <strong>Promueve una postura saludable<\/strong>:Dise\u00f1ado para promover la alineaci\u00f3n adecuada de la columna y una postura correcta al sentarse, creando un entorno ideal para el aprendizaje y el desarrollo a cualquier edad.<\/p>\n<p>\ud83c\udfa8 <strong>Funcional y organizado<\/strong>:Cuenta con un caj\u00f3n incorporado para guardar material de oficina y un pr\u00e1ctico gancho lateral para colgar mochilas, fomentando la organizaci\u00f3n y estimulando h\u00e1bitos de orden.<\/p>\n<p>\ud83d\udcda <strong>Perfecto para aprender y jugar.<\/strong>Ideal para la escuela, sesiones de estudio y uso en el hogar, este conjunto fomenta la creatividad con un amplio espacio para dibujar y guardar elementos esenciales, proporcionando un espacio dedicado al aprendizaje productivo y actividades agradables.<\/p>\n<ul>\n<li>\n<strong>marca<\/strong>:LIEORZORE\/LeZhuo<\/li>\n<li>\n<strong>modelo<\/strong>:Escritorio de barra paralela<\/li>\n<li>\n<strong>Material<\/strong>:Paneles a base de madera<\/li>\n<li>\n<strong>Tipos de tableros artificiales<\/strong>:Tablero de densidad\/tablero de fibra<\/li>\n<li>\n<strong>estilo<\/strong>:Simple y moderno<\/li>\n<li>\n<strong>ordenar por color<\/strong>:Los mismos escritorios y sillas en la escuela + verde fresco (60*40), los mismos escritorios y sillas en la escuela + rosa (60*40), los mismos escritorios y sillas en la escuela + azul (60*40), los mismos escritorios y sillas en la escuela + color madera (60*40), LS school mismos escritorios y sillas + verde fresco (60*40), LS school mismos escritorios y sillas + verde s\u00e9samo (60*40), LS school mismos escritorios y sillas + azul (60*40), LS school mismos escritorios y sillas + color madera (60*40), LS school mismos escritorios y sillas + rosa (60*40), buque insignia 65*45 escritorios y sillas + verde s\u00e9samo, buque insignia 65*45 escritorios y sillas + azul, buque insignia 65*45 Mesas y sillas + verde claro, buque insignia 65*45 mesas y sillas + color de veta de madera, buque insignia 65*45 mesas y sillas + rosa, buque insignia (70*50 mesas y sillas) + verde s\u00e9samo, buque insignia (70*50 mesas y sillas) + azul, buque insignia (70*50 mesas y sillas) + gris claro, buque insignia (70*50 mesas y sillas) + verde fresco, buque insignia (70*50 mesas y sillas) + color madera, buque insignia (70*50 mesas y sillas) + rosa, mesa de estudio grande curva 70*50 + verde s\u00e9samo, mesa de estudio grande curva 70*50 + gris, mesa de estudio grande curva 70*50 + azul, mesa de estudio grande curva 70*50 + rosa, mesa de estudio grande curva 70*50 Mesa + Verde fresco, Mesa de estudio grande curva 70*50 + Color madera, Mesa y silla curvas + Azul (60*45), Mesa y silla curvas + Rosa (60*45), Mesa y silla curvas + Color madera (60*45), Mesa y silla de pl\u00e1stico PP 68*48 + Gris, Mesa y silla de pl\u00e1stico PP 68*48 Silla + Azul claro, Pl\u00e1stico PP 68*48 Mesa y silla + Rosa, C\u00f3moda mesa 70*50 + Silla + Color de veta de madera, C\u00f3moda mesa 70*50 + Silla + Verde s\u00e9samo, C\u00f3moda mesa 70*50 + Silla + Azul pr\u00edncipe, C\u00f3moda mesa 70*50 + Silla + Rosa princesa, Esponja 70*50 Mesa + Silla + Color de veta de madera, Esponja 70*50 mesas + sillas + verde s\u00e9samo, modelo de esponja 70*50 mesas + sillas + azul pr\u00edncipe, modelo de esponja 70*50 mesas + sillas + rosa princesa, esponja de alta elasticidad 80*50 mesas + sillas + azul, esponja de alta elasticidad 80*50 mesas + sillas + rosa, esponja de alta elasticidad 80*50 mesas + sillas + gris veta de madera, esponja de alta elasticidad 80*50 mesas + sillas + verde s\u00e9samo, Una esponja de alta elasticidad 80*50 mesas + sillas + azul, Una esponja de alta elasticidad 80*50 mesas + sillas + rosa, Una esponja de alta elasticidad 80*50 mesas + sillas + veta de madera gris, Una esponja de alta elasticidad 80*50 mesas + sillas + verde s\u00e9samo, mesa sin respaldo del mismo estilo escolar + taburete (60*40CM)<\/li>\n<li>\n<strong>Peso bruto<\/strong>:14 kilos<\/li>\n<li>\n<strong>Material de acabado<\/strong>:Paneles a base de madera<\/li>\n<li>\n<strong>Proceso de acabado de tableros artificiales<\/strong>:Mate<\/li>\n<li>\n<strong>\u00bfEs personalizable?<\/strong>:No<\/li>\n<li>\n<strong>M\u00e9todo de elevaci\u00f3n<\/strong>:Tirar con la mano<\/li>\n<li>\n<strong>Adecuado<\/strong>:ni\u00f1o<\/li>\n<li>\n<strong>Estructura del mobiliario<\/strong>:Estructura de soporte<\/li>\n<li>\n<strong>Origen<\/strong>Provincia de Jiangxi<\/li>\n<li>\n<strong>ciudad<\/strong>:Ciudad de Fuzhou<\/li>\n<li>\n<strong>Distritos y condados<\/strong>:Condado de Nancheng<\/li>\n<li>\n<strong>Armar<\/strong>:No<\/li>\n<li>\n<strong>volumen del paquete<\/strong>:72*52*18cm<\/li>\n<li>\n<strong>Componentes incluidos<\/strong>:otro<\/li>\n<li>\n<strong>\u00bfHay taxi disponible para transporte?<\/strong>:S\u00ed<\/li>\n<li>\n<strong>Posicionamiento de estilo<\/strong>:Econ\u00f3mico<\/li>\n<li>\n<strong>Detalles de las instrucciones de instalaci\u00f3n<\/strong>:Proporcione un video de instrucciones de instalaci\u00f3n y herramientas de instalaci\u00f3n sencillas.<\/li>\n<li>\n<strong>\u00bfSe proporciona servicio de instalaci\u00f3n?<\/strong>:No<\/li>\n<li>\n<strong><\/strong>:<\/li>\n<\/ul>","protected":false},"excerpt":{"rendered":"<p>\ud83c\udf1f Entorno de aprendizaje vers\u00e1til y seguro: el juego de mesa y silla de aprendizaje para ni\u00f1os ofrece una soluci\u00f3n segura y duradera para<\/p>","protected":false},"featured_media":90203,"comment_status":"open","ping_status":"closed","template":"","meta":[],"product_brand":[],"product_cat":[30971,30849],"product_tag":[],"class_list":{"0":"post-38392","1":"product","2":"type-product","3":"status-publish","4":"has-post-thumbnail","6":"product_cat-hp","7":"product_cat-kindergarten-school-furniture","9":"first","10":"instock","11":"taxable","12":"shipping-taxable","13":"purchasable","14":"product-type-variable"},"_links":{"self":[{"href":"https:\/\/nexgendecors.com\/es\/wp-json\/wp\/v2\/product\/38392","targetHints":{"allow":["GET"]}}],"collection":[{"href":"https:\/\/nexgendecors.com\/es\/wp-json\/wp\/v2\/product"}],"about":[{"href":"https:\/\/nexgendecors.com\/es\/wp-json\/wp\/v2\/types\/product"}],"replies":[{"embeddable":true,"href":"https:\/\/nexgendecors.com\/es\/wp-json\/wp\/v2\/comments?post=38392"}],"version-history":[{"count":0,"href":"https:\/\/nexgendecors.com\/es\/wp-json\/wp\/v2\/product\/38392\/revisions"}],"wp:featuredmedia":[{"embeddable":true,"href":"https:\/\/nexgendecors.com\/es\/wp-json\/wp\/v2\/media\/90203"}],"wp:attachment":[{"href":"https:\/\/nexgendecors.com\/es\/wp-json\/wp\/v2\/media?parent=38392"}],"wp:term":[{"taxonomy":"product_brand","embeddable":true,"href":"https:\/\/nexgendecors.com\/es\/wp-json\/wp\/v2\/product_brand?post=38392"},{"taxonomy":"product_cat","embeddable":true,"href":"https:\/\/nexgendecors.com\/es\/wp-json\/wp\/v2\/product_cat?post=38392"},{"taxonomy":"product_tag","embeddable":true,"href":"https:\/\/nexgendecors.com\/es\/wp-json\/wp\/v2\/product_tag?post=38392"}],"curies":[{"name":"wp","href":"https:\/\/api.w.org\/{rel}","templated":true}]}}