{"id":38701,"date":"2025-01-26T02:06:20","date_gmt":"2025-01-26T02:06:20","guid":{"rendered":"https:\/\/nexgendecors.com\/product\/simple-modern-single-sofa-chair-living-room-balcony-retro-leisure-recliner-small-italian-light-luxury-lazy-sofa\/"},"modified":"2025-04-06T07:53:02","modified_gmt":"2025-04-06T07:53:02","slug":"sofa-individual-sencillo-y-moderno-para-sala-de-estar-balcon-estilo-retro-reclinable-pequeno-italiano-ligero-de-lujo-para-perezosos","status":"publish","type":"product","link":"https:\/\/nexgendecors.com\/es\/product\/sofa-individual-sencillo-y-moderno-para-sala-de-estar-balcon-estilo-retro-reclinable-pequeno-italiano-ligero-de-lujo-para-perezosos\/","title":{"rendered":"Sill\u00f3n de cuero sin brazos: dise\u00f1o elegante y moderno"},"content":{"rendered":"<h2>Sill\u00f3n de cuero sin brazos: elegancia y versatilidad<\/h2>\n<p>Realce su sala de estar con nuestra silla decorativa de cuero sin brazos, una opci\u00f3n elegante y vers\u00e1til que aporta sofisticaci\u00f3n y comodidad a cualquier habitaci\u00f3n. Su dise\u00f1o elegante y su lujoso tapizado de cuero la convierten en una pieza destacada, perfecta para a\u00f1adir un toque de elegancia a su decoraci\u00f3n.<\/p>\n<h3>Por qu\u00e9 te encantar\u00e1 esta silla decorativa:<\/h3>\n<ul>\n<li>\n<strong>Dise\u00f1o elegante<\/strong>:La estructura sin brazos ofrece un aspecto aerodin\u00e1mico y moderno que mejora el atractivo visual de cualquier espacio. \u2728<\/li>\n<li>\n<strong>Flexibilidad y libertad<\/strong>:La ausencia de apoyabrazos permite una mayor movilidad y una sensaci\u00f3n de apertura, lo que lo hace ideal para habitaciones m\u00e1s peque\u00f1as o espacios donde la flexibilidad es clave. \ud83c\udf1f<\/li>\n<li>\n<strong>Tapicer\u00eda de cuero de lujo<\/strong>El material de cuero atemporal no solo agrega un toque sofisticado, sino que tambi\u00e9n garantiza durabilidad y f\u00e1cil mantenimiento. \ud83d\udecb\ufe0f<\/li>\n<\/ul>\n<h3>Beneficios:<\/h3>\n<ul>\n<li>\n<strong>Optimizaci\u00f3n del espacio<\/strong>:El dise\u00f1o sin brazos hace que esta silla se adapte perfectamente a espacios reducidos o multifuncionales, maximizando la eficiencia de la habitaci\u00f3n. \ud83c\udfe0<\/li>\n<li>\n<strong>Durable y f\u00e1cil de limpiar<\/strong>:El cuero resiste el desgaste diario y es f\u00e1cil de limpiar, lo que lo convierte en una opci\u00f3n pr\u00e1ctica para hogares con ni\u00f1os o mascotas. \ud83d\udcaa<\/li>\n<li>\n<strong>Atractivo atemporal<\/strong>El aspecto cl\u00e1sico y la calidad duradera del cuero hacen de esta silla un complemento vers\u00e1til que complementa una variedad de estilos de interiores. \ud83c\udf3f<\/li>\n<\/ul>\n<p>Agregue un toque de lujo y versatilidad a su hogar con nuestra silla decorativa de cuero sin brazos. <strong>\u00a1Explore esta elegante opci\u00f3n de asiento ahora y mejore su espacio vital con estilo y comodidad!<\/strong> \ud83d\uded2<\/p>\n<ul>\n<li>\n<strong>marca<\/strong>:otro\/otro<\/li>\n<li>\n<strong>modelo<\/strong>:2335<\/li>\n<li>\n<strong>Material<\/strong>:pa\u00f1o<\/li>\n<li>\n<strong>patr\u00f3n<\/strong>:abstracto<\/li>\n<li>\n<strong>estilo<\/strong>:Estilo de lujo ligero<\/li>\n<li>\n<strong>elementos populares<\/strong>:Metal, forma especial, empalme<\/li>\n<li>\n<strong>ordenar por color<\/strong>:Cuero de microfibra blanco roto, cuero de microfibra gris claro, cuero de microfibra gris oscuro, cuero de microfibra verde oliva, cuero de microfibra azul gris\u00e1ceo, cuero de microfibra naranja, notas de color del pedal, consulta de color personalizado<\/li>\n<li>\n<strong>Peso bruto<\/strong>:35<\/li>\n<li>\n<strong>Relleno<\/strong>:Plum\u00f3n de ganso<\/li>\n<li>\n<strong>\u00bfEs personalizable?<\/strong>:No<\/li>\n<li>\n<strong>Adecuado<\/strong>:Adultos<\/li>\n<li>\n<strong>\u00bfEs reemplazable?<\/strong>:No<\/li>\n<li>\n<strong>Entrega\/instalaci\u00f3n disponible<\/strong>:Otros, Beijing, Chongqing, Shanghai, Tianjin, Shenzhen, Chengdu, Shenyang, Dalian, Harbin, Nanjing, Wuxi, Changzhou, Suzhou, Hangzhou, Ningbo, Wenzhou, Jinhua, Taizhou, Fuzhou, Xiamen, Nanchang, Qingdao, Zhengzhou, Wuhan, Changsha, Guangzhou, Foshan, Dongguan, Nanning, Guiyang, Xi&#039;an<\/li>\n<li>\n<strong>Armar<\/strong>:No<\/li>\n<li>\n<strong>volumen del paquete<\/strong>:0.65<\/li>\n<li>\n<strong>\u00bfHay taxi disponible para transporte?<\/strong>:No<\/li>\n<li>\n<strong>Posicionamiento de estilo<\/strong>:Lujo de calidad<\/li>\n<li>\n<strong>Detalles de las instrucciones de instalaci\u00f3n<\/strong>:Proporcione un video de instrucciones de instalaci\u00f3n, un manual de instalaci\u00f3n y herramientas de instalaci\u00f3n sencillas.<\/li>\n<li>\n<strong><\/strong>:<\/li>\n<\/ul>\n<p><img><\/p>","protected":false},"excerpt":{"rendered":"<p>Sill\u00f3n decorativo de cuero sin brazos: la elegancia se combina con la versatilidad Mejore su espacio vital con nuestro sill\u00f3n decorativo de cuero sin brazos, un elegante<\/p>","protected":false},"featured_media":90418,"comment_status":"open","ping_status":"closed","template":"","meta":[],"product_brand":[],"product_cat":[30855,30862,30971,30860,30850],"product_tag":[],"class_list":{"0":"post-38701","1":"product","2":"type-product","3":"status-publish","4":"has-post-thumbnail","6":"product_cat-wholesale-chairs","7":"product_cat-wholesales-hotels","8":"product_cat-hp","9":"product_cat-wholesale-restaurant","10":"product_cat-wholesale-furniture","12":"first","13":"instock","14":"taxable","15":"shipping-taxable","16":"purchasable","17":"product-type-variable"},"_links":{"self":[{"href":"https:\/\/nexgendecors.com\/es\/wp-json\/wp\/v2\/product\/38701","targetHints":{"allow":["GET"]}}],"collection":[{"href":"https:\/\/nexgendecors.com\/es\/wp-json\/wp\/v2\/product"}],"about":[{"href":"https:\/\/nexgendecors.com\/es\/wp-json\/wp\/v2\/types\/product"}],"replies":[{"embeddable":true,"href":"https:\/\/nexgendecors.com\/es\/wp-json\/wp\/v2\/comments?post=38701"}],"version-history":[{"count":0,"href":"https:\/\/nexgendecors.com\/es\/wp-json\/wp\/v2\/product\/38701\/revisions"}],"wp:featuredmedia":[{"embeddable":true,"href":"https:\/\/nexgendecors.com\/es\/wp-json\/wp\/v2\/media\/90418"}],"wp:attachment":[{"href":"https:\/\/nexgendecors.com\/es\/wp-json\/wp\/v2\/media?parent=38701"}],"wp:term":[{"taxonomy":"product_brand","embeddable":true,"href":"https:\/\/nexgendecors.com\/es\/wp-json\/wp\/v2\/product_brand?post=38701"},{"taxonomy":"product_cat","embeddable":true,"href":"https:\/\/nexgendecors.com\/es\/wp-json\/wp\/v2\/product_cat?post=38701"},{"taxonomy":"product_tag","embeddable":true,"href":"https:\/\/nexgendecors.com\/es\/wp-json\/wp\/v2\/product_tag?post=38701"}],"curies":[{"name":"wp","href":"https:\/\/api.w.org\/{rel}","templated":true}]}}