{"id":38797,"date":"2025-01-26T02:06:31","date_gmt":"2025-01-26T02:06:31","guid":{"rendered":"https:\/\/nexgendecors.com\/product\/bentley-light-luxury-sofa-combination-designer-villa-large-apartment-living-room-high-end-italian-hong-kong-style-leather-sofa-living-room\/"},"modified":"2025-04-06T07:53:26","modified_gmt":"2025-04-06T07:53:26","slug":"combinacion-de-sofas-de-lujo-bentley-light-diseno-de-villa-gran-apartamento-sala-de-estar-sofa-de-cuero-de-alta-gama-estilo-italiano-de-hong-kong","status":"publish","type":"product","link":"https:\/\/nexgendecors.com\/es\/product\/combinacion-de-sofas-de-lujo-bentley-light-diseno-de-villa-gran-apartamento-sala-de-estar-sofa-de-cuero-de-alta-gama-estilo-italiano-de-hong-kong\/","title":{"rendered":"Sof\u00e1 de cuero de lujo Bentley para salas de estar elegantes"},"content":{"rendered":"<h4>M\u00e1ximo lujo y comodidad<\/h4>\n<p>Experimente la m\u00e1xima expresi\u00f3n del lujo y la comodidad con el sof\u00e1 de lujo Bentley Light. Fabricado con la mejor piel italiana, este sof\u00e1 ofrece una suavidad y durabilidad inigualables. Su exquisito dise\u00f1o a\u00f1ade un toque de sofisticaci\u00f3n a cualquier sala de estar, convirti\u00e9ndolo en la opci\u00f3n perfecta para quienes valoran la elegancia y la comodidad.<\/p>\n<h4>Perfecto para espaciosas \u00e1reas de estar<\/h4>\n<p>Dise\u00f1ado para apartamentos y villas grandes, el sof\u00e1 Bentley es m\u00e1s que un simple mueble; es una declaraci\u00f3n de estilo. Su generoso tama\u00f1o y su combinaci\u00f3n modular le permiten personalizar la disposici\u00f3n de sus asientos para que se adapte perfectamente a su espacio. Disfrute de la combinaci\u00f3n de dise\u00f1o de alta gama y funcionalidad pr\u00e1ctica que enriquecer\u00e1 su experiencia de vida.<\/p>\n<h4>Sofisticaci\u00f3n al estilo de Hong Kong<\/h4>\n<p>Infunda en su hogar el estilo elegante y moderno de Hong Kong. El sof\u00e1 Bentley combina la artesan\u00eda tradicional con la est\u00e9tica contempor\u00e1nea, creando una pieza atemporal y moderna. Sus l\u00edneas limpias y su lujoso acabado realzar\u00e1n la decoraci\u00f3n de su sala de estar, convirti\u00e9ndolo en una aut\u00e9ntica pieza central.<\/p>\n<ul>\n<li>\n<strong>marca<\/strong>:otro\/otro<\/li>\n<li>\n<strong>modelo<\/strong>:ZSMJ-06<\/li>\n<li>\n<strong>Material<\/strong>:Madera<\/li>\n<li>\n<strong>Material de madera<\/strong>:Madera de caucho<\/li>\n<li>\n<strong>patr\u00f3n<\/strong>:Arte<\/li>\n<li>\n<strong>estilo<\/strong>:Estilo de lujo ligero<\/li>\n<li>\n<strong>N\u00famero de personas aplicable<\/strong>:combinaci\u00f3n<\/li>\n<li>\n<strong>elementos populares<\/strong>:Muerte y espiga, tronco, forma especial, metal, espejo<\/li>\n<li>\n<strong>ordenar por color<\/strong>: Asiento individual (cuero de vaca de primera capa importado), asiento doble (cuero de vaca de primera capa importado), tres asientos (cuero de vaca de primera capa importado), cuatro asientos (cuero de vaca de primera capa importado), mesa de caf\u00e9, mueble de TV, un par de mesas auxiliares, individual + doble + tres personas (cuero de vaca de primera capa importado), individual + doble + cuatro personas (cuero de vaca de primera capa importado), individual + doble + tres personas + mesa de caf\u00e9 + mueble de TV, individual + doble + cuatro personas + mesa de caf\u00e9 + mueble de TV, individual + doble + tres personas + mesa de caf\u00e9 + mueble de TV + un par de mesas auxiliares, individual + doble + cuatro personas + mesa de caf\u00e9 + mueble de TV + un par de mesas auxiliares, sentado<\/li>\n<li>\n<strong>Relleno<\/strong>:esponja<\/li>\n<li>\n<strong>Tecnolog\u00eda estructural<\/strong>:Artesan\u00eda en madera<\/li>\n<li>\n<strong>Tecnolog\u00eda de estructura de madera<\/strong>:Estructura de mortaja y espiga<\/li>\n<li>\n<strong>\u00bfEs personalizable?<\/strong>:S\u00ed<\/li>\n<li>\n<strong>Combinaci\u00f3n de sof\u00e1s<\/strong>:Forma de U<\/li>\n<li>\n<strong>Adecuado<\/strong>:Adultos<\/li>\n<li>\n<strong>\u00bfHay espacio de almacenamiento?<\/strong>:No<\/li>\n<li>\n<strong>Proceso de acabado del cuero<\/strong>:Barniz<\/li>\n<li>\n<strong>Material de cuero<\/strong>:Capa superior de piel de vaca<\/li>\n<li>\n<strong>Entrega\/instalaci\u00f3n disponible<\/strong>:A nivel nacional,Otros,Nanchang,Harbin,Dalian,Shenyang,Xi&#039;an,Guiyang,Zhengzhou,Jinhua,Changsha,Beijing,Changzhou,Chengdu,Dongguan,Foshan, Fuzhou, Guangzhou, Hangzhou, Nanjing, Nanning, Ningbo, Qingdao, Shanghai, Shenzhen, Suzhou, Taizhou, Tianjin, Wenzhou, Wuxi, Wuhan, Xiamen, Chongqing<\/li>\n<li>\n<strong>Origen<\/strong>:Provincia de Jiangsu<\/li>\n<li>\n<strong>ciudad<\/strong>:Ciudad de Suzhou<\/li>\n<li>\n<strong>Distritos y condados<\/strong>:Distrito de Xiangcheng<\/li>\n<li>\n<strong>Armar<\/strong>:No<\/li>\n<li>\n<strong>volumen del paquete<\/strong>:6<\/li>\n<li>\n<strong>\u00bfHay taxi disponible para transporte?<\/strong>:No<\/li>\n<li>\n<strong>Dureza del relleno<\/strong>:suave<\/li>\n<li>\n<strong>Posicionamiento de estilo<\/strong>:Lujo de calidad<\/li>\n<li>\n<strong>Detalles de las instrucciones de instalaci\u00f3n<\/strong>:No hay instrucciones de instalaci\u00f3n<\/li>\n<li>\n<strong>Gama de acabados de cuero<\/strong>:Superficie de contacto<\/li>\n<li>\n<strong><\/strong>:<\/li>\n<\/ul>\n<p><img><\/p>","protected":false},"excerpt":{"rendered":"<p>M\u00e1ximo lujo y comodidad. Experimente la cima del lujo y la comodidad con el sof\u00e1 de lujo ligero Bentley. Fabricado con...<\/p>","protected":false},"featured_media":90562,"comment_status":"open","ping_status":"closed","template":"","meta":[],"product_brand":[],"product_cat":[30862,30971,30850],"product_tag":[],"class_list":{"0":"post-38797","1":"product","2":"type-product","3":"status-publish","4":"has-post-thumbnail","6":"product_cat-wholesales-hotels","7":"product_cat-hp","8":"product_cat-wholesale-furniture","10":"first","11":"instock","12":"taxable","13":"shipping-taxable","14":"purchasable","15":"product-type-variable"},"_links":{"self":[{"href":"https:\/\/nexgendecors.com\/es\/wp-json\/wp\/v2\/product\/38797","targetHints":{"allow":["GET"]}}],"collection":[{"href":"https:\/\/nexgendecors.com\/es\/wp-json\/wp\/v2\/product"}],"about":[{"href":"https:\/\/nexgendecors.com\/es\/wp-json\/wp\/v2\/types\/product"}],"replies":[{"embeddable":true,"href":"https:\/\/nexgendecors.com\/es\/wp-json\/wp\/v2\/comments?post=38797"}],"version-history":[{"count":0,"href":"https:\/\/nexgendecors.com\/es\/wp-json\/wp\/v2\/product\/38797\/revisions"}],"wp:featuredmedia":[{"embeddable":true,"href":"https:\/\/nexgendecors.com\/es\/wp-json\/wp\/v2\/media\/90562"}],"wp:attachment":[{"href":"https:\/\/nexgendecors.com\/es\/wp-json\/wp\/v2\/media?parent=38797"}],"wp:term":[{"taxonomy":"product_brand","embeddable":true,"href":"https:\/\/nexgendecors.com\/es\/wp-json\/wp\/v2\/product_brand?post=38797"},{"taxonomy":"product_cat","embeddable":true,"href":"https:\/\/nexgendecors.com\/es\/wp-json\/wp\/v2\/product_cat?post=38797"},{"taxonomy":"product_tag","embeddable":true,"href":"https:\/\/nexgendecors.com\/es\/wp-json\/wp\/v2\/product_tag?post=38797"}],"curies":[{"name":"wp","href":"https:\/\/api.w.org\/{rel}","templated":true}]}}