{"id":38813,"date":"2025-01-26T02:06:33","date_gmt":"2025-01-26T02:06:33","guid":{"rendered":"https:\/\/nexgendecors.com\/product\/bisha-original-french-cream-style-chandelier-vintage-design-island-taiwan-guest-restaurant-room-bedroom-bedside\/"},"modified":"2025-04-06T07:53:31","modified_gmt":"2025-04-06T07:53:31","slug":"lampara-de-arana-original-de-estilo-frances-crema-bisha-diseno-vintage-isla-de-taiwan-restaurante-para-invitados-habitacion-dormitorio-mesita-de-noche","status":"publish","type":"product","link":"https:\/\/nexgendecors.com\/es\/product\/lampara-de-arana-original-de-estilo-frances-crema-bisha-diseno-vintage-isla-de-taiwan-restaurante-para-invitados-habitacion-dormitorio-mesita-de-noche\/","title":{"rendered":"L\u00e1mpara de ara\u00f1a francesa Bisha color crema: estilo elegante y caracter\u00edsticas"},"content":{"rendered":"<p><strong>L\u00e1mpara de ara\u00f1a Bisha Original French Cream Style: una elegancia vintage para cada espacio<\/strong><\/p>\n<p>Transforme su espacio con la l\u00e1mpara de ara\u00f1a Bisha Original French Cream Style, una pieza impresionante que encarna la elegancia vintage con un toque moderno. Perfecta para cocinas con isla, habitaciones de invitados, restaurantes, dormitorios y mesitas de noche, esta l\u00e1mpara es una aut\u00e9ntica declaraci\u00f3n de sofisticaci\u00f3n.<\/p>\n<p><strong>Dise\u00f1o cl\u00e1sico franc\u00e9s:<\/strong><\/p>\n<ul>\n<li>Inspirada en la est\u00e9tica tradicional francesa, su acabado crema a\u00f1ade un toque de elegancia atemporal a cualquier estancia. Sus delicadas curvas y sus intrincados detalles la convierten en una pieza central que irradia encanto y gracia.<\/li>\n<\/ul>\n<p><strong>Colocaci\u00f3n vers\u00e1til:<\/strong><\/p>\n<ul>\n<li>Ya sea sobre una isla en la cocina, iluminando un acogedor rinc\u00f3n del restaurante o a\u00f1adiendo una suave luz a la habitaci\u00f3n, esta l\u00e1mpara de ara\u00f1a se integra a la perfecci\u00f3n en diversos espacios. Su dise\u00f1o es tan vers\u00e1til que realza tanto interiores modernos como cl\u00e1sicos.<\/li>\n<\/ul>\n<p><strong>Luz c\u00e1lida y acogedora:<\/strong><\/p>\n<ul>\n<li>Los suaves tonos crema y el dise\u00f1o vintage crean un ambiente c\u00e1lido y acogedor, perfecto para crear un ambiente relajante. Es ideal para espacios donde la comodidad y el estilo son primordiales.<\/li>\n<\/ul>\n<p><strong>Artesan\u00eda de alta calidad:<\/strong><\/p>\n<ul>\n<li>Elaborada con atenci\u00f3n al detalle, la l\u00e1mpara de ara\u00f1a Bisha est\u00e1 hecha para durar. Su robusta construcci\u00f3n garantiza que no solo luzca hermosa, sino que tambi\u00e9n resista el paso del tiempo.<\/li>\n<\/ul>\n<p>Mejore su decoraci\u00f3n con la l\u00e1mpara de ara\u00f1a de estilo crema franc\u00e9s original de Bisha, donde el dise\u00f1o vintage se combina con la funcionalidad moderna, aportando un toque de lujo y calidez a cada habitaci\u00f3n.<\/p>\n<ul>\n<li>\n<strong>marca<\/strong>:otro\/otro<\/li>\n<li>\n<strong>modelo<\/strong>:10101 Pulpo<\/li>\n<li>\n<strong>estilo<\/strong>:Europa del Norte<\/li>\n<li>\n<strong>Origen<\/strong>:China continental<\/li>\n<li>\n<strong>ordenar por color<\/strong>:Blanco\/Cabezal individual\/Mini di\u00e1metro 20 cm (Superficie esmerilada), Blanco\/Cabezal individual\/Peque\u00f1o di\u00e1metro 30 cm (Superficie esmerilada), Blanco\/Cabezal individual\/Mediano di\u00e1metro 38 cm (Superficie esmerilada), Blanco\/Cabezal individual\/Grande di\u00e1metro 45 cm (Superficie esmerilada), Blanco\/Placa larga 3 cabezales\/Mini (Superficie esmerilada), Blanco\/Placa larga 3 cabezales\/Peque\u00f1o (Superficie esmerilada), Blanco\/Disco 3 cabezales\/Mini (Superficie esmerilada), Blanco\/Disco 3 cabezales\/Peque\u00f1o (Superficie esmerilada), Blanco\/Disco 3 cabezales\/Mixto (Superficie esmerilada), Color madera\/Cabezal individual\/Mini di\u00e1metro 20 cm (Superficie esmerilada), Color madera\/Cabezal individual\/Peque\u00f1o di\u00e1metro 30 cm (Superficie esmerilada), Color madera\/Cabezal individual\/Mediano di\u00e1metro 38 cm (Superficie esmerilada), Color madera\/Cabezal individual\/Grande di\u00e1metro 45 cm (Superficie esmerilada), color madera\/placa larga de 3 cabezas\/mini (superficie esmerilada), color madera\/placa larga de 3 cabezas\/peque\u00f1a (superficie esmerilada), color madera\/disco de 3 cabezas\/mini (superficie esmerilada), color madera\/disco de 3 cabezas\/peque\u00f1o (superficie esmerilada), color madera\/disco de 3 cabezas\/mixto (superficie esmerilada), rosa\/cabezal \u00fanico\/di\u00e1metro mini de 20 cm (superficie esmerilada), rosa\/cabezal \u00fanico\/di\u00e1metro peque\u00f1o de 30 cm (superficie esmerilada), rosa\/cabezal \u00fanico\/di\u00e1metro mediano de 38 cm (superficie esmerilada), rosa\/cabezal \u00fanico\/di\u00e1metro grande de 45 cm (superficie esmerilada), rosa\/placa larga de 3 cabezas\/mini (superficie esmerilada), rosa\/placa larga de 3 cabezas\/peque\u00f1a (superficie esmerilada), rosa\/disco de 3 cabezas\/mini (superficie esmerilada), rosa\/disco de 3 cabezas\/peque\u00f1o (superficie esmerilada), rosa\/disco 3 Cabezales\/mixtos (superficie esmerilada), blanco\/techo\/di\u00e1metro mini 20 cm (superficie esmerilada), color madera\/techo\/di\u00e1metro mini 20 cm (superficie esmerilada), rosa\/techo\/di\u00e1metro mini 20 cm (superficie esmerilada)<\/li>\n<li>\n<strong>\u00bfLa l\u00e1mpara tiene una fuente de luz?<\/strong>:No<\/li>\n<li>\n<strong>Servicio en la ciudad<\/strong>:Log\u00edstica intraurbana de entrega puerta a puerta<\/li>\n<li>\n<strong>Voltaje<\/strong>:220 V<\/li>\n<li>\n<strong>Material principal del cuerpo de la l\u00e1mpara.<\/strong>:Fibra de vidrio<\/li>\n<li>\n<strong>Material principal de la pantalla de la l\u00e1mpara<\/strong>:Fibra de vidrio<\/li>\n<li>\n<strong>tipo de fuente de luz<\/strong>:Luces LED<\/li>\n<li>\n<strong>N\u00famero de fuentes de luz<\/strong>:1<\/li>\n<li>\n<strong>Tecnolog\u00eda<\/strong>:Otro<\/li>\n<li>\n<strong>\u00c1rea de irradiaci\u00f3n<\/strong>:10\u33a1-15\u33a1,15\u33a1-30\u33a1,5\u33a1-10\u33a1<\/li>\n<li>\n<strong>Tipo de control<\/strong>:Control no inteligente<\/li>\n<li>\n<strong>Material auxiliar para pantallas de l\u00e1mparas<\/strong>:Resina<\/li>\n<li>\n<strong>Per\u00edodo de garant\u00eda<\/strong>:3 a\u00f1os<\/li>\n<li>\n<strong>Material auxiliar del cuerpo de la l\u00e1mpara<\/strong>:Resina<\/li>\n<li>\n<strong>Tipo inteligente<\/strong>:No hay soporte para smart<\/li>\n<li>\n<strong>Ya sea control inteligente<\/strong>:No<\/li>\n<li>\n<strong>Forma de la l\u00e1mpara<\/strong>:L\u00e1mpara de ara\u00f1a de l\u00ednea de pescado<\/li>\n<li>\n<strong>N\u00famero de accesorios<\/strong>:1<\/li>\n<li>\n<strong>N\u00famero de cabezales de l\u00e1mpara<\/strong>:1<\/li>\n<li>\n<strong>Tipo de l\u00e1mpara de ara\u00f1a<\/strong>:L\u00e1mpara de ara\u00f1a de resina<\/li>\n<li>\n<strong>N\u00famero de certificado 3C<\/strong>:2020181001018046<\/li>\n<li>\n<strong><\/strong>:<\/li>\n<\/ul>","protected":false},"excerpt":{"rendered":"<p>L\u00e1mpara de ara\u00f1a Bisha Original French Cream Style: una elegancia vintage para cada espacio Transforme su espacio con la l\u00e1mpara de ara\u00f1a Bisha Original French Cream Style: una elegancia vintage para cada espacio<\/p>","protected":false},"featured_media":90581,"comment_status":"open","ping_status":"closed","template":"","meta":[],"product_brand":[],"product_cat":[30971,30864],"product_tag":[],"class_list":{"0":"post-38813","1":"product","2":"type-product","3":"status-publish","4":"has-post-thumbnail","6":"product_cat-hp","7":"product_cat-new-wholesales-lights","9":"first","10":"instock","11":"taxable","12":"shipping-taxable","13":"purchasable","14":"product-type-variable"},"_links":{"self":[{"href":"https:\/\/nexgendecors.com\/es\/wp-json\/wp\/v2\/product\/38813","targetHints":{"allow":["GET"]}}],"collection":[{"href":"https:\/\/nexgendecors.com\/es\/wp-json\/wp\/v2\/product"}],"about":[{"href":"https:\/\/nexgendecors.com\/es\/wp-json\/wp\/v2\/types\/product"}],"replies":[{"embeddable":true,"href":"https:\/\/nexgendecors.com\/es\/wp-json\/wp\/v2\/comments?post=38813"}],"version-history":[{"count":0,"href":"https:\/\/nexgendecors.com\/es\/wp-json\/wp\/v2\/product\/38813\/revisions"}],"wp:featuredmedia":[{"embeddable":true,"href":"https:\/\/nexgendecors.com\/es\/wp-json\/wp\/v2\/media\/90581"}],"wp:attachment":[{"href":"https:\/\/nexgendecors.com\/es\/wp-json\/wp\/v2\/media?parent=38813"}],"wp:term":[{"taxonomy":"product_brand","embeddable":true,"href":"https:\/\/nexgendecors.com\/es\/wp-json\/wp\/v2\/product_brand?post=38813"},{"taxonomy":"product_cat","embeddable":true,"href":"https:\/\/nexgendecors.com\/es\/wp-json\/wp\/v2\/product_cat?post=38813"},{"taxonomy":"product_tag","embeddable":true,"href":"https:\/\/nexgendecors.com\/es\/wp-json\/wp\/v2\/product_tag?post=38813"}],"curies":[{"name":"wp","href":"https:\/\/api.w.org\/{rel}","templated":true}]}}