{"id":39008,"date":"2025-01-26T02:06:59","date_gmt":"2025-01-26T02:06:59","guid":{"rendered":"https:\/\/nexgendecors.com\/product\/multifunctional-childrens-plastic-sand-and-water-tray-kindergarten-table-and-chair-set-building-block-toy-table-baby-space-sand-game-table\/"},"modified":"2025-04-06T07:54:11","modified_gmt":"2025-04-06T07:54:11","slug":"multifunctional-childrens-plastic-sand-and-water-tray-kindergarten-table-and-chair-set-building-block-toy-table-baby-space-sand-game-table","status":"publish","type":"product","link":"https:\/\/nexgendecors.com\/es\/product\/multifunctional-childrens-plastic-sand-and-water-tray-kindergarten-table-and-chair-set-building-block-toy-table-baby-space-sand-game-table\/","title":{"rendered":"Juego de mesa y sillas infantiles de pl\u00e1stico ajustables: dise\u00f1o divertido"},"content":{"rendered":"<div class=\"flex flex-grow flex-col max-w-full\">\n<div data-message-author-role=\"assistant\" data-message-id=\"a4ae36cd-bf95-476b-8a91-36a5fd95e85b\" dir=\"auto\" class=\"min-h-[20px] text-message flex w-full flex-col items-end gap-2 whitespace-pre-wrap break-words [.text-message+&#038;]:mt-5 overflow-x-auto\">\n<div class=\"flex w-full flex-col gap-1 empty:hidden first:pt-[3px]\">\n<div class=\"markdown prose w-full break-words dark:prose-invert light\">\n<p><strong>\u00a1Transforme el tiempo de juego con nuestro juego de mesa y sillas ajustables!<\/strong> \u2728<\/p>\n<p>Mejora el tiempo de juego de tu hijo con nuestro vers\u00e1til juego de mesa y sillas, dise\u00f1ado para crecer con \u00e9l. Este conjunto no solo incluye muebles ajustables, sino que tambi\u00e9n cuenta con almacenamiento integrado y un dise\u00f1o multifunci\u00f3n que se adapta a diversas actividades.<\/p>\n<p><strong>Caracter\u00edsticas principales:<\/strong><\/p>\n<ul>\n<li>\n<strong>Dise\u00f1o ajustable:<\/strong> Crece con su hijo para un uso duradero.<\/li>\n<li>\n<strong>Almacenamiento incorporado:<\/strong> Mantenga los juguetes y suministros organizados.<\/li>\n<li>\n<strong>Uso multifunci\u00f3n:<\/strong> Ideal para hacer manualidades, estudiar y jugar.<\/li>\n<\/ul>\n<p><strong>Perfecto para ni\u00f1os y ni\u00f1as:<\/strong> Cree un espacio divertido y organizado que satisfaga todas sus necesidades.<\/p>\n<p><strong>Actualice su \u00e1rea de juegos hoy: \u00a1compre ahora y disfrute de un entorno m\u00e1s organizado y atractivo!<\/strong><\/p>\n<\/p><\/div>\n<\/p><\/div>\n<\/p><\/div>\n<\/div>\n<ul>\n<li>\n<strong>marca<\/strong>:Zhejia<\/li>\n<li>\n<strong>Edad adecuada<\/strong>:2 a\u00f1os 3 a\u00f1os 4 a\u00f1os 5 a\u00f1os 6 a\u00f1os 7 a\u00f1os 8 a\u00f1os 9 a\u00f1os 10 a\u00f1os 11 a\u00f1os 12 a\u00f1os<\/li>\n<li>\n<strong>Material<\/strong>:pl\u00e1stico<\/li>\n<li>\n<strong>estilo<\/strong>:Simple y moderno<\/li>\n<li>\n<strong>Origen<\/strong>:otro<\/li>\n<li>\n<strong>ordenar por color<\/strong>:Amarillo (mesa elevable con 5 sillas) Verde (mesa elevable con 5 sillas) Amarillo (mesa est\u00e1ndar con 5 sillas) Verde (mesa est\u00e1ndar con 5 sillas) (mesa est\u00e1ndar con 10 sillas) Verde (mesa est\u00e1ndar con 8 sillas) Amarillo (mesa est\u00e1ndar con 8 sillas) Di\u00e1metro 105cm Amarillo (mesa flor de ciruelo) Di\u00e1metro 105cm Verde (mesa flor de ciruelo) Escritorio de tablero ign\u00edfugo Escritorio de tablero ign\u00edfugo rosa Escritorio de tablero ign\u00edfugo amarillo Escritorio de tablero ign\u00edfugo azul Verde<\/li>\n<li>\n<strong>Material de acabado<\/strong>:otro<\/li>\n<li>\n<strong>N\u00famero de pieza<\/strong>:18110701<\/li>\n<\/ul>\n<p><img><\/p>","protected":false},"excerpt":{"rendered":"<p>\u00a1Transforma el tiempo de juego con nuestro juego de mesa y silla ajustables! \u2728 Mejora el tiempo de juego de tu hijo con nuestra vers\u00e1til mesa y silla.<\/p>","protected":false},"featured_media":90950,"comment_status":"open","ping_status":"closed","template":"","meta":[],"product_brand":[],"product_cat":[30971,30849],"product_tag":[],"class_list":{"0":"post-39008","1":"product","2":"type-product","3":"status-publish","4":"has-post-thumbnail","6":"product_cat-hp","7":"product_cat-kindergarten-school-furniture","9":"first","10":"instock","11":"taxable","12":"shipping-taxable","13":"purchasable","14":"product-type-variable"},"_links":{"self":[{"href":"https:\/\/nexgendecors.com\/es\/wp-json\/wp\/v2\/product\/39008","targetHints":{"allow":["GET"]}}],"collection":[{"href":"https:\/\/nexgendecors.com\/es\/wp-json\/wp\/v2\/product"}],"about":[{"href":"https:\/\/nexgendecors.com\/es\/wp-json\/wp\/v2\/types\/product"}],"replies":[{"embeddable":true,"href":"https:\/\/nexgendecors.com\/es\/wp-json\/wp\/v2\/comments?post=39008"}],"version-history":[{"count":0,"href":"https:\/\/nexgendecors.com\/es\/wp-json\/wp\/v2\/product\/39008\/revisions"}],"wp:featuredmedia":[{"embeddable":true,"href":"https:\/\/nexgendecors.com\/es\/wp-json\/wp\/v2\/media\/90950"}],"wp:attachment":[{"href":"https:\/\/nexgendecors.com\/es\/wp-json\/wp\/v2\/media?parent=39008"}],"wp:term":[{"taxonomy":"product_brand","embeddable":true,"href":"https:\/\/nexgendecors.com\/es\/wp-json\/wp\/v2\/product_brand?post=39008"},{"taxonomy":"product_cat","embeddable":true,"href":"https:\/\/nexgendecors.com\/es\/wp-json\/wp\/v2\/product_cat?post=39008"},{"taxonomy":"product_tag","embeddable":true,"href":"https:\/\/nexgendecors.com\/es\/wp-json\/wp\/v2\/product_tag?post=39008"}],"curies":[{"name":"wp","href":"https:\/\/api.w.org\/{rel}","templated":true}]}}