{"id":39326,"date":"2025-01-26T02:07:33","date_gmt":"2025-01-26T02:07:33","guid":{"rendered":"https:\/\/nexgendecors.com\/product\/ji-chuang-furniture-modern-simple-round-glass-tea-table-large-and-small-household-living-room-nordic-combination-metal-tea-table-2\/"},"modified":"2025-03-09T04:34:36","modified_gmt":"2025-03-09T04:34:36","slug":"mesa-de-te-de-vidrio-redonda-sencilla-y-moderna-para-sala-de-estar-hogar-grande-y-pequena-de-estilo-nordico-con-combinacion-de-metal-2-unidades","status":"publish","type":"product","link":"https:\/\/nexgendecors.com\/es\/product\/mesa-de-te-de-vidrio-redonda-sencilla-y-moderna-para-sala-de-estar-hogar-grande-y-pequena-de-estilo-nordico-con-combinacion-de-metal-2-unidades\/","title":{"rendered":"Colecci\u00f3n de mesas de centro y auxiliares redondas: dise\u00f1o elegante"},"content":{"rendered":"<h2>Colecci\u00f3n de mesas auxiliares redondas de centro \ud83c\udfe1<\/h2>\n<h3>Eleve su espacio con lujo y funcionalidad \u2728<\/h3>\n<p>Transforme su sala de estar con nuestras exquisitas mesas de caf\u00e9 redondas, dise\u00f1adas para integrarse perfectamente en cualquier espacio peque\u00f1o y al mismo tiempo exudar elegancia y sofisticaci\u00f3n.<\/p>\n<h3>Beneficios clave:<\/h3>\n<ul>\n<li>\n<strong>Dise\u00f1o compacto:<\/strong> De tama\u00f1o perfecto para espacios peque\u00f1os, brinda funcionalidad sin comprometer el estilo. \ud83d\udecb\ufe0f<\/li>\n<li>\n<strong>Atractivo lujoso:<\/strong> La base de vidrio ofrece un aspecto moderno y elegante que a\u00f1ade un toque de lujo a cualquier habitaci\u00f3n. \ud83d\udc8e<\/li>\n<li>\n<strong>Uso vers\u00e1til:<\/strong> Ideal como mesa de caf\u00e9, mesa auxiliar o pieza decorativa, lo que la convierte en un complemento vers\u00e1til para la decoraci\u00f3n de su hogar. \ud83c\udf1f<\/li>\n<li>\n<strong>Conveniencia:<\/strong> Completamente ensamblado y listo para usar, ahorr\u00e1ndote tiempo y esfuerzo. \u23f1\ufe0f<\/li>\n<\/ul>\n<h3>\u00bfPor qu\u00e9 elegirnos?<\/h3>\n<ul>\n<li>\n<strong>Calidad duradera:<\/strong> Fabricado con materiales de primera calidad, lo que garantiza longevidad y estabilidad. \ud83d\udee0\ufe0f<\/li>\n<li>\n<strong>Elegante y moderno:<\/strong> Dise\u00f1o contempor\u00e1neo que realza el atractivo est\u00e9tico de tu espacio vital. \ud83d\uddbc\ufe0f<\/li>\n<li>\n<strong>Mantenimiento sin esfuerzo:<\/strong> F\u00e1cil de limpiar, mantiene tu espacio impecable con el m\u00ednimo esfuerzo. \ud83e\uddfc<\/li>\n<\/ul>\n<h3>\u00a1Compra ahora! \ud83d\uded2<\/h3>\n<p>No dejes pasar la oportunidad de realzar tu hogar con estas impresionantes mesas auxiliares. Explora nuestra colecci\u00f3n hoy mismo y encuentra la pieza perfecta que combina lujo y practicidad. \u00a1A\u00f1ade un toque de elegancia a tu espacio ya! \u2728<\/p>\n<ul>\n<li>\n<strong>\u00bfHay espacio de almacenamiento?<\/strong>:No<\/li>\n<li>\n<strong>estilo<\/strong>:Europa del Norte<\/li>\n<li>\n<strong>Armar<\/strong>:S\u00ed<\/li>\n<li>\n<strong>Material de acabado<\/strong>:m\u00e1rmol<\/li>\n<li>\n<strong>volumen del paquete<\/strong>:0.2<\/li>\n<li>\n<strong>forma<\/strong>:Redondo<\/li>\n<li>\n<strong>Artesan\u00eda en vidrio<\/strong>:Escarchado<\/li>\n<li>\n<strong>Posicionamiento de estilo<\/strong>:Estilo art\u00edstico<\/li>\n<li>\n<strong>ordenar por color<\/strong>:(Oro + Verde) Alto, (Oro + Gris) Alto, (Negro + Verde) Alto, (Negro + Gris) Alto, (Oro + Verde) Bajo, (Oro + Gris) Bajo, (Negro + Verde) Bajo, (Negro + Gris) Bajo, Combinaci\u00f3n de mesa de centro (Oro + Negro)<\/li>\n<li>\n<strong>tama\u00f1o<\/strong>:50x50x52m<\/li>\n<li>\n<strong>marca<\/strong>:otro\/otro<\/li>\n<li>\n<strong>modelo<\/strong>:Muebles Jichuang<\/li>\n<li>\n<strong>elementos populares<\/strong>:Metal<\/li>\n<li>\n<strong>Ya sea con rodillo<\/strong>:No<\/li>\n<li>\n<strong>Peso bruto<\/strong>:13 kg<\/li>\n<li>\n<strong>Forma de esquina de mesa de caf\u00e9<\/strong>:Redondo<\/li>\n<li>\n<strong>Tecnolog\u00eda estructural<\/strong>:Metalurgia<\/li>\n<li>\n<strong>Tecnolog\u00eda de estructuras met\u00e1licas<\/strong>:soldadura<\/li>\n<li>\n<strong>Tecnolog\u00eda de acabado<\/strong>:Artesan\u00eda de vidrio<\/li>\n<li>\n<strong>\u00bfEs personalizable?<\/strong>:No<\/li>\n<li>\n<strong>Material met\u00e1lico<\/strong>:hierro<\/li>\n<li>\n<strong>Material<\/strong>:Metal<\/li>\n<li>\n<strong>Detalles de las instrucciones de instalaci\u00f3n<\/strong>:No hay instrucciones de instalaci\u00f3n<\/li>\n<li>\n<strong>Instalaci\u00f3n<\/strong>:Embalar<\/li>\n<li>\n<strong>\u00bfHay taxi disponible para transporte?<\/strong>:S\u00ed<\/li>\n<li>\n<strong>Entrega\/instalaci\u00f3n disponible<\/strong>: Foshan, Zhengzhou, Guiyang, Guangzhou, Fuzhou, Harbin, Xiamen, Chongqing, Changzhou, Suzhou, Xi&#039;an, Shenzhen, Nanjing, Changsha, Beijing, Qingdao, Wuxi, Chengdu, Shanghai, Wuhan, Nanning, Shenyang, Dalian, Taizhou, Dongguan, Tianjin, Jinhua, Hangzhou, Nanchang, Ningbo, Wenzhou<\/li>\n<li>\n<strong>N\u00famero de puertas<\/strong>:Sin puerta<\/li>\n<\/ul>\n<p><img><\/p>","protected":false},"excerpt":{"rendered":"<p>Colecci\u00f3n de mesas auxiliares redondas de mesa de centro \ud83c\udfe1 Eleve su espacio con lujo y funcionalidad \u2728 Transforme su sala de estar con<\/p>","protected":false},"featured_media":91427,"comment_status":"open","ping_status":"closed","template":"","meta":[],"product_brand":[],"product_cat":[30862,30971,30850,30854,30857],"product_tag":[],"class_list":{"0":"post-39326","1":"product","2":"type-product","3":"status-publish","4":"has-post-thumbnail","6":"product_cat-wholesales-hotels","7":"product_cat-hp","8":"product_cat-wholesale-furniture","9":"product_cat-wholesale-side-table","10":"product_cat-wholesale-sofa-table","12":"first","13":"instock","14":"taxable","15":"shipping-taxable","16":"purchasable","17":"product-type-variable"},"_links":{"self":[{"href":"https:\/\/nexgendecors.com\/es\/wp-json\/wp\/v2\/product\/39326","targetHints":{"allow":["GET"]}}],"collection":[{"href":"https:\/\/nexgendecors.com\/es\/wp-json\/wp\/v2\/product"}],"about":[{"href":"https:\/\/nexgendecors.com\/es\/wp-json\/wp\/v2\/types\/product"}],"replies":[{"embeddable":true,"href":"https:\/\/nexgendecors.com\/es\/wp-json\/wp\/v2\/comments?post=39326"}],"version-history":[{"count":0,"href":"https:\/\/nexgendecors.com\/es\/wp-json\/wp\/v2\/product\/39326\/revisions"}],"wp:featuredmedia":[{"embeddable":true,"href":"https:\/\/nexgendecors.com\/es\/wp-json\/wp\/v2\/media\/91427"}],"wp:attachment":[{"href":"https:\/\/nexgendecors.com\/es\/wp-json\/wp\/v2\/media?parent=39326"}],"wp:term":[{"taxonomy":"product_brand","embeddable":true,"href":"https:\/\/nexgendecors.com\/es\/wp-json\/wp\/v2\/product_brand?post=39326"},{"taxonomy":"product_cat","embeddable":true,"href":"https:\/\/nexgendecors.com\/es\/wp-json\/wp\/v2\/product_cat?post=39326"},{"taxonomy":"product_tag","embeddable":true,"href":"https:\/\/nexgendecors.com\/es\/wp-json\/wp\/v2\/product_tag?post=39326"}],"curies":[{"name":"wp","href":"https:\/\/api.w.org\/{rel}","templated":true}]}}