{"id":39450,"date":"2025-01-26T02:07:50","date_gmt":"2025-01-26T02:07:50","guid":{"rendered":"https:\/\/nexgendecors.com\/product\/cloud-soft-sofa-cream-wabi-sabi-style-lazy-simple-linen-fabric-down-module-white-sofa-combination\/"},"modified":"2025-04-06T07:55:15","modified_gmt":"2025-04-06T07:55:15","slug":"sofa-nube-suave-color-crema-estilo-wabi-sabi-tejido-de-lino-sencillo-y-perezoso-modulo-de-plumon-combinacion-de-sofa-blanco","status":"publish","type":"product","link":"https:\/\/nexgendecors.com\/es\/product\/sofa-nube-suave-color-crema-estilo-wabi-sabi-tejido-de-lino-sencillo-y-perezoso-modulo-de-plumon-combinacion-de-sofa-blanco\/","title":{"rendered":"Sof\u00e1 contempor\u00e1neo de madera de pino blanco \u2013 Dise\u00f1o de color liso"},"content":{"rendered":"<h2>Sof\u00e1 est\u00e1ndar contempor\u00e1neo de madera de pino de color s\u00f3lido en blanco \ud83d\udecb\ufe0f\u2728<\/h2>\n<p>Realza tu espacio vital con nuestro sof\u00e1 contempor\u00e1neo de madera de pino en blanco cl\u00e1sico. Este sof\u00e1 de tama\u00f1o est\u00e1ndar combina un dise\u00f1o moderno con una elegancia atemporal, ofreciendo estilo y comodidad para cualquier habitaci\u00f3n.<\/p>\n<h3>Beneficios:<\/h3>\n<ul>\n<li>\n<strong>Elegancia atemporal<\/strong>:El color blanco limpio y las l\u00edneas elegantes crean una apariencia sofisticada que complementa cualquier decoraci\u00f3n. \ud83c\udfa8<\/li>\n<li>\n<strong>Construcci\u00f3n de madera maciza de pino<\/strong>:Construido con madera de pino duradera, lo que garantiza resistencia y estabilidad duraderas. \ud83c\udf33<\/li>\n<li>\n<strong>Asientos c\u00f3modos<\/strong>:Dise\u00f1ado para una comodidad \u00f3ptima, lo que lo hace perfecto para descansar y relajarse. \ud83d\udcba<\/li>\n<li>\n<strong>Dise\u00f1o vers\u00e1til<\/strong>:Ideal para una variedad de entornos, desde salas de estar hasta elegantes oficinas, realzando cualquier espacio con su encanto contempor\u00e1neo. \ud83c\udfe1<\/li>\n<li>\n<strong>F\u00e1cil de mantener<\/strong>:El color s\u00f3lido y la tela duradera hacen que la limpieza y el mantenimiento sean muy f\u00e1ciles. \ud83e\uddfc<\/li>\n<\/ul>\n<p>Transforma tu hogar con un sof\u00e1 que combina el dise\u00f1o contempor\u00e1neo con la belleza natural de la madera de pino. Disfruta de una experiencia de asiento elegante y c\u00f3moda que realzar\u00e1 tu interior.<\/p>\n<p><strong>Explora hoy nuestro sof\u00e1 contempor\u00e1neo de madera de pino: \u00a1dale un toque de elegancia moderna a tu sala de estar! \ud83d\uded2\u2728<\/strong><\/p>\n<ul>\n<li>\n<strong>\u00bfHay espacio de almacenamiento?<\/strong>:No<\/li>\n<li>\n<strong>estilo<\/strong>:Estilo wabi-sabi<\/li>\n<li>\n<strong>Armar<\/strong>:No<\/li>\n<li>\n<strong>Tela<\/strong>:lino<\/li>\n<li>\n<strong>Caracter\u00edsticas adicionales<\/strong>:Otro<\/li>\n<li>\n<strong>volumen del paquete<\/strong>:3<\/li>\n<li>\n<strong>Relleno<\/strong>:Abajo<\/li>\n<li>\n<strong>Combinaci\u00f3n de sof\u00e1s<\/strong>:derecho<\/li>\n<li>\n<strong>Posicionamiento de estilo<\/strong>:Lujo de calidad<\/li>\n<li>\n<strong>ordenar por color<\/strong>:[Consulte con el servicio de atenci\u00f3n al cliente: actualizaci\u00f3n gratuita a reposacabezas m\u00f3vil], [La funda de tela se puede quitar y lavar por completo: tama\u00f1o y color personalizados: muestra gratuita: consulte con el servicio de atenci\u00f3n al cliente], Reposabrazos izquierdo del sof\u00e1 Cloud [1,15 metros], Reposabrazos derecho del sof\u00e1 Cloud [1,15 metros], Sof\u00e1 Cloud de un solo asiento sin reposabrazos [1,15 metros], Reposapi\u00e9s del sof\u00e1 Cloud [1,15 metros], Sof\u00e1 Cloud peque\u00f1o para tres personas [2,1 metros], Sof\u00e1 Cloud para tres personas [2,3 metros] (recomendado), Sof\u00e1 Cloud grande para tres personas [2,6 metros] (recomendado), Sof\u00e1 Cloud peque\u00f1o para cuatro personas [2,8 metros] (recomendado), Sof\u00e1 Cloud para cuatro personas [3 metros], Sof\u00e1 Cloud para cuatro personas [3,15 metros], Sof\u00e1 Cloud grande para cuatro personas [3,45 metros], Sof\u00e1 Cloud grande para cuatro personas [3,6 metros], Sof\u00e1 Cloud peque\u00f1o para cinco personas [3,8 metros], Sof\u00e1 Cloud para cinco personas [4,2 [metros], Sof\u00e1 Cloud grande para cinco personas [4,6 metros], Sof\u00e1 Cloud peque\u00f1o para cuatro personas + reposapi\u00e9s [2,8 metros], Sof\u00e1 Cloud para cuatro personas + reposapi\u00e9s [3 metros], Sof\u00e1 Cloud grande para cuatro personas + asiento individual sin reposabrazos [3,45 metros], Sof\u00e1 Cloud grande para cuatro personas + reposapi\u00e9s [3,45 metros], Sof\u00e1 Cloud para cinco personas + reposapi\u00e9s [4,2 metros], Sof\u00e1 Cloud grande para cinco personas + asiento individual sin reposabrazos [4,6 metros], Sof\u00e1 Cloud grande para cinco personas + reposapi\u00e9s [4,6 metros], Sof\u00e1 Cloud grande para cuatro personas + asiento individual sin reposabrazos + reposapi\u00e9s [3,45 metros]<\/li>\n<li>\n<strong>marca<\/strong>:OneCool<\/li>\n<li>\n<strong>modelo<\/strong>:YSF633<\/li>\n<li>\n<strong>Dureza del relleno<\/strong>:suave<\/li>\n<li>\n<strong>Adecuado<\/strong>:Adultos<\/li>\n<li>\n<strong>Tecnolog\u00eda estructural<\/strong>:Artesan\u00eda en madera<\/li>\n<li>\n<strong>\u00bfEs personalizable?<\/strong>:S\u00ed<\/li>\n<li>\n<strong>\u00bfEs desmontable y lavable?<\/strong>:S\u00ed<\/li>\n<li>\n<strong>Material<\/strong>:Madera<\/li>\n<li>\n<strong>Material de madera<\/strong>:Pino<\/li>\n<li>\n<strong>Detalles de las instrucciones de instalaci\u00f3n<\/strong>:Entrega e instalaci\u00f3n incluidas<\/li>\n<li>\n<strong>\u00bfCu\u00e1ntas personas se sientan?<\/strong>:[Versi\u00f3n peque\u00f1a ancho 105] [Tela de lino natural importada de B\u00e9lgica] (impermeable y resistente a las manchas), [Versi\u00f3n original ancho 115] [Tela de lino natural importada de B\u00e9lgica] (impermeable y resistente a las manchas) recomendado<\/li>\n<li>\n<strong>\u00bfHay taxi disponible para transporte?<\/strong>:No<\/li>\n<li>\n<strong>Proceso de acabado de tejidos<\/strong>:A\u00f1adir l\u00ednea<\/li>\n<li>\n<strong>Entrega\/instalaci\u00f3n disponible<\/strong>:A escala nacional<\/li>\n<li>\n<strong><\/strong>:<\/li>\n<\/ul>\n<p><img><\/p>","protected":false},"excerpt":{"rendered":"<p>Contemporary Pine Wood Solid Color Standard Sofa in White \ud83d\udecb\ufe0f\u2728 Elevate your living space with our contemporary pine wood sofa<\/p>","protected":false},"featured_media":91676,"comment_status":"open","ping_status":"closed","template":"","meta":[],"product_brand":[],"product_cat":[30971,30850],"product_tag":[],"class_list":{"0":"post-39450","1":"product","2":"type-product","3":"status-publish","4":"has-post-thumbnail","6":"product_cat-hp","7":"product_cat-wholesale-furniture","9":"first","10":"instock","11":"taxable","12":"shipping-taxable","13":"purchasable","14":"product-type-variable"},"_links":{"self":[{"href":"https:\/\/nexgendecors.com\/es\/wp-json\/wp\/v2\/product\/39450","targetHints":{"allow":["GET"]}}],"collection":[{"href":"https:\/\/nexgendecors.com\/es\/wp-json\/wp\/v2\/product"}],"about":[{"href":"https:\/\/nexgendecors.com\/es\/wp-json\/wp\/v2\/types\/product"}],"replies":[{"embeddable":true,"href":"https:\/\/nexgendecors.com\/es\/wp-json\/wp\/v2\/comments?post=39450"}],"version-history":[{"count":0,"href":"https:\/\/nexgendecors.com\/es\/wp-json\/wp\/v2\/product\/39450\/revisions"}],"wp:featuredmedia":[{"embeddable":true,"href":"https:\/\/nexgendecors.com\/es\/wp-json\/wp\/v2\/media\/91676"}],"wp:attachment":[{"href":"https:\/\/nexgendecors.com\/es\/wp-json\/wp\/v2\/media?parent=39450"}],"wp:term":[{"taxonomy":"product_brand","embeddable":true,"href":"https:\/\/nexgendecors.com\/es\/wp-json\/wp\/v2\/product_brand?post=39450"},{"taxonomy":"product_cat","embeddable":true,"href":"https:\/\/nexgendecors.com\/es\/wp-json\/wp\/v2\/product_cat?post=39450"},{"taxonomy":"product_tag","embeddable":true,"href":"https:\/\/nexgendecors.com\/es\/wp-json\/wp\/v2\/product_tag?post=39450"}],"curies":[{"name":"wp","href":"https:\/\/api.w.org\/{rel}","templated":true}]}}