{"id":39778,"date":"2025-01-26T02:08:34","date_gmt":"2025-01-26T02:08:34","guid":{"rendered":"https:\/\/nexgendecors.com\/product\/creative-italian-leather-sofa-top-layer-nappa-leather-connery-connery-italian-minimalist-style-three-person\/"},"modified":"2025-04-06T07:55:59","modified_gmt":"2025-04-06T07:55:59","slug":"sofa-de-cuero-italiano-creativo-con-capa-superior-de-cuero-napa-connery-connery-estilo-minimalista-italiano-para-tres-personas","status":"publish","type":"product","link":"https:\/\/nexgendecors.com\/es\/product\/sofa-de-cuero-italiano-creativo-con-capa-superior-de-cuero-napa-connery-connery-estilo-minimalista-italiano-para-tres-personas\/","title":{"rendered":"Elegante sof\u00e1 de cuero italiano: comodidad y dise\u00f1o de lujo"},"content":{"rendered":"<p>Realce su sala de estar con la elegancia atemporal de nuestro sof\u00e1 creativo de cuero italiano. Fabricado con la mejor capa de cuero napa, este sof\u00e1 Connery de estilo minimalista italiano para tres personas irradia sofisticaci\u00f3n y lujo. Perfecto para quienes aprecian la est\u00e9tica refinada y la m\u00e1xima comodidad, este sof\u00e1 transforma cualquier habitaci\u00f3n en un remanso de estilo.<\/p>\n<ul>\n<li>\n<strong>Cuero napa de primera calidad:<\/strong> Del\u00e9itese con la sensaci\u00f3n suave y mantecosa del cuero Nappa de capa superior, conocido por su excepcional calidad y durabilidad. \ud83d\udc04<\/li>\n<li>\n<strong>Dise\u00f1o minimalista italiano:<\/strong> Las l\u00edneas elegantes y minimalistas y los contornos elegantes encarnan la esencia del dise\u00f1o italiano, ofreciendo un toque contempor\u00e1neo a cualquier decoraci\u00f3n. \ud83c\uddee\ud83c\uddf9<\/li>\n<li>\n<strong>Asientos espaciosos:<\/strong> Tiene capacidad para tres personas c\u00f3modamente, lo que lo hace ideal para reuniones familiares, entretener invitados o relajarse con seres queridos. \ud83d\udecb\ufe0f<\/li>\n<li>\n<strong>Durabilidad y calidad:<\/strong> Dise\u00f1ado con meticulosa atenci\u00f3n a los detalles, este sof\u00e1 garantiza una belleza y resistencia duraderas, brind\u00e1ndole a\u00f1os de comodidad lujosa. \ud83d\udc8e<\/li>\n<li>\n<strong>Elegancia moderna:<\/strong> El dise\u00f1o de Connery combina un estilo cl\u00e1sico con una elegancia moderna, creando una pieza que realza cualquier sala de estar con su discreta sofisticaci\u00f3n. \u2728<\/li>\n<\/ul>\n<p>Imag\u00ednese descansando en este exquisito sof\u00e1 de cuero italiano, rodeado de la suave y flexible sensaci\u00f3n del cuero napa. Imagine los elogios de sus invitados al admirar su elegante dise\u00f1o y su exquisita artesan\u00eda. Este sof\u00e1 no solo ofrece un asiento, sino que realza toda su sala de estar con su lujoso atractivo.<\/p>\n<p>Transforma tu sala de estar con el sof\u00e1 de cuero italiano Creative. Experimenta la combinaci\u00f3n perfecta de comodidad, estilo y calidad que solo la piel napa de primera calidad y el dise\u00f1o minimalista italiano pueden ofrecer. Explora nuestra colecci\u00f3n ahora y ll\u00e9vate a casa una pieza de elegancia atemporal. \u00a1No te lo pierdas! \u00a1A\u00f1ade este impresionante sof\u00e1 para tres personas a tu hogar hoy mismo! \ud83d\uded2<\/p>\n<ul>\n<li>\n<strong>marca<\/strong>:Coraz\u00f3n creativo<\/li>\n<li>\n<strong>modelo<\/strong>:connery<\/li>\n<li>\n<strong>Material<\/strong>:Madera<\/li>\n<li>\n<strong>Material de madera<\/strong>:Pino<\/li>\n<li>\n<strong>patr\u00f3n<\/strong>:Arte<\/li>\n<li>\n<strong>estilo<\/strong>:minimalismo italiano<\/li>\n<li>\n<strong>N\u00famero de personas aplicable<\/strong>:combinaci\u00f3n<\/li>\n<li>\n<strong>ordenar por color<\/strong>:Asiento grande para cuatro personas 355*102*66CM Napa medio cuero, asiento para cuatro personas 310*102*66CM Napa medio cuero, asiento para tres personas 260*102*66CM Napa medio cuero, asiento grande para cuatro personas 355*102*66CM nano medio cuero, asiento para cuatro personas 310*102*66CM nano medio cuero, asiento para tres personas 260*102*66CM nano medio cuero<\/li>\n<li>\n<strong>Relleno<\/strong>:Abajo<\/li>\n<li>\n<strong>Tecnolog\u00eda estructural<\/strong>:Artesan\u00eda en madera<\/li>\n<li>\n<strong>\u00bfEs personalizable?<\/strong>:No<\/li>\n<li>\n<strong>Combinaci\u00f3n de sof\u00e1s<\/strong>:Forma de L<\/li>\n<li>\n<strong>Adecuado<\/strong>:Adultos<\/li>\n<li>\n<strong>\u00bfHay espacio de almacenamiento?<\/strong>:No<\/li>\n<li>\n<strong>Material de cuero<\/strong>:Capa superior de piel de vaca<\/li>\n<li>\n<strong>Armar<\/strong>:No<\/li>\n<li>\n<strong>volumen del paquete<\/strong>:3<\/li>\n<li>\n<strong>\u00bfHay taxi disponible para transporte?<\/strong>:No<\/li>\n<li>\n<strong>Dureza del relleno<\/strong>:suave<\/li>\n<li>\n<strong>Posicionamiento de estilo<\/strong>:Lujo de calidad<\/li>\n<li>\n<strong>Gama de acabados de cuero<\/strong>:Superficie de contacto<\/li>\n<\/ul>\n<p><img><\/p>","protected":false},"excerpt":{"rendered":"<p>Elevate your living space with the timeless elegance of our Creative Italian Leather Sofa. Crafted from the finest top-layer Nappa<\/p>","protected":false},"featured_media":92261,"comment_status":"open","ping_status":"closed","template":"","meta":[],"product_brand":[],"product_cat":[30862,30971,30850],"product_tag":[],"class_list":{"0":"post-39778","1":"product","2":"type-product","3":"status-publish","4":"has-post-thumbnail","6":"product_cat-wholesales-hotels","7":"product_cat-hp","8":"product_cat-wholesale-furniture","10":"first","11":"instock","12":"sale","13":"taxable","14":"shipping-taxable","15":"purchasable","16":"product-type-variable"},"_links":{"self":[{"href":"https:\/\/nexgendecors.com\/es\/wp-json\/wp\/v2\/product\/39778","targetHints":{"allow":["GET"]}}],"collection":[{"href":"https:\/\/nexgendecors.com\/es\/wp-json\/wp\/v2\/product"}],"about":[{"href":"https:\/\/nexgendecors.com\/es\/wp-json\/wp\/v2\/types\/product"}],"replies":[{"embeddable":true,"href":"https:\/\/nexgendecors.com\/es\/wp-json\/wp\/v2\/comments?post=39778"}],"version-history":[{"count":0,"href":"https:\/\/nexgendecors.com\/es\/wp-json\/wp\/v2\/product\/39778\/revisions"}],"wp:featuredmedia":[{"embeddable":true,"href":"https:\/\/nexgendecors.com\/es\/wp-json\/wp\/v2\/media\/92261"}],"wp:attachment":[{"href":"https:\/\/nexgendecors.com\/es\/wp-json\/wp\/v2\/media?parent=39778"}],"wp:term":[{"taxonomy":"product_brand","embeddable":true,"href":"https:\/\/nexgendecors.com\/es\/wp-json\/wp\/v2\/product_brand?post=39778"},{"taxonomy":"product_cat","embeddable":true,"href":"https:\/\/nexgendecors.com\/es\/wp-json\/wp\/v2\/product_cat?post=39778"},{"taxonomy":"product_tag","embeddable":true,"href":"https:\/\/nexgendecors.com\/es\/wp-json\/wp\/v2\/product_tag?post=39778"}],"curies":[{"name":"wp","href":"https:\/\/api.w.org\/{rel}","templated":true}]}}