{"id":39882,"date":"2025-01-26T02:08:50","date_gmt":"2025-01-26T02:08:50","guid":{"rendered":"https:\/\/nexgendecors.com\/product\/designer-transparent-acrylic-shoe-bench-long-bench-home-door-shoe-bench-bedroom-bed-end-bench-dining-table-dining-chair\/"},"modified":"2025-04-06T07:56:21","modified_gmt":"2025-04-06T07:56:21","slug":"banco-zapatero-de-acrilico-transparente-de-disenador-banco-largo-para-puerta-de-casa-banco-zapatero-para-dormitorio-banco-auxiliar-para-cama-mesa-de-comedor-silla-de-comedor","status":"publish","type":"product","link":"https:\/\/nexgendecors.com\/es\/product\/banco-zapatero-de-acrilico-transparente-de-disenador-banco-largo-para-puerta-de-casa-banco-zapatero-para-dormitorio-banco-auxiliar-para-cama-mesa-de-comedor-silla-de-comedor\/","title":{"rendered":"Banco zapatero de acr\u00edlico transparente: una soluci\u00f3n de almacenamiento elegante"},"content":{"rendered":"<p>Transforme su entrada o dormitorio con nuestro banco para zapatos de acr\u00edlico transparente de dise\u00f1o.<\/p>\n<p><strong>Dise\u00f1o elegante:<\/strong><\/p>\n<ul>\n<li>Agregue un toque de elegancia moderna con un banco de acr\u00edlico transparente y elegante que combina perfectamente con cualquier decoraci\u00f3n.<\/li>\n<li>Disfrute de la fusi\u00f3n perfecta de estilo y funcionalidad con un banco que tambi\u00e9n funciona como una pieza destacada y una pr\u00e1ctica soluci\u00f3n de almacenamiento.<\/li>\n<\/ul>\n<p><strong>Funcionalidad vers\u00e1til:<\/strong><\/p>\n<ul>\n<li>Perfecto para la entrada de su hogar, el dormitorio o el comedor, este banco ofrece una opci\u00f3n de asiento sofisticada y al mismo tiempo mantiene los zapatos perfectamente organizados.<\/li>\n<li>\u00daselo como un elegante banco al final de la cama o como un refinado banco de mesa de comedor que complementa cualquier silla de comedor con su encanto minimalista.<\/li>\n<\/ul>\n<p><strong>Durabilidad inigualable:<\/strong><\/p>\n<ul>\n<li>Fabricado con acr\u00edlico de alta calidad, este banco promete durabilidad y belleza duradera, resistiendo el desgaste para mantener su aspecto impecable.<\/li>\n<\/ul>\n<p><strong>Mejora tu espacio:<\/strong><\/p>\n<ul>\n<li>Cree un espacio acogedor y organizado con un banco que no solo cumpla una funci\u00f3n, sino que tambi\u00e9n mejore el atractivo est\u00e9tico de su habitaci\u00f3n.<\/li>\n<\/ul>\n<p>Descubre la combinaci\u00f3n de estilo y funcionalidad que ofrece nuestro banco zapatero de acr\u00edlico transparente de dise\u00f1o. \u00a1Compra ahora y realza tu espacio con esta pieza elegante y vers\u00e1til!<\/p>\n<ul>\n<li>\n<strong>marca<\/strong>:otro\/otro<\/li>\n<li>\n<strong>modelo<\/strong>:YKL639<\/li>\n<li>\n<strong>Material<\/strong>:Madera<\/li>\n<li>\n<strong>estilo<\/strong>:Simple y moderno<\/li>\n<li>\n<strong>elementos populares<\/strong>:Dise\u00f1o maestro<\/li>\n<li>\n<strong>ordenar por color<\/strong>:Beige largo 80x ancho 52x alto 60cm, Beige largo 100x ancho 52x alto 60cm, Beige largo 120x ancho 52x alto 60cm, Beige largo 140x ancho 52x alto 60cm, Azul oscuro largo 80x ancho 52x alto 60cm, Azul oscuro largo 100x ancho 52x alto 60cm, Azul oscuro largo 120x ancho 52x alto 60cm, Azul oscuro largo 140x ancho 52x alto 60cm, Vitality Orange largo 80x ancho 52x alto 60cm, Vitality Orange largo 100x ancho 52x alto 60cm, Vitality Orange largo 120x ancho 52x alto 60cm, Vitality Orange largo 140x ancho 52x alto 60cm, Negro largo 80x ancho 52x alto 60 cm, Negro Largo 100x Ancho 52x Alto 60 cm, Negro Largo 120x Ancho 52x Alto 60 cm, Negro Largo 140x Ancho 52x Alto 60 cm, Color Personalizado<\/li>\n<li>\n<strong>Adecuado<\/strong>:Adultos<\/li>\n<li>\n<strong>Origen<\/strong>:Provincia de Fujian<\/li>\n<li>\n<strong>ciudad<\/strong>:Ciudad de Quanzhou<\/li>\n<li>\n<strong>Distritos y condados<\/strong>:Condado de Anxi<\/li>\n<li>\n<strong>Armar<\/strong>:No<\/li>\n<li>\n<strong>Posicionamiento de estilo<\/strong>:Lujo de calidad<\/li>\n<\/ul>\n<p><img><\/p>","protected":false},"excerpt":{"rendered":"<p>Transforma tu entrada o dormitorio con nuestro banco zapatero de acr\u00edlico transparente de dise\u00f1o. Dise\u00f1o elegante: a\u00f1ade un toque de elegancia moderna.<\/p>","protected":false},"featured_media":92482,"comment_status":"open","ping_status":"closed","template":"","meta":[],"product_brand":[],"product_cat":[30858,30895,30862,30971,30860,30850],"product_tag":[],"class_list":{"0":"post-39882","1":"product","2":"type-product","3":"status-publish","4":"has-post-thumbnail","6":"product_cat-wholesale-bedroom","7":"product_cat-bs-bedroom","8":"product_cat-wholesales-hotels","9":"product_cat-hp","10":"product_cat-wholesale-restaurant","11":"product_cat-wholesale-furniture","13":"first","14":"instock","15":"sale","16":"taxable","17":"shipping-taxable","18":"purchasable","19":"product-type-variable"},"_links":{"self":[{"href":"https:\/\/nexgendecors.com\/es\/wp-json\/wp\/v2\/product\/39882","targetHints":{"allow":["GET"]}}],"collection":[{"href":"https:\/\/nexgendecors.com\/es\/wp-json\/wp\/v2\/product"}],"about":[{"href":"https:\/\/nexgendecors.com\/es\/wp-json\/wp\/v2\/types\/product"}],"replies":[{"embeddable":true,"href":"https:\/\/nexgendecors.com\/es\/wp-json\/wp\/v2\/comments?post=39882"}],"version-history":[{"count":0,"href":"https:\/\/nexgendecors.com\/es\/wp-json\/wp\/v2\/product\/39882\/revisions"}],"wp:featuredmedia":[{"embeddable":true,"href":"https:\/\/nexgendecors.com\/es\/wp-json\/wp\/v2\/media\/92482"}],"wp:attachment":[{"href":"https:\/\/nexgendecors.com\/es\/wp-json\/wp\/v2\/media?parent=39882"}],"wp:term":[{"taxonomy":"product_brand","embeddable":true,"href":"https:\/\/nexgendecors.com\/es\/wp-json\/wp\/v2\/product_brand?post=39882"},{"taxonomy":"product_cat","embeddable":true,"href":"https:\/\/nexgendecors.com\/es\/wp-json\/wp\/v2\/product_cat?post=39882"},{"taxonomy":"product_tag","embeddable":true,"href":"https:\/\/nexgendecors.com\/es\/wp-json\/wp\/v2\/product_tag?post=39882"}],"curies":[{"name":"wp","href":"https:\/\/api.w.org\/{rel}","templated":true}]}}