{"id":40163,"date":"2025-01-26T02:09:14","date_gmt":"2025-01-26T02:09:14","guid":{"rendered":"https:\/\/nexgendecors.com\/product\/light-luxury-style-above-counter-basin-metal-glaze-ceramic-wash-basin-blue-home-bathroom-wash-basin-outdoor-balcony-wash-basin-2\/"},"modified":"2025-04-06T07:56:41","modified_gmt":"2025-04-06T07:56:41","slug":"lavabo-de-lujo-ligero-sobre-encimera-lavabo-de-ceramica-esmaltada-de-metal-lavabo-azul-para-bano-domestico-lavabo-para-balcon-exterior-2","status":"publish","type":"product","link":"https:\/\/nexgendecors.com\/es\/product\/lavabo-de-lujo-ligero-sobre-encimera-lavabo-de-ceramica-esmaltada-de-metal-lavabo-azul-para-bano-domestico-lavabo-para-balcon-exterior-2\/","title":{"rendered":"Elegante lavabo de cer\u00e1mica azul - Lujoso esmalte met\u00e1lico"},"content":{"rendered":"<p>Eleve su ba\u00f1o o espacio al aire libre con nuestro <strong>Elegante lavabo de cer\u00e1mica azul<\/strong>Dise\u00f1ado con un estilo lujoso y ligero, este lavabo sobre encimera presenta un impresionante acabado met\u00e1lico que combina sofisticaci\u00f3n y durabilidad. Perfecto tanto para ba\u00f1os dom\u00e9sticos como para balcones exteriores, su vibrante acabado azul a\u00f1ade un toque de encanto moderno a cualquier ambiente. \ud83c\udf1f<\/p>\n<p>Fabricado con cer\u00e1mica de alta calidad, este lavabo no solo realza la est\u00e9tica de tu espacio, sino que tambi\u00e9n garantiza un rendimiento duradero. Su elegante dise\u00f1o es funcional y moderno, lo que lo convierte en la opci\u00f3n ideal para una renovaci\u00f3n con estilo. \ud83d\udca7\u2728<\/p>\n<p>Mejora tu hogar con este exquisito lavabo y experimenta la combinaci\u00f3n perfecta de lujo y practicidad. \ud83d\udec1\ud83d\udc99<\/p>\n<ul>\n<li>\n<strong>\u54c1\u724c<\/strong>:\u666f\u7964<\/li>\n<li>\n<strong>\u578b\u53f7<\/strong>:20425-30<\/li>\n<li>\n<strong>\u6750\u8d28<\/strong>:\u9676\u74f7<\/li>\n<li>\n<strong>\u5bb9\u91cf<\/strong>:12L<\/li>\n<li>\n<strong>\u4ea7\u5730<\/strong>:\u4e2d\u56fd\u5927\u9646<\/li>\n<li>\n<strong>\u7701\u4efd<\/strong>:\u6c5f\u897f\u7701<\/li>\n<li>\n<strong>\u5730\u5e02<\/strong>:\u666f\u5fb7\u9547\u5e02<\/li>\n<li>\n<strong>\u5c3a\u5bf8<\/strong>:410MM*410MM*150MM<\/li>\n<li>\n<strong>\u989c\u8272\u5206\u7c7b<\/strong>:20425-30\u5355\u76c6 20425-30\u53f0\u76c6+\u9f99\u5934\u5957\u88c5 20425-21\u5355\u76c6 20425-21\u53f0\u76c6+\u9f99\u5934\u5957\u88c5 20425-29\u5355\u76c620425-29\u53f0\u76c6+\u9f99\u5934\u5957\u88c5 20425-31\u5355\u76c6 20425-31\u53f0\u76c6+\u9f99\u5934\u5957\u88c5<\/li>\n<li>\n<strong>\u540c\u57ce\u670d\u52a1<\/strong>:\u540c\u57ce\u7269\u6d41\u9001\u8d27\u4e0a\u95e8<\/li>\n<li>\n<strong>\u9f99\u5934\u5f00\u5b54<\/strong>:\u5355\u5b54<\/li>\n<li>\n<strong><\/strong>:<\/li>\n<\/ul>\n<p><img><\/p>","protected":false},"excerpt":{"rendered":"<p>Eleve su ba\u00f1o o espacio al aire libre con nuestro elegante lavabo de cer\u00e1mica azul. Dise\u00f1ado con un estilo lujoso y ligero, este<\/p>","protected":false},"featured_media":92788,"comment_status":"open","ping_status":"closed","template":"","meta":[],"product_brand":[],"product_cat":[30971,30880],"product_tag":[],"class_list":{"0":"post-40163","1":"product","2":"type-product","3":"status-publish","4":"has-post-thumbnail","6":"product_cat-hp","7":"product_cat-wholesales-bathroom-sink","9":"first","10":"instock","11":"taxable","12":"shipping-taxable","13":"purchasable","14":"product-type-variable"},"_links":{"self":[{"href":"https:\/\/nexgendecors.com\/es\/wp-json\/wp\/v2\/product\/40163","targetHints":{"allow":["GET"]}}],"collection":[{"href":"https:\/\/nexgendecors.com\/es\/wp-json\/wp\/v2\/product"}],"about":[{"href":"https:\/\/nexgendecors.com\/es\/wp-json\/wp\/v2\/types\/product"}],"replies":[{"embeddable":true,"href":"https:\/\/nexgendecors.com\/es\/wp-json\/wp\/v2\/comments?post=40163"}],"version-history":[{"count":0,"href":"https:\/\/nexgendecors.com\/es\/wp-json\/wp\/v2\/product\/40163\/revisions"}],"wp:featuredmedia":[{"embeddable":true,"href":"https:\/\/nexgendecors.com\/es\/wp-json\/wp\/v2\/media\/92788"}],"wp:attachment":[{"href":"https:\/\/nexgendecors.com\/es\/wp-json\/wp\/v2\/media?parent=40163"}],"wp:term":[{"taxonomy":"product_brand","embeddable":true,"href":"https:\/\/nexgendecors.com\/es\/wp-json\/wp\/v2\/product_brand?post=40163"},{"taxonomy":"product_cat","embeddable":true,"href":"https:\/\/nexgendecors.com\/es\/wp-json\/wp\/v2\/product_cat?post=40163"},{"taxonomy":"product_tag","embeddable":true,"href":"https:\/\/nexgendecors.com\/es\/wp-json\/wp\/v2\/product_tag?post=40163"}],"curies":[{"name":"wp","href":"https:\/\/api.w.org\/{rel}","templated":true}]}}