{"id":40347,"date":"2025-01-26T02:09:37","date_gmt":"2025-01-26T02:09:37","guid":{"rendered":"https:\/\/nexgendecors.com\/product\/lifulong-leather-boss-chair-office-business-large-chair-office-chair-reclining-swivel-chair-home-computer-chair\/"},"modified":"2025-04-06T07:57:09","modified_gmt":"2025-04-06T07:57:09","slug":"silla-de-oficina-lifulong-de-cuero-para-jefe-silla-grande-para-negocios-silla-de-oficina-silla-giratoria-reclinable-silla-para-computadora-en-casa","status":"publish","type":"product","link":"https:\/\/nexgendecors.com\/es\/product\/silla-de-oficina-lifulong-de-cuero-para-jefe-silla-grande-para-negocios-silla-de-oficina-silla-giratoria-reclinable-silla-para-computadora-en-casa\/","title":{"rendered":"Silla ergon\u00f3mica ejecutiva de oficina con soporte lumbar"},"content":{"rendered":"<div class=\"flex flex-grow flex-col max-w-full\">\n<div data-message-author-role=\"assistant\" data-message-id=\"7652d63f-32cc-448f-9ea6-648664e0cf82\" dir=\"auto\" class=\"min-h-[20px] text-message flex w-full flex-col items-end gap-2 whitespace-pre-wrap break-words [.text-message+&#038;]:mt-5 overflow-x-auto\">\n<div class=\"flex w-full flex-col gap-1 empty:hidden first:pt-[3px]\">\n<div class=\"markdown prose w-full break-words dark:prose-invert light\">\n<p><strong>Experimente la m\u00e1xima comodidad y estabilidad<\/strong> \ud83e\ude91<\/p>\n<p>Su satisfacci\u00f3n es el motor de nuestro progreso y nos comprometemos a resolver sus inquietudes en un plazo de 24 horas. Descubra la combinaci\u00f3n perfecta de comodidad y funcionalidad con nuestras soluciones de asientos avanzadas.<\/p>\n<p><strong>Caracter\u00edsticas principales:<\/strong><\/p>\n<ul>\n<li>\n<p><strong>Robusto y silencioso:<\/strong> La base de 10 ruedas con ruedas de alta calidad garantiza la m\u00e1xima estabilidad, un deslizamiento f\u00e1cil y evita rayones en el piso. \ud83d\udede\u2728<\/p>\n<\/li>\n<li>\n<p><strong>Pasamanos Premium:<\/strong> Fabricado con madera maciza de alta calidad, el pasamanos cuenta con una textura de veta de madera natural, lo que ofrece durabilidad y comodidad. \ud83c\udf33\ud83d\udc4c<\/p>\n<\/li>\n<li>\n<p><strong>Comodidad mejorada:<\/strong><\/p>\n<ul>\n<li>\n<strong>Reposacabezas engrosado:<\/strong> Proporciona soporte completo para el cuello. \ud83d\udca4<\/li>\n<li>\n<strong>Dise\u00f1o de cintura convexa:<\/strong> Alivia la fatiga de la cintura. \ud83c\udf1f<\/li>\n<li>\n<strong>Coj\u00edn de asiento doble:<\/strong> Garantiza una mejor experiencia al estar sentado durante per\u00edodos prolongados. \ud83e\ude91<\/li>\n<li>\n<strong>Reposapi\u00e9s telesc\u00f3pico:<\/strong> Te permite relajar las piernas mientras est\u00e1s reclinado. \ud83e\uddb5<\/li>\n<\/ul>\n<\/li>\n<li>\n<p><strong>Pies de apoyo robustos:<\/strong> Fabricado en acero grueso y madera maciza, garantizando estabilidad y seguridad. \ud83c\udfcb\ufe0f\u200d\u2642\ufe0f\ud83d\udd12<\/p>\n<\/li>\n<\/ul>\n<p>\u00a1Mejora tu experiencia de asiento hoy mismo! \ud83c\udf1f\ud83d\udecb\ufe0f<\/p>\n<\/p><\/div>\n<\/p><\/div>\n<\/p><\/div>\n<\/div>\n<ul>\n<li>\n<strong>marca<\/strong>:Lifron<\/li>\n<li>\n<strong>modelo<\/strong>:8012<\/li>\n<li>\n<strong>Material<\/strong>:Madera<\/li>\n<li>\n<strong>Material de madera<\/strong>:otro<\/li>\n<li>\n<strong>ordenar por color<\/strong>:10 rondas de piel de vaca primera capa negra + separador de pies, 10 rondas de piel de vaca primera capa marr\u00f3n + separador de pies, 10 rondas de piel de vaca primera capa caf\u00e9 + reposapi\u00e9s, 10 rondas de piel de vaca primera capa girasol + separador de pies, 10 rondas de piel de vaca primera capa negra, 10 rondas de piel de vaca primera capa caf\u00e9, 10 rondas de piel de vaca primera capa marr\u00f3n, 10 rondas de piel de vaca primera capa girasol, 10 rondas de piel de vaca primera capa negra + masaje, 10 rondas de piel de vaca primera capa caf\u00e9 + masaje, 10 rondas de piel de vaca primera capa marr\u00f3n + masaje, 10 rondas de piel de vaca primera capa girasol + masaje, 10 rondas de piel de vaca primera capa negra + masaje + separador de pies, 10 rondas de piel de vaca primera capa caf\u00e9 + reposapi\u00e9s + masaje, 10 rondas de piel de vaca primera capa marr\u00f3n + separador de pies + masaje, 10 rondas de girasol primera capa de piel de vacuno + separador de pies + masaje, 10 rondas de piel de vacuno importada negra, 10 rondas de piel de vacuno importada marr\u00f3n, 10 rondas de piel de vacuno importada marr\u00f3n, 10 rondas de piel de vacuno importada girasol, 10 rondas de piel de vacuno importada negra + reposapi\u00e9s, 10 rondas de piel de vacuno importada marr\u00f3n + reposapi\u00e9s, 10 rondas de piel de vacuno importada marr\u00f3n + reposapi\u00e9s, 10 rondas de piel de vacuno importada girasol + reposapi\u00e9s, 10 rondas de piel de vacuno importada negra + masaje, 10 rondas de piel de vacuno importada marr\u00f3n + reposapi\u00e9s, 10 rondas de piel de vacuno importada marr\u00f3n + reposapi\u00e9s, 10 rondas de piel de vacuno importada marr\u00f3n + reposapi\u00e9s, 10 rondas de piel de vacuno importada marr\u00f3n + reposapi\u00e9s, 10 rondas de piel de vacuno importada marr\u00f3n + reposapi\u00e9s, 10 rondas de piel de vacuno importada marr\u00f3n + reposapi\u00e9s, 10 rondas de piel de vacuno importada en marr\u00f3n + reposapi\u00e9s, 10 rondas de piel de vacuno importada en marr\u00f3n + reposapi\u00e9s, 10 rondas de piel de vacuno importada en marr\u00f3n + reposapi\u00e9s, 10 rondas de piel de vacuno importada en girasol + reposapi\u00e9s, 10 rondas de PU + masaje + reposapi\u00e9s [nota de color] 10 rondas de PU + masaje [notas de color] 10 rondas de PU caf\u00e9\/marr\u00f3n + reposapi\u00e9s [notas de color] 10 rondas de PU negro + reposapi\u00e9s 10 rondas de PU marr\u00f3n\/caf\u00e9 [notas de color] 10 rondas de PU negro 10 PU negro [coj\u00edn de resorte 9033] 5 rondas de PU negro [coj\u00edn de resorte 9033]<\/li>\n<li>\n<strong>Material de tela<\/strong>:Cuero<\/li>\n<li>\n<strong>\u00bfEs personalizable?<\/strong>:No<\/li>\n<li>\n<strong>\u00bfSe puede subir o bajar?<\/strong>:S\u00ed<\/li>\n<li>\n<strong>\u00bfEs giratorio?<\/strong>:S\u00ed<\/li>\n<li>\n<strong>\u00bfPuedo acostarme?<\/strong>:S\u00ed<\/li>\n<li>\n<strong>Material para pies de cinco estrellas<\/strong>:Patas de nailon, patas de madera maciza.<\/li>\n<li>\n<strong>Tipo de pasamanos<\/strong>:Reposabrazos fijo<\/li>\n<li>\n<strong>\u00bfEs compatible con la ergonom\u00eda?<\/strong>:S\u00ed<\/li>\n<li>\n<strong>ciudad<\/strong>:Huzhou<\/li>\n<li>\n<strong>Distritos y condados<\/strong>Condado de Anji<\/li>\n<li>\n<strong>Armar<\/strong>:S\u00ed<\/li>\n<li>\n<strong>volumen del paquete<\/strong>:0,6 m\u00b3<\/li>\n<li>\n<strong>\u00bfHay taxi disponible para transporte?<\/strong>:No<\/li>\n<li>\n<strong>Posicionamiento de estilo<\/strong>:Lujo de calidad<\/li>\n<li>\n<strong>Detalles de las instrucciones de instalaci\u00f3n<\/strong>:Proporcione instrucciones de instalaci\u00f3n<\/li>\n<li>\n<strong>Peso bruto<\/strong>:50 kilos<\/li>\n<li>\n<strong>Si tener pedales<\/strong>:S\u00ed<\/li>\n<li>\n<strong><\/strong>:<\/li>\n<\/ul>\n<p><img><\/p>","protected":false},"excerpt":{"rendered":"<p>Experimente la m\u00e1xima comodidad y estabilidad \ud83e\ude91 Su satisfacci\u00f3n impulsa nuestro progreso y nos comprometemos a abordar sus inquietudes dentro de las 24 horas.<\/p>","protected":false},"featured_media":93143,"comment_status":"open","ping_status":"closed","template":"","meta":[],"product_brand":[],"product_cat":[30971,30859],"product_tag":[],"class_list":{"0":"post-40347","1":"product","2":"type-product","3":"status-publish","4":"has-post-thumbnail","6":"product_cat-hp","7":"product_cat-wholesale-office","9":"first","10":"instock","11":"sale","12":"taxable","13":"shipping-taxable","14":"purchasable","15":"product-type-variable"},"_links":{"self":[{"href":"https:\/\/nexgendecors.com\/es\/wp-json\/wp\/v2\/product\/40347","targetHints":{"allow":["GET"]}}],"collection":[{"href":"https:\/\/nexgendecors.com\/es\/wp-json\/wp\/v2\/product"}],"about":[{"href":"https:\/\/nexgendecors.com\/es\/wp-json\/wp\/v2\/types\/product"}],"replies":[{"embeddable":true,"href":"https:\/\/nexgendecors.com\/es\/wp-json\/wp\/v2\/comments?post=40347"}],"version-history":[{"count":0,"href":"https:\/\/nexgendecors.com\/es\/wp-json\/wp\/v2\/product\/40347\/revisions"}],"wp:featuredmedia":[{"embeddable":true,"href":"https:\/\/nexgendecors.com\/es\/wp-json\/wp\/v2\/media\/93143"}],"wp:attachment":[{"href":"https:\/\/nexgendecors.com\/es\/wp-json\/wp\/v2\/media?parent=40347"}],"wp:term":[{"taxonomy":"product_brand","embeddable":true,"href":"https:\/\/nexgendecors.com\/es\/wp-json\/wp\/v2\/product_brand?post=40347"},{"taxonomy":"product_cat","embeddable":true,"href":"https:\/\/nexgendecors.com\/es\/wp-json\/wp\/v2\/product_cat?post=40347"},{"taxonomy":"product_tag","embeddable":true,"href":"https:\/\/nexgendecors.com\/es\/wp-json\/wp\/v2\/product_tag?post=40347"}],"curies":[{"name":"wp","href":"https:\/\/api.w.org\/{rel}","templated":true}]}}