{"id":41030,"date":"2025-01-26T02:10:53","date_gmt":"2025-01-26T02:10:53","guid":{"rendered":"https:\/\/nexgendecors.com\/product\/outdoor-tables-and-chairs-courtyard-high-end-villa-rock-table-garden-balcony-furniture-outdoor-leisure-waterproof-rattan-chair-combination\/"},"modified":"2025-03-31T17:21:24","modified_gmt":"2025-03-31T17:21:24","slug":"mesas-y-sillas-de-exterior-para-patio-villa-de-alta-gama-mesa-de-roca-muebles-de-jardin-y-balcon-combinacion-de-sillas-de-ratan-impermeables-para-ocio-al-aire-libre","status":"publish","type":"product","link":"https:\/\/nexgendecors.com\/es\/product\/mesas-y-sillas-de-exterior-para-patio-villa-de-alta-gama-mesa-de-roca-muebles-de-jardin-y-balcon-combinacion-de-sillas-de-ratan-impermeables-para-ocio-al-aire-libre\/","title":{"rendered":"Elegante conjunto de silla de rat\u00e1n y mesa de roca para exterior"},"content":{"rendered":"<h4>Vida al aire libre de lujo<\/h4>\n<p>Realce su espacio exterior con nuestras mesas y sillas de exterior de alta gama. Este sofisticado conjunto incluye una mesa de piedra y sillas de rat\u00e1n impermeables, dise\u00f1adas para aportar lujo y comodidad a su patio, jard\u00edn o balc\u00f3n. Disfrute del ocio al aire libre con estilo y elegancia.<\/p>\n<h4>Durable y resistente a la intemperie<\/h4>\n<p>Dise\u00f1adas para resistir las inclemencias del tiempo, las sillas de rat\u00e1n impermeables garantizan una larga durabilidad y un aspecto elegante. La robusta mesa de piedra complementa a la perfecci\u00f3n las sillas, creando una combinaci\u00f3n resistente y elegante que resiste cualquier condici\u00f3n clim\u00e1tica.<\/p>\n<h4>Vers\u00e1til y elegante<\/h4>\n<p>Ya sea para una fiesta en el jard\u00edn o para disfrutar de una tranquila tarde en el balc\u00f3n, este conjunto de muebles de exterior ofrece funcionalidad y atractivo. La combinaci\u00f3n de materiales de alta gama y un dise\u00f1o cuidado lo convierte en una opci\u00f3n vers\u00e1til para cualquier espacio al aire libre, mejorando su tiempo libre con una comodidad inigualable.<\/p>\n<ul>\n<li>\n<strong>marca<\/strong>:Breve introducci\u00f3n<\/li>\n<li>\n<strong>modelo<\/strong>:22-7-30<\/li>\n<li>\n<strong>estilo<\/strong>:Simple y moderno<\/li>\n<li>\n<strong>Peso bruto<\/strong>:10 kilos<\/li>\n<li>\n<strong>Caracter\u00edsticas adicionales<\/strong>:puede moverse<\/li>\n<li>\n<strong>volumen del paquete<\/strong>:3<\/li>\n<li>\n<strong>Material principal<\/strong>:Acero inoxidable<\/li>\n<li>\n<strong>Estructura del mobiliario<\/strong>:Estructura<\/li>\n<li>\n<strong>patr\u00f3n<\/strong>:Arte<\/li>\n<li>\n<strong>Entrega\/instalaci\u00f3n disponible<\/strong>:Todas las ciudades<\/li>\n<li>\n<strong>ordenar por color<\/strong>:[Impulso de p\u00e9rdida explosiva] 6 sillas de tipo A + mesa de comedor de 180CM de largo, [Impulso de p\u00e9rdida explosiva] 6 sillas de tipo B + mesa de comedor de 180CM de largo, [Impulso de p\u00e9rdida explosiva] 8 sillas de tipo D + mesa de comedor de 240CM de largo, tipo de silla A: 50_55_80cm, tipo de silla B: 63_61_72cm, tipo de silla C: 58_60_78cm, tipo de silla D: 57_60_79cm, tipo de silla E: 60_60_90cm, tipo de silla F: 60_65_75cm, tipo de silla G: 59_58_72cm, tipo de silla H: 56_62_75cm, tipo de silla I: 57_55_82cm, mesa de comedor de 160*90*75CM de largo (la mesa se puede cambiar a ovalada), 180*90*75CM Mesa de comedor larga, mesa de comedor de 200 x 90 x 75 cm, mesa de comedor de 220 x 100 x 75 cm, mesa de comedor de 240 x 100 x 75 cm, mesa de comedor de 260 x 100 x 75 cm, mesa de comedor de 280 x 100 x 75 cm, mesa de comedor de 300 x 100 x 75 cm, mesa de comedor de 320 x 100 x 75 cm, sombrilla romana de 3 m [6 colores opcionales], sombrilla romana de 3 m con luz [6 colores opcionales], una mesa y cuatro sillas [con mesa de tablero de roca de 1,6] incluidos cojines, 8 sillas tipo A + mesa de comedor de 240 cm de largo<\/li>\n<\/ul>\n<p><img><\/p>","protected":false},"excerpt":{"rendered":"<p>Vida al aire libre de lujo. Realce su espacio exterior con nuestras mesas y sillas de exterior de alta gama. Este sofisticado conjunto incluye...<\/p>","protected":false},"featured_media":94197,"comment_status":"open","ping_status":"closed","template":"","meta":[],"product_brand":[],"product_cat":[30862,30971,30856,30860],"product_tag":[],"class_list":{"0":"post-41030","1":"product","2":"type-product","3":"status-publish","4":"has-post-thumbnail","6":"product_cat-wholesales-hotels","7":"product_cat-hp","8":"product_cat-outdoor-furniture","9":"product_cat-wholesale-restaurant","11":"first","12":"instock","13":"sale","14":"taxable","15":"shipping-taxable","16":"purchasable","17":"product-type-variable"},"_links":{"self":[{"href":"https:\/\/nexgendecors.com\/es\/wp-json\/wp\/v2\/product\/41030","targetHints":{"allow":["GET"]}}],"collection":[{"href":"https:\/\/nexgendecors.com\/es\/wp-json\/wp\/v2\/product"}],"about":[{"href":"https:\/\/nexgendecors.com\/es\/wp-json\/wp\/v2\/types\/product"}],"replies":[{"embeddable":true,"href":"https:\/\/nexgendecors.com\/es\/wp-json\/wp\/v2\/comments?post=41030"}],"version-history":[{"count":0,"href":"https:\/\/nexgendecors.com\/es\/wp-json\/wp\/v2\/product\/41030\/revisions"}],"wp:featuredmedia":[{"embeddable":true,"href":"https:\/\/nexgendecors.com\/es\/wp-json\/wp\/v2\/media\/94197"}],"wp:attachment":[{"href":"https:\/\/nexgendecors.com\/es\/wp-json\/wp\/v2\/media?parent=41030"}],"wp:term":[{"taxonomy":"product_brand","embeddable":true,"href":"https:\/\/nexgendecors.com\/es\/wp-json\/wp\/v2\/product_brand?post=41030"},{"taxonomy":"product_cat","embeddable":true,"href":"https:\/\/nexgendecors.com\/es\/wp-json\/wp\/v2\/product_cat?post=41030"},{"taxonomy":"product_tag","embeddable":true,"href":"https:\/\/nexgendecors.com\/es\/wp-json\/wp\/v2\/product_tag?post=41030"}],"curies":[{"name":"wp","href":"https:\/\/api.w.org\/{rel}","templated":true}]}}