{"id":41058,"date":"2025-01-26T02:10:55","date_gmt":"2025-01-26T02:10:55","guid":{"rendered":"https:\/\/nexgendecors.com\/product\/creative-high-grade-gray-above-the-counter-basin-household-personalized-ceramic-wash-basin-bathroom-balcony-simple-art-wash-basin-2\/"},"modified":"2025-04-06T07:58:32","modified_gmt":"2025-04-06T07:58:32","slug":"lavabo-sobre-encimera-gris-creativo-de-alta-calidad-lavabo-de-ceramica-personalizado-para-el-hogar-lavabo-de-bano-balcon-lavabo-de-arte-simple-2","status":"publish","type":"product","link":"https:\/\/nexgendecors.com\/es\/product\/lavabo-sobre-encimera-gris-creativo-de-alta-calidad-lavabo-de-ceramica-personalizado-para-el-hogar-lavabo-de-bano-balcon-lavabo-de-arte-simple-2\/","title":{"rendered":"Lavabo de encimera de cer\u00e1mica gris de alta calidad: elegante y duradero"},"content":{"rendered":"<p>A\u00f1ade un toque de elegancia a tu espacio con el <strong>Lavabo sobre encimera de cer\u00e1mica gris de alta calidad<\/strong>Dise\u00f1ado para ser funcional y elegante, este lavabo presenta un refinado acabado gris y una forma sencilla pero art\u00edstica, lo que lo convierte en la opci\u00f3n ideal para cualquier hogar, ba\u00f1o o balc\u00f3n. \ud83c\udf1f\ud83d\udec1<\/p>\n<p>Fabricado en cer\u00e1mica de primera calidad, este lavabo ofrece durabilidad y un aspecto sofisticado. Su dise\u00f1o sobre encimera realza su est\u00e9tica elegante y moderna, mientras que su sutil tono gris combina a la perfecci\u00f3n con diversos estilos de decoraci\u00f3n. Perfecto para quienes buscan un toque minimalista pero art\u00edstico, este lavabo realza su espacio con su encanto discreto. \ud83d\udca7\u2728<\/p>\n<p>Eleve su hogar o \u00e1rea al aire libre con este lavabo vers\u00e1til y elegante, que combina belleza y practicidad en un paquete elegante. \ud83c\udf3f\ud83d\udcab<\/p>\n<ul>\n<li>\n<strong>\u54c1\u724c<\/strong>:\u79e6\u5ef7<\/li>\n<li>\n<strong>\u578b\u53f7<\/strong>:QT-5837H<\/li>\n<li>\n<strong>\u6750\u8d28<\/strong>:\u9676\u74f7<\/li>\n<li>\n<strong>\u4ea7\u5730<\/strong>:\u4e2d\u56fd\u5927\u9646<\/li>\n<li>\n<strong>\u7701\u4efd<\/strong>:\u5e7f\u4e1c\u7701<\/li>\n<li>\n<strong>\u5730\u5e02<\/strong>:\u6f6e\u5dde\u5e02<\/li>\n<li>\n<strong>\u989c\u8272\u5206\u7c7b<\/strong>:QT580\u54d1\u5149\u7070\u5355\u76c6 QT580\u54d1\u5149\u7070\u914d\u9ed1\u65cb\u8f6c\u9f99\u5934\u5957\u9910 QT580\u54d1\u5149\u7070\u3010\u9f99\u5934\u5957\u9910\u30115\u90091 QT580\u54d1\u5149\u9ed1\u5355\u76c6QT580\u54d1\u5149\u9ed1\u914d\u9ed1\u65cb\u8f6c\u9f99\u5934\u5957\u9910 QT580\u54d1\u5149\u9ed1\u3010\u9f99\u5934\u5957\u9910\u30115\u90091 QT580\u54d1\u5149\u7eff\u5355\u76c6 QT580\u54d1\u5149\u7eff\u914d\u9ed1\u65cb\u8f6c\u9f99\u5934\u5957\u9910 QT580\u54d1\u5149\u7eff\u3010\u9f99\u5934\u5957\u9910\u30115\u90091 QT580\u4eae\u5149\u767d\u5355\u76c6QT580\u4eae\u5149\u767d\u914d\u9ed1\u65cb\u8f6c\u9f99\u5934\u5957\u9910 QT580\u4eae\u5149\u767d\u3010\u9f99\u5934\u5957\u9910\u30115\u90091 QT470\u54d1\u5149\u7070\u5355\u76c6QT470\u54d1\u5149\u7070\u914d\u9ed1\u65cb\u8f6c\u9f99\u5934\u5957\u9910 QT470\u54d1\u5149\u7070\u3010\u9f99\u5934\u5957\u9910\u30115\u90091 QT470\u54d1\u5149\u9ed1\u5355\u76c6 QT470\u54d1\u5149\u9ed1\u914d\u9ed1\u65cb\u8f6c\u9f99\u5934\u5957\u9910QT470\u54d1\u5149\u9ed1\u3010\u9f99\u5934\u5957\u9910\u30115\u90091 QT470\u54d1\u5149\u7eff\u5355\u76c6 QT470\u54d1\u5149\u7eff\u914d\u9ed1\u65cb\u8f6c\u9f99\u5934\u5957\u9910QT470\u54d1\u5149\u7eff\u3010\u9f99\u5934\u5957\u9910\u30115\u90091 QT470\u4eae\u5149\u767d\u5355\u76c6 QT470\u4eae\u5149\u767d\u914d\u9ed1\u65cb\u8f6c\u9f99\u5934\u5957\u9910 QT470\u4eae\u5149\u767d\u3010\u9f99\u5934\u5957\u9910\u30115\u90091<\/li>\n<li>\n<strong>\u540c\u57ce\u670d\u52a1<\/strong>:\u540c\u57ce\u7269\u6d41\u9001\u8d27\u4e0a\u95e8<\/li>\n<li>\n<strong>\u9f99\u5934\u5f00\u5b54<\/strong>:\u65e0\u5b54<\/li>\n<li>\n<strong><\/strong>:<\/li>\n<\/ul>\n<p><img><\/p>","protected":false},"excerpt":{"rendered":"<p>Agregue un toque de elegancia a su espacio con el lavabo sobre encimera de cer\u00e1mica gris de alta calidad. Dise\u00f1ado para la funcionalidad y...<\/p>","protected":false},"featured_media":94238,"comment_status":"open","ping_status":"closed","template":"","meta":[],"product_brand":[],"product_cat":[30971,30880],"product_tag":[],"class_list":{"0":"post-41058","1":"product","2":"type-product","3":"status-publish","4":"has-post-thumbnail","6":"product_cat-hp","7":"product_cat-wholesales-bathroom-sink","9":"first","10":"instock","11":"taxable","12":"shipping-taxable","13":"purchasable","14":"product-type-variable"},"_links":{"self":[{"href":"https:\/\/nexgendecors.com\/es\/wp-json\/wp\/v2\/product\/41058","targetHints":{"allow":["GET"]}}],"collection":[{"href":"https:\/\/nexgendecors.com\/es\/wp-json\/wp\/v2\/product"}],"about":[{"href":"https:\/\/nexgendecors.com\/es\/wp-json\/wp\/v2\/types\/product"}],"replies":[{"embeddable":true,"href":"https:\/\/nexgendecors.com\/es\/wp-json\/wp\/v2\/comments?post=41058"}],"version-history":[{"count":0,"href":"https:\/\/nexgendecors.com\/es\/wp-json\/wp\/v2\/product\/41058\/revisions"}],"wp:featuredmedia":[{"embeddable":true,"href":"https:\/\/nexgendecors.com\/es\/wp-json\/wp\/v2\/media\/94238"}],"wp:attachment":[{"href":"https:\/\/nexgendecors.com\/es\/wp-json\/wp\/v2\/media?parent=41058"}],"wp:term":[{"taxonomy":"product_brand","embeddable":true,"href":"https:\/\/nexgendecors.com\/es\/wp-json\/wp\/v2\/product_brand?post=41058"},{"taxonomy":"product_cat","embeddable":true,"href":"https:\/\/nexgendecors.com\/es\/wp-json\/wp\/v2\/product_cat?post=41058"},{"taxonomy":"product_tag","embeddable":true,"href":"https:\/\/nexgendecors.com\/es\/wp-json\/wp\/v2\/product_tag?post=41058"}],"curies":[{"name":"wp","href":"https:\/\/api.w.org\/{rel}","templated":true}]}}