{"id":41381,"date":"2025-01-26T02:11:34","date_gmt":"2025-01-26T02:11:34","guid":{"rendered":"https:\/\/nexgendecors.com\/product\/italian-light-luxury-leather-furniture-postmodern-minimalist-designer-villa-large-living-room-high-end-babylon-corner-sofa\/"},"modified":"2025-04-06T07:59:11","modified_gmt":"2025-04-06T07:59:11","slug":"muebles-italianos-de-cuero-de-lujo-ligeros-de-diseno-minimalista-posmoderno-para-una-gran-sala-de-estar-sofa-esquinero-babylon-de-alta-gama","status":"publish","type":"product","link":"https:\/\/nexgendecors.com\/es\/product\/muebles-italianos-de-cuero-de-lujo-ligeros-de-diseno-minimalista-posmoderno-para-una-gran-sala-de-estar-sofa-esquinero-babylon-de-alta-gama\/","title":{"rendered":"Sof\u00e1 esquinero italiano de cuero ligero y lujoso: comodidad y estilo"},"content":{"rendered":"<p>Disfrute de la m\u00e1xima comodidad y estilo con nuestros <strong>Sof\u00e1 esquinero italiano de cuero ligero y lujoso<\/strong>! \ud83c\udf1f Dise\u00f1ado por reconocidos dise\u00f1adores minimalistas posmodernos, este sof\u00e1 Babylon de alta gama es perfecto para salas de estar grandes en villas de lujo, ofreciendo una combinaci\u00f3n de elegancia y sofisticaci\u00f3n. \ud83d\udecb\ufe0f\u2728<\/p>\n<ul>\n<li>\n<strong>Dise\u00f1o minimalista posmoderno<\/strong>Elegante y con estilo, elaborado por los mejores dise\u00f1adores para una apariencia contempor\u00e1nea \ud83c\udfa8<\/li>\n<li>\n<strong>Cuero de lujo<\/strong>:Tapizado en cuero de primera calidad para un acabado suave, elegante y duradero \ud83c\uddee\ud83c\uddf9<\/li>\n<li>\n<strong>Comodidad espaciosa<\/strong>:Dise\u00f1o de esquina grande para acomodar c\u00f3modamente a la familia y a los invitados \ud83c\udf1f<\/li>\n<li>\n<strong>Artesan\u00eda de alta gama<\/strong>:Construido con meticulosa atenci\u00f3n al detalle, asegurando calidad y belleza duraderas \ud83c\udf33<\/li>\n<li>\n<strong>Elegancia vers\u00e1til<\/strong>: Ideal para mejorar el ambiente de villas de lujo y salas de estar de alta gama \ud83c\udfe1<\/li>\n<\/ul>\n<p>Transforma tu espacio vital con este exquisito sof\u00e1 esquinero Babylon, que encarna el lujo ligero italiano y la simplicidad posmoderna. \ud83c\udf3f\ud83d\udecb\ufe0f<\/p>\n<ul>\n<li>\n<strong>marca<\/strong>:#0 F\u00e1brica<\/li>\n<li>\n<strong>modelo<\/strong>:qsc-98741<\/li>\n<li>\n<strong>Material<\/strong>:Madera<\/li>\n<li>\n<strong>Material de madera<\/strong>:Pino<\/li>\n<li>\n<strong>patr\u00f3n<\/strong>:Arte<\/li>\n<li>\n<strong>estilo<\/strong>:Estilo de lujo ligero<\/li>\n<li>\n<strong>elementos populares<\/strong>:Forma especial, empalme, metal.<\/li>\n<li>\n<strong>ordenar por color<\/strong>:Sof\u00e1 modular en forma de L (3800*2800*111*63), sof\u00e1 modular en forma de L (406*353*111*63), mesa de centro a juego 1, mesa de centro a juego 2, cama a juego 1, cama a juego 2, silla de ocio a juego, color \/ tama\u00f1o env\u00ede placa de color para consultar con el servicio al cliente<\/li>\n<li>\n<strong>Relleno<\/strong>:esponja<\/li>\n<li>\n<strong>Tecnolog\u00eda estructural<\/strong>:Artesan\u00eda en madera<\/li>\n<li>\n<strong>Tecnolog\u00eda de estructura de madera<\/strong>:doblamiento<\/li>\n<li>\n<strong>\u00bfEs personalizable?<\/strong>:S\u00ed<\/li>\n<li>\n<strong>Combinaci\u00f3n de sof\u00e1s<\/strong>:Forma de L<\/li>\n<li>\n<strong>Caracter\u00edsticas adicionales<\/strong>:puede moverse<\/li>\n<li>\n<strong>Adecuado<\/strong>:Adultos<\/li>\n<li>\n<strong>\u00bfHay espacio de almacenamiento?<\/strong>:No<\/li>\n<li>\n<strong>Proceso de acabado del cuero<\/strong>:Escarchado<\/li>\n<li>\n<strong>Material de cuero<\/strong>:Capa superior de piel de vaca<\/li>\n<li>\n<strong>Entrega\/instalaci\u00f3n disponible<\/strong>:Otros, Nanchang, Harbin, Dalian, Shenyang, Xi&#039;an, Guiyang, Zhengzhou, Jinhua, Changsha, Beijing, Changzhou, Chengdu, Dongguan, Foshan, Fuzhou, Guangzhou, Hangzhou, Nanjing, Nanning, Ningbo, Qingdao, Shanghai, Shenzhen, Suzhou, Taizhou, Tianjin, Wenzhou, Wuxi, Wuhan, Xiamen, Chongqing<\/li>\n<li>\n<strong>Armar<\/strong>:S\u00ed<\/li>\n<li>\n<strong>volumen del paquete<\/strong>:10<\/li>\n<li>\n<strong>\u00bfHay taxi disponible para transporte?<\/strong>:No<\/li>\n<li>\n<strong>Dureza del relleno<\/strong>:suave<\/li>\n<li>\n<strong>Posicionamiento de estilo<\/strong>:Lujo de calidad<\/li>\n<li>\n<strong>Detalles de las instrucciones de instalaci\u00f3n<\/strong>:Proporcione instrucciones de instalaci\u00f3n y herramientas de instalaci\u00f3n sencillas.<\/li>\n<li>\n<strong>Gama de acabados de cuero<\/strong>:Superficie de contacto<\/li>\n<li>\n<strong><\/strong>:<\/li>\n<\/ul>\n<p><img><\/p>","protected":false},"excerpt":{"rendered":"<p>Indulge in the ultimate comfort and style with our Italian Light Luxury Leather Corner Sofa! \ud83c\udf1f Designed by renowned postmodern<\/p>","protected":false},"featured_media":94744,"comment_status":"open","ping_status":"closed","template":"","meta":[],"product_brand":[],"product_cat":[30862,30971,30850],"product_tag":[],"class_list":{"0":"post-41381","1":"product","2":"type-product","3":"status-publish","4":"has-post-thumbnail","6":"product_cat-wholesales-hotels","7":"product_cat-hp","8":"product_cat-wholesale-furniture","10":"first","11":"instock","12":"taxable","13":"shipping-taxable","14":"purchasable","15":"product-type-variable"},"_links":{"self":[{"href":"https:\/\/nexgendecors.com\/es\/wp-json\/wp\/v2\/product\/41381","targetHints":{"allow":["GET"]}}],"collection":[{"href":"https:\/\/nexgendecors.com\/es\/wp-json\/wp\/v2\/product"}],"about":[{"href":"https:\/\/nexgendecors.com\/es\/wp-json\/wp\/v2\/types\/product"}],"replies":[{"embeddable":true,"href":"https:\/\/nexgendecors.com\/es\/wp-json\/wp\/v2\/comments?post=41381"}],"version-history":[{"count":0,"href":"https:\/\/nexgendecors.com\/es\/wp-json\/wp\/v2\/product\/41381\/revisions"}],"wp:featuredmedia":[{"embeddable":true,"href":"https:\/\/nexgendecors.com\/es\/wp-json\/wp\/v2\/media\/94744"}],"wp:attachment":[{"href":"https:\/\/nexgendecors.com\/es\/wp-json\/wp\/v2\/media?parent=41381"}],"wp:term":[{"taxonomy":"product_brand","embeddable":true,"href":"https:\/\/nexgendecors.com\/es\/wp-json\/wp\/v2\/product_brand?post=41381"},{"taxonomy":"product_cat","embeddable":true,"href":"https:\/\/nexgendecors.com\/es\/wp-json\/wp\/v2\/product_cat?post=41381"},{"taxonomy":"product_tag","embeddable":true,"href":"https:\/\/nexgendecors.com\/es\/wp-json\/wp\/v2\/product_tag?post=41381"}],"curies":[{"name":"wp","href":"https:\/\/api.w.org\/{rel}","templated":true}]}}