{"id":41608,"date":"2025-01-26T02:12:10","date_gmt":"2025-01-26T02:12:10","guid":{"rendered":"https:\/\/nexgendecors.com\/product\/log-magic-bean-bedroom-lamp-japanese-style-wabi-sabi-style-chandelier-walnut-wood-grain-ceiling-lamp-living-room-lamp-nordic-restaurant-lamp\/"},"modified":"2025-04-06T07:59:59","modified_gmt":"2025-04-06T07:59:59","slug":"log-magic-bean-bedroom-lamp-japanese-style-wabi-sabi-style-chandelier-walnut-wood-grain-ceiling-lamp-living-room-lamp-nordic-restaurant-lamp","status":"publish","type":"product","link":"https:\/\/nexgendecors.com\/es\/product\/log-magic-bean-bedroom-lamp-japanese-style-wabi-sabi-style-chandelier-walnut-wood-grain-ceiling-lamp-living-room-lamp-nordic-restaurant-lamp\/","title":{"rendered":"L\u00e1mpara de ara\u00f1a Magic Bean de madera de nogal Wabi-Sabi"},"content":{"rendered":"<p>Elevate your home decor with the <strong>Log Magic Bean Chandelier<\/strong>, designed in a Japanese Wabi-Sabi style. \ud83c\udf3f Crafted from exquisite walnut wood grain, this chandelier adds a touch of natural beauty and elegance to any bedroom, living room, or Nordic-inspired restaurant. \ud83c\udf1f\ud83c\udfe1<\/p>\n<ul>\n<li>\n<strong>Wabi-Sabi Design<\/strong>: Embrace the beauty of imperfection with this unique Japanese style chandelier \ud83c\udf43<\/li>\n<li>\n<strong>Material de alta calidad<\/strong>: Made from stunning walnut wood grain for a rich, natural look \ud83c\udf30<\/li>\n<li>\n<strong>Uso vers\u00e1til<\/strong>: Perfect for bedrooms, living rooms, dining areas, and restaurants \ud83d\udecf\ufe0f\ud83d\udecb\ufe0f<\/li>\n<li>\n<strong>Elegant Lighting<\/strong>: Creates a warm and inviting ambiance with its magic bean design \ud83d\udca1<\/li>\n<li>\n<strong>Nordic Charm<\/strong>: Combines minimalist aesthetics with functional elegance for a sophisticated touch \u2728<\/li>\n<\/ul>\n<p>Add this beautiful chandelier to your space and enjoy the perfect blend of Japanese Wabi-Sabi and Nordic design. \ud83c\udf38\ud83d\udd06<\/p>\n<ul>\n<li>\n<strong>marca<\/strong>:otro\/otro<\/li>\n<li>\n<strong>modelo<\/strong>:ODW017<\/li>\n<li>\n<strong>estilo<\/strong>:Europa del Norte<\/li>\n<li>\n<strong>Origen<\/strong>:China continental<\/li>\n<li>\n<strong>modelo<\/strong>:ODW017<\/li>\n<li>\n<strong>ordenar por color<\/strong>:3 heads of log color [50CM] white light, [Special offer] 3 heads of log color [50CM] warm light, 3 heads of log color [50CM] three colors, 4 heads of log color [50CM] white light, 4 heads of log color [50CM] warm light, 4 heads of log color [50CM] three colors, 5 heads of log color [50CM] white light, 5 heads of log color [50CM] warm light, 5 heads of log color [50CM] three colors, full spectrum\/display index \u226597\/3 heads of log color [50CM] white light, full spectrum\/display index \u226597\/3 heads of log color [50CM] warm Light, full spectrum\/display index \u226597\/log color 3 heads [50CM] three colors, full spectrum\/display index \u226597\/log color 4 heads [50CM] white light, full spectrum\/display index \u226597\/log color 4 heads [50CM] warm light, full spectrum\/display index \u226597\/log color 4 heads [50CM] three colors, full spectrum\/display index \u226597\/log color 5 heads [50CM] white light, full spectrum\/display index \u226597\/log color 5 heads [50CM] warm light, full spectrum\/display index \u226597\/log color 5 heads [50CM] three colors, walnut color 3 heads [50CM] white light, walnut color 3 heads [50CM] warm light, walnut color 3 heads [50CM] three colors, walnut color 4 heads [50CM] white light, walnut color 4 heads [50CM] warm light, walnut color 4 heads [50CM] three colors, walnut color 5 heads [50CM] white light, walnut color 5 heads [50CM] warm light, walnut color 5 heads [50CM] three colors, full spectrum\/display index \u226597\/walnut color 3 heads [50CM] white light, full spectrum\/display index \u226597\/walnut color 3 heads [50CM] Warm light, full spectrum\/display index \u226597\/walnut color 3 heads [50CM] three colors, full spectrum\/display index \u226597\/walnut color 4 heads [50CM] white light, full spectrum\/display index \u226597\/walnut color 4 heads [50CM] warm light, full spectrum\/display index \u226597\/walnut color 4 heads [50CM] three colors, full spectrum\/display index \u226597\/walnut color 5 heads [50CM] white light, full spectrum\/display index \u226597\/walnut color 5 heads [50CM] warm light, full spectrum\/display index \u226597\/walnut color 5 heads [50CM] three colors<\/li>\n<li>\n<strong>\u00bfLa l\u00e1mpara tiene una fuente de luz?<\/strong>:S\u00ed<\/li>\n<li>\n<strong>Voltaje<\/strong>:220 V<\/li>\n<li>\n<strong>Material principal del cuerpo de la l\u00e1mpara.<\/strong>:Madera<\/li>\n<li>\n<strong>Material principal de la pantalla de la l\u00e1mpara<\/strong>:Pantalla de PMMA de alta transmitancia de luz<\/li>\n<li>\n<strong>tipo de fuente de luz<\/strong>:Luces LED<\/li>\n<li>\n<strong>N\u00famero de fuentes de luz<\/strong>:5,4,3<\/li>\n<li>\n<strong>Tecnolog\u00eda<\/strong>:Talla hueca<\/li>\n<li>\n<strong>\u00c1rea de irradiaci\u00f3n<\/strong>:10\u33a1-15\u33a1<\/li>\n<li>\n<strong>Tipo de control<\/strong>:otro<\/li>\n<li>\n<strong>Forma de la pantalla de la l\u00e1mpara<\/strong>:Redondo<\/li>\n<li>\n<strong>Material auxiliar para pantallas de l\u00e1mparas<\/strong>:Pantalla de PMMA de alta transmitancia de luz<\/li>\n<li>\n<strong>Per\u00edodo de garant\u00eda<\/strong>:3 a\u00f1os<\/li>\n<li>\n<strong>Material auxiliar del cuerpo de la l\u00e1mpara<\/strong>:Madera<\/li>\n<li>\n<strong>Tipo inteligente<\/strong>:No hay soporte para smart<\/li>\n<li>\n<strong>Ya sea control inteligente<\/strong>:No<\/li>\n<li>\n<strong>Tipo de luz de techo<\/strong>:L\u00e1mpara de techo de madera<\/li>\n<li>\n<strong>N\u00famero de certificado 3C<\/strong>:2023011001567276<\/li>\n<li>\n<strong><\/strong>:<\/li>\n<\/ul>","protected":false},"excerpt":{"rendered":"<p>Eleve la decoraci\u00f3n de su hogar con la l\u00e1mpara de ara\u00f1a Log Magic Bean, dise\u00f1ada en un estilo japon\u00e9s Wabi-Sabi. \ud83c\udf3f Elaborada con exquisitos<\/p>","protected":false},"featured_media":95109,"comment_status":"open","ping_status":"closed","template":"","meta":[],"product_brand":[],"product_cat":[30971,30864],"product_tag":[],"class_list":{"0":"post-41608","1":"product","2":"type-product","3":"status-publish","4":"has-post-thumbnail","6":"product_cat-hp","7":"product_cat-new-wholesales-lights","9":"first","10":"instock","11":"taxable","12":"shipping-taxable","13":"purchasable","14":"product-type-variable"},"_links":{"self":[{"href":"https:\/\/nexgendecors.com\/es\/wp-json\/wp\/v2\/product\/41608","targetHints":{"allow":["GET"]}}],"collection":[{"href":"https:\/\/nexgendecors.com\/es\/wp-json\/wp\/v2\/product"}],"about":[{"href":"https:\/\/nexgendecors.com\/es\/wp-json\/wp\/v2\/types\/product"}],"replies":[{"embeddable":true,"href":"https:\/\/nexgendecors.com\/es\/wp-json\/wp\/v2\/comments?post=41608"}],"version-history":[{"count":0,"href":"https:\/\/nexgendecors.com\/es\/wp-json\/wp\/v2\/product\/41608\/revisions"}],"wp:featuredmedia":[{"embeddable":true,"href":"https:\/\/nexgendecors.com\/es\/wp-json\/wp\/v2\/media\/95109"}],"wp:attachment":[{"href":"https:\/\/nexgendecors.com\/es\/wp-json\/wp\/v2\/media?parent=41608"}],"wp:term":[{"taxonomy":"product_brand","embeddable":true,"href":"https:\/\/nexgendecors.com\/es\/wp-json\/wp\/v2\/product_brand?post=41608"},{"taxonomy":"product_cat","embeddable":true,"href":"https:\/\/nexgendecors.com\/es\/wp-json\/wp\/v2\/product_cat?post=41608"},{"taxonomy":"product_tag","embeddable":true,"href":"https:\/\/nexgendecors.com\/es\/wp-json\/wp\/v2\/product_tag?post=41608"}],"curies":[{"name":"wp","href":"https:\/\/api.w.org\/{rel}","templated":true}]}}