{"id":41746,"date":"2025-01-26T02:12:26","date_gmt":"2025-01-26T02:12:26","guid":{"rendered":"https:\/\/nexgendecors.com\/product\/childrens-large-multifunctional-lego-building-block-table-plastic-space-sand-table-puzzle-game-table-playground-stall-set\/"},"modified":"2025-04-06T08:00:08","modified_gmt":"2025-04-06T08:00:08","slug":"mesa-de-construccion-lego-multifuncional-grande-para-ninos-mesa-de-arena-espacial-de-plastico-mesa-de-juego-de-rompecabezas-juego-de-parque-infantil","status":"publish","type":"product","link":"https:\/\/nexgendecors.com\/es\/product\/mesa-de-construccion-lego-multifuncional-grande-para-ninos-mesa-de-arena-espacial-de-plastico-mesa-de-juego-de-rompecabezas-juego-de-parque-infantil\/","title":{"rendered":"Mesa de construcci\u00f3n LEGO grande: dise\u00f1o elegante y funcional"},"content":{"rendered":"<p><strong>\u00a1Inspira la creatividad con nuestra gran mesa de construcci\u00f3n Lego!<\/strong> \ud83e\udde9\ud83c\udfa8<\/p>\n<p>Despierta la imaginaci\u00f3n de tu hijo con nuestra espaciosa mesa de construcci\u00f3n Lego. Perfecta para jugar con arena, rompecabezas y juegos, esta vers\u00e1til mesa es un complemento ideal para parques infantiles o salas de juegos.<\/p>\n<p><strong>Caracter\u00edsticas principales:<\/strong><\/p>\n<ul>\n<li>\n<strong>Gran superficie:<\/strong> Mucho espacio para construir y jugar.<\/li>\n<li>\n<strong>Multifuncional:<\/strong> Ideal para Lego, juegos de arena, rompecabezas y juegos.<\/li>\n<li>\n<strong>Dise\u00f1o duradero:<\/strong> Dise\u00f1ado para soportar el juego activo.<\/li>\n<\/ul>\n<p><strong>Perfecto para parques infantiles o salas de juegos:<\/strong> Crea un centro de creatividad y diversi\u00f3n para los ni\u00f1os.<\/p>\n<p><strong>\u00a1Compre ahora para transformar el tiempo de juego de su hijo en una aventura de aprendizaje y creatividad!<\/strong><\/p>\n<ul>\n<li>\n<strong>marca<\/strong>:Zhejia<\/li>\n<li>\n<strong>Edad adecuada<\/strong>:12 meses 2 a\u00f1os 3 a\u00f1os 4 a\u00f1os 5 a\u00f1os 6 a\u00f1os 7 a\u00f1os 8 a\u00f1os 9 a\u00f1os 10 a\u00f1os 11 a\u00f1os<\/li>\n<li>\n<strong>Materiales estructurales<\/strong>:pl\u00e1stico<\/li>\n<li>\n<strong>estilo<\/strong>:Simple y moderno<\/li>\n<li>\n<strong>Origen<\/strong>:otro<\/li>\n<li>\n<strong>ordenar por color<\/strong>:Juego de mesa de bloques de construcci\u00f3n de 126 cm de di\u00e1metro 1 (sin sillas ni juguetes) Juego de mesa de bloques de construcci\u00f3n de 226 * 126 cm 2 (sin sillas ni juguetes) Part\u00edculas grandes 288 piezas de sillas en una caja (tenga en cuenta el color al realizar un pedido) Mesa de bloques de construcci\u00f3n cuadrada (amarilla) Mesa de bloques de construcci\u00f3n cuadrada (roja) Mesa de bloques de construcci\u00f3n cuadrada (azul) Mesa de bloques de construcci\u00f3n cuadrada (verde) Mesa de bloques de construcci\u00f3n en forma de abanico (amarilla) Mesa de bloques de construcci\u00f3n en forma de abanico (azul) Mesa de bloques de construcci\u00f3n en forma de abanico (verde) Mesa de bloques de construcci\u00f3n en forma de abanico (roja)<\/li>\n<li>\n<strong>Material de acabado<\/strong>:otro<\/li>\n<li>\n<strong>N\u00famero de pieza<\/strong>:20071101<\/li>\n<\/ul>\n<p><img><\/p>","protected":false},"excerpt":{"rendered":"<p>Inspire Creativity with Our Large Lego Building Table! \ud83e\udde9\ud83c\udfa8 Ignite your child&#8217;s imagination with our spacious Lego building table. Perfect<\/p>","protected":false},"featured_media":95291,"comment_status":"open","ping_status":"closed","template":"","meta":[],"product_brand":[],"product_cat":[30971,30849],"product_tag":[],"class_list":{"0":"post-41746","1":"product","2":"type-product","3":"status-publish","4":"has-post-thumbnail","6":"product_cat-hp","7":"product_cat-kindergarten-school-furniture","9":"first","10":"instock","11":"taxable","12":"shipping-taxable","13":"purchasable","14":"product-type-variable"},"_links":{"self":[{"href":"https:\/\/nexgendecors.com\/es\/wp-json\/wp\/v2\/product\/41746","targetHints":{"allow":["GET"]}}],"collection":[{"href":"https:\/\/nexgendecors.com\/es\/wp-json\/wp\/v2\/product"}],"about":[{"href":"https:\/\/nexgendecors.com\/es\/wp-json\/wp\/v2\/types\/product"}],"replies":[{"embeddable":true,"href":"https:\/\/nexgendecors.com\/es\/wp-json\/wp\/v2\/comments?post=41746"}],"version-history":[{"count":0,"href":"https:\/\/nexgendecors.com\/es\/wp-json\/wp\/v2\/product\/41746\/revisions"}],"wp:featuredmedia":[{"embeddable":true,"href":"https:\/\/nexgendecors.com\/es\/wp-json\/wp\/v2\/media\/95291"}],"wp:attachment":[{"href":"https:\/\/nexgendecors.com\/es\/wp-json\/wp\/v2\/media?parent=41746"}],"wp:term":[{"taxonomy":"product_brand","embeddable":true,"href":"https:\/\/nexgendecors.com\/es\/wp-json\/wp\/v2\/product_brand?post=41746"},{"taxonomy":"product_cat","embeddable":true,"href":"https:\/\/nexgendecors.com\/es\/wp-json\/wp\/v2\/product_cat?post=41746"},{"taxonomy":"product_tag","embeddable":true,"href":"https:\/\/nexgendecors.com\/es\/wp-json\/wp\/v2\/product_tag?post=41746"}],"curies":[{"name":"wp","href":"https:\/\/api.w.org\/{rel}","templated":true}]}}