{"id":41791,"date":"2025-01-26T02:12:31","date_gmt":"2025-01-26T02:12:31","guid":{"rendered":"https:\/\/nexgendecors.com\/product\/yatianjing-boss-chair-genuine-leather-home-computer-chair-office-chair-modern-simple-ergonomic-chair-lift-swivel-chair\/"},"modified":"2025-04-06T08:00:16","modified_gmt":"2025-04-06T08:00:16","slug":"silla-yatianjing-boss-de-cuero-genuino-para-computadora-de-casa-silla-de-oficina-moderna-ergonomica-sencilla-silla-giratoria-elevable","status":"publish","type":"product","link":"https:\/\/nexgendecors.com\/es\/product\/silla-yatianjing-boss-de-cuero-genuino-para-computadora-de-casa-silla-de-oficina-moderna-ergonomica-sencilla-silla-giratoria-elevable\/","title":{"rendered":"Silla Boss de Cuero: C\u00f3moda y elegante silla giratoria para la oficina"},"content":{"rendered":"<p>\u2728 <strong>Full Armrest:<\/strong> Experience unmatched comfort and durability with our neatly stitched, full armrest design. Ergonomically crafted to perfectly complement the human body.<\/p>\n<p>\ud83c\udf3f <strong>Original Sponge:<\/strong> Enjoy the ultimate softness with our thicker, eco-friendly sponge filling, designed to offer superior comfort and integration.<\/p>\n<p>\ud83e\ude91 <strong>Four Chair Legs:<\/strong> Stability and flexibility meet in our chair&#8217;s design. The five-star legs provide flexibility, while the arch legs ensure durability. Plus, the universal five-star wheels glide smoothly without damaging your floor.<\/p>\n<p>\ud83d\udecb\ufe0f <strong>Comfortable Cushion:<\/strong> Sink into comfort with our high-resilience sponge-filled cushion. Its soft design contours to your body, providing an exceptionally comfortable sitting experience.<\/p>\n<p>\ud83c\udfa8 <strong>Graceful Curve:<\/strong> Admire the beauty and stability of our chair. The scientifically designed structure is both firm and stylish, with a full backrest that supports and follows the natural curve of your body for maximum comfort.<\/p>\n<ul>\n<li>\n<strong>marca<\/strong>:Yatianjing<\/li>\n<li>\n<strong>modelo<\/strong>:YTJ-YZ881<\/li>\n<li>\n<strong>Material del asiento<\/strong>:Arte en cuero<\/li>\n<li>\n<strong>ordenar por color<\/strong>:Black Boss Chair Gray Boss Chair Brown Boss Chair<\/li>\n<li>\n<strong>Material de tela<\/strong>:otro<\/li>\n<li>\n<strong>\u00bfSe puede subir o bajar?<\/strong>:S\u00ed<\/li>\n<li>\n<strong>\u00bfPuedo acostarme?<\/strong>:No<\/li>\n<li>\n<strong>Material para pies de cinco estrellas<\/strong>:Pies de acero<\/li>\n<li>\n<strong>Tipo de pasamanos<\/strong>:Reposabrazos fijo<\/li>\n<li>\n<strong><\/strong>:<\/li>\n<\/ul>\n<p><img><\/p>","protected":false},"excerpt":{"rendered":"<p>\u2728 Reposabrazos completo: Experimente una comodidad y durabilidad inigualables con nuestro dise\u00f1o de reposabrazos completo, cuidadosamente cosido. Dise\u00f1ado ergon\u00f3micamente para complementar a la perfecci\u00f3n.<\/p>","protected":false},"featured_media":95370,"comment_status":"open","ping_status":"closed","template":"","meta":[],"product_brand":[],"product_cat":[30971,30859],"product_tag":[],"class_list":{"0":"post-41791","1":"product","2":"type-product","3":"status-publish","4":"has-post-thumbnail","6":"product_cat-hp","7":"product_cat-wholesale-office","9":"first","10":"instock","11":"sale","12":"taxable","13":"shipping-taxable","14":"purchasable","15":"product-type-variable"},"_links":{"self":[{"href":"https:\/\/nexgendecors.com\/es\/wp-json\/wp\/v2\/product\/41791","targetHints":{"allow":["GET"]}}],"collection":[{"href":"https:\/\/nexgendecors.com\/es\/wp-json\/wp\/v2\/product"}],"about":[{"href":"https:\/\/nexgendecors.com\/es\/wp-json\/wp\/v2\/types\/product"}],"replies":[{"embeddable":true,"href":"https:\/\/nexgendecors.com\/es\/wp-json\/wp\/v2\/comments?post=41791"}],"version-history":[{"count":0,"href":"https:\/\/nexgendecors.com\/es\/wp-json\/wp\/v2\/product\/41791\/revisions"}],"wp:featuredmedia":[{"embeddable":true,"href":"https:\/\/nexgendecors.com\/es\/wp-json\/wp\/v2\/media\/95370"}],"wp:attachment":[{"href":"https:\/\/nexgendecors.com\/es\/wp-json\/wp\/v2\/media?parent=41791"}],"wp:term":[{"taxonomy":"product_brand","embeddable":true,"href":"https:\/\/nexgendecors.com\/es\/wp-json\/wp\/v2\/product_brand?post=41791"},{"taxonomy":"product_cat","embeddable":true,"href":"https:\/\/nexgendecors.com\/es\/wp-json\/wp\/v2\/product_cat?post=41791"},{"taxonomy":"product_tag","embeddable":true,"href":"https:\/\/nexgendecors.com\/es\/wp-json\/wp\/v2\/product_tag?post=41791"}],"curies":[{"name":"wp","href":"https:\/\/api.w.org\/{rel}","templated":true}]}}