{"id":42335,"date":"2025-01-26T02:13:31","date_gmt":"2025-01-26T02:13:31","guid":{"rendered":"https:\/\/nexgendecors.com\/product\/office-file-cabinet-storage-cabinet-storage-cabinet-bookcase-with-lock-wooden-flower-trough-cabinet-office-cabinet-sundries-storage-cabinet\/"},"modified":"2025-04-06T08:01:25","modified_gmt":"2025-04-06T08:01:25","slug":"archivador-de-oficina-armario-de-almacenamiento-estanteria-con-cerradura-mueble-de-madera-para-flores-armario-de-oficina-armario-para-guardar-articulos-diversos","status":"publish","type":"product","link":"https:\/\/nexgendecors.com\/es\/product\/archivador-de-oficina-armario-de-almacenamiento-estanteria-con-cerradura-mueble-de-madera-para-flores-armario-de-oficina-armario-para-guardar-articulos-diversos\/","title":{"rendered":"Archivador vertical m\u00f3vil con cerradura y estantes extra\u00edbles"},"content":{"rendered":"<p><strong>Optimice su espacio de trabajo con nuestro archivador vertical m\u00f3vil \ud83d\udcc1<\/strong><\/p>\n<p>Revolucione la organizaci\u00f3n de su oficina con nuestro archivador vertical m\u00f3vil, dise\u00f1ado para ofrecer seguridad, movilidad y funcionalidad. Ideal para profesionales que necesitan una soluci\u00f3n de almacenamiento eficiente, este archivador mantiene sus archivos y documentos perfectamente organizados y f\u00e1cilmente accesibles.<\/p>\n<p><strong>Mecanismo de bloqueo seguro \ud83d\udd12<\/strong><br \/>Proteja sus documentos importantes con la cerradura integrada. El sistema de cierre seguro garantiza que solo el personal autorizado pueda acceder a sus archivos, lo que le brinda tranquilidad y protege la informaci\u00f3n confidencial.<\/p>\n<p><strong>Estantes extra\u00edbles pr\u00e1cticos \ud83d\udee0\ufe0f<\/strong><br \/>Disfrute de un f\u00e1cil acceso a sus documentos con nuestros innovadores estantes extra\u00edbles. Se deslizan suavemente, lo que le permite encontrar y recuperar archivos r\u00e1pidamente sin tener que rebuscar entre las pilas. Ideales para entornos concurridos donde el tiempo y la eficiencia son cruciales.<\/p>\n<p><strong>Dise\u00f1o m\u00f3vil con ruedas \ud83d\ude80<\/strong><br \/>Mueva su archivador f\u00e1cilmente de una habitaci\u00f3n a otra gracias a sus ruedas integradas. Su dise\u00f1o m\u00f3vil ofrece mayor flexibilidad, lo que facilita reubicarlo seg\u00fan sea necesario, ya sea para reorganizar la distribuci\u00f3n de su oficina o para acceder a sus archivos desde cualquier lugar.<\/p>\n<p><strong>Compacto y funcional \ud83d\uddc2\ufe0f<\/strong><br \/>El dise\u00f1o vertical de este archivador ahorra espacio y ofrece amplio espacio de almacenamiento. Su tama\u00f1o compacto se adapta perfectamente a cualquier rinc\u00f3n de la oficina, ofreciendo una soluci\u00f3n pr\u00e1ctica para mantener el espacio de trabajo ordenado.<\/p>\n<p><strong>\u00bfPor qu\u00e9 elegir este archivador?<\/strong><\/p>\n<ul>\n<li>\n<strong>Seguridad mejorada \ud83d\udd12:<\/strong> Proteja documentos confidenciales con un mecanismo de bloqueo confiable.<\/li>\n<li>\n<strong>Accesibilidad sin esfuerzo \ud83d\udee0\ufe0f:<\/strong> Recupere archivos r\u00e1pidamente con estantes desplegables suaves.<\/li>\n<li>\n<strong>Movilidad flexible \ud83d\ude80:<\/strong> Se mueve y reubica f\u00e1cilmente con ruedas incorporadas.<\/li>\n<\/ul>\n<p>Organiza tu oficina con nuestro archivador vertical m\u00f3vil. \u00a1Explora ahora y mejora tu espacio de trabajo con seguridad, comodidad y estilo! \ud83c\udf1f<\/p>\n<ul>\n<li>\n<strong>marca<\/strong>:Yatianjing<\/li>\n<li>\n<strong>modelo<\/strong>:YG01<\/li>\n<li>\n<strong>ordenar por color<\/strong>:0,8 m (nogal) 1,2 m (nogal) 2,0 m (nogal) 0,8 m (madera original) 1,2 m (madera original) 2,0 m (madera original)<\/li>\n<li>\n<strong>N\u00famero de puertas<\/strong>:Puerta doble<\/li>\n<li>\n<strong>Tipo de gabinete<\/strong>:Armario de puerta abierta<\/li>\n<li>\n<strong>\u00bfEst\u00e1 disponible la preventa?<\/strong>:S\u00ed<\/li>\n<\/ul>\n<p><img><\/p>","protected":false},"excerpt":{"rendered":"<p>Optimice su espacio de trabajo con nuestro archivador vertical m\u00f3vil \ud83d\udcc1 Revolucione la organizaci\u00f3n de su oficina con nuestro archivador vertical m\u00f3vil,<\/p>","protected":false},"featured_media":96126,"comment_status":"open","ping_status":"closed","template":"","meta":[],"product_brand":[],"product_cat":[30971,30859],"product_tag":[],"class_list":{"0":"post-42335","1":"product","2":"type-product","3":"status-publish","4":"has-post-thumbnail","6":"product_cat-hp","7":"product_cat-wholesale-office","9":"first","10":"instock","11":"sale","12":"taxable","13":"shipping-taxable","14":"purchasable","15":"product-type-variable"},"_links":{"self":[{"href":"https:\/\/nexgendecors.com\/es\/wp-json\/wp\/v2\/product\/42335","targetHints":{"allow":["GET"]}}],"collection":[{"href":"https:\/\/nexgendecors.com\/es\/wp-json\/wp\/v2\/product"}],"about":[{"href":"https:\/\/nexgendecors.com\/es\/wp-json\/wp\/v2\/types\/product"}],"replies":[{"embeddable":true,"href":"https:\/\/nexgendecors.com\/es\/wp-json\/wp\/v2\/comments?post=42335"}],"version-history":[{"count":0,"href":"https:\/\/nexgendecors.com\/es\/wp-json\/wp\/v2\/product\/42335\/revisions"}],"wp:featuredmedia":[{"embeddable":true,"href":"https:\/\/nexgendecors.com\/es\/wp-json\/wp\/v2\/media\/96126"}],"wp:attachment":[{"href":"https:\/\/nexgendecors.com\/es\/wp-json\/wp\/v2\/media?parent=42335"}],"wp:term":[{"taxonomy":"product_brand","embeddable":true,"href":"https:\/\/nexgendecors.com\/es\/wp-json\/wp\/v2\/product_brand?post=42335"},{"taxonomy":"product_cat","embeddable":true,"href":"https:\/\/nexgendecors.com\/es\/wp-json\/wp\/v2\/product_cat?post=42335"},{"taxonomy":"product_tag","embeddable":true,"href":"https:\/\/nexgendecors.com\/es\/wp-json\/wp\/v2\/product_tag?post=42335"}],"curies":[{"name":"wp","href":"https:\/\/api.w.org\/{rel}","templated":true}]}}