{"id":42452,"date":"2025-01-26T02:13:46","date_gmt":"2025-01-26T02:13:46","guid":{"rendered":"https:\/\/nexgendecors.com\/product\/pashaman-puff-fabric-bed-cream-style-modern-simple-soft-fairy-bed-net-red-bedroom-double-bed-1-8-meters\/"},"modified":"2025-04-06T08:01:39","modified_gmt":"2025-04-06T08:01:39","slug":"cama-de-tela-puffaman-estilo-crema-moderna-sencilla-suave-con-mosquitera-roja-para-dormitorio-cama-doble-de-18-metros","status":"publish","type":"product","link":"https:\/\/nexgendecors.com\/es\/product\/cama-de-tela-puffaman-estilo-crema-moderna-sencilla-suave-con-mosquitera-roja-para-dormitorio-cama-doble-de-18-metros\/","title":{"rendered":"Cama moderna color crema: un elemento esencial para el dormitorio, elegante y acogedor."},"content":{"rendered":"<p><strong>Transforma tu dormitorio con la cama Pashaman Cream Puff \ud83d\udecf\ufe0f\u2728<\/strong><\/p>\n<p>Convierte tu dormitorio en un santuario chic con la cama Pashaman Cream Puff. Dise\u00f1ada para la elegancia y la comodidad, esta moderna obra maestra redefine el lujo con su textura suave y lujosa y su dise\u00f1o elegante. Ideal para cualquier cama doble de 1,8 metros, crea un ambiente de ensue\u00f1o, perfecto para relajarse despu\u00e9s de un largo d\u00eda.<\/p>\n<p><strong>\u00bfPor qu\u00e9 elegir la cama Pashaman Cream Puff?<\/strong><\/p>\n<ul>\n<li>\n<strong>Confort suntuoso \ud83d\ude0c:<\/strong> Disfrute de la m\u00e1xima suavidad y relajaci\u00f3n. Su textura cremosa le envuelve en comodidad, convirtiendo cada noche en un sue\u00f1o.<\/li>\n<li>\n<strong>Elegancia moderna \ud83c\udf1f:<\/strong> El dise\u00f1o elegante y contempor\u00e1neo realza la decoraci\u00f3n de cualquier dormitorio, a\u00f1adiendo un toque de sofisticaci\u00f3n y estilo.<\/li>\n<li>\n<strong>Estilo vers\u00e1til \ud83c\udfa8:<\/strong> Su color crema neutro combina a la perfecci\u00f3n con diversos temas, desde los minimalistas hasta los opulentos, lo que le permite renovar su espacio sin esfuerzo.<\/li>\n<\/ul>\n<p><strong>Beneficios de la cama Pashaman Cream Puff:<\/strong><\/p>\n<ul>\n<li>\n<strong>Sensaci\u00f3n de lujo \ud83d\udcab:<\/strong> Disfruta de una cama que se siente tan bien como se ve. Su superficie mullida y acolchada te invita a sumergirte y relajarte.<\/li>\n<li>\n<strong>Est\u00e9tica chic \u2728:<\/strong> Su aspecto moderno y de cuento de hadas transforma instant\u00e1neamente tu dormitorio en un refugio con estilo.<\/li>\n<li>\n<strong>Ajuste ideal \ud83d\udecf\ufe0f:<\/strong> Dise\u00f1ado perfectamente para una cama doble de 1,8 metros, garantiza un ajuste perfecto y una apariencia elegante.<\/li>\n<\/ul>\n<p>No pierdas la oportunidad de transformar tu dormitorio en un remanso de comodidad y estilo. <strong>\u00a1Explora hoy la cama Pashaman Cream Puff y crea el dormitorio de tus sue\u00f1os!<\/strong> \ud83c\udf1f\ud83d\udecf\ufe0f<\/p>\n<ul>\n<li>\n<strong>marca<\/strong>:Pashaman<\/li>\n<li>\n<strong>modelo<\/strong>:1153CF<\/li>\n<li>\n<strong>\u00bfHay espacio de almacenamiento?<\/strong>:S\u00ed<\/li>\n<li>\n<strong>estilo<\/strong>:Estilo Crema<\/li>\n<li>\n<strong>Tela<\/strong>:Tela para rascar gatos<\/li>\n<li>\n<strong>volumen del paquete<\/strong>:2<\/li>\n<li>\n<strong>\u00bfEs personalizable?<\/strong>:S\u00ed<\/li>\n<li>\n<strong>forma<\/strong>:Cuadrado<\/li>\n<li>\n<strong>Si tener un marco de cama<\/strong>:S\u00ed<\/li>\n<li>\n<strong>Si se debe brindar soporte blando<\/strong>:S\u00ed<\/li>\n<li>\n<strong>Material<\/strong>:Madera<\/li>\n<li>\n<strong>Estructura del mobiliario<\/strong>:Litera montada Cama-caj\u00f3n montada<\/li>\n<li>\n<strong>N\u00famero de personas aplicable<\/strong>:2 personas<\/li>\n<li>\n<strong>tama\u00f1o<\/strong>:1500 mm x 2000 mm 1800 mm x 2000 mm<\/li>\n<li>\n<strong>Tecnolog\u00eda de tejidos<\/strong>:otro<\/li>\n<li>\n<strong>Detalles de dise\u00f1o<\/strong>:otro<\/li>\n<li>\n<strong>Entrega\/instalaci\u00f3n disponible<\/strong>:Foshan Zhengzhou Guiyang Guangzhou Fuzhou Harbin Xiamen Chongqing Changzhou Suzhou Xi&#039;an Shenzhen Nanjing Beijing Changsha Qingdao Wuxi Chengdu Shanghai Wuhan Nanning Shenyang Dalian Taizhou Dongguan Tianjin Todas las ciudades Jinhua Hangzhou Nanchang Ningbo Wenzhou<\/li>\n<li>\n<strong>ordenar por color<\/strong>:[Pa\u00f1o antibacteriano para rascar gatos + estructura de acero y madera de 10 CM] Cama individual [Pa\u00f1o antibacteriano para rascar gatos + estructura de acero y madera de 10 CM] Cama individual + colch\u00f3n marr\u00f3n ecol\u00f3gico con protecci\u00f3n para la columna Z0012# [Pa\u00f1o antibacteriano para rascar gatos + estructura de acero y madera de 10 CM] Cama individual + mesa auxiliar 1080Y# 1 [Pa\u00f1o antibacteriano para rascar gatos + estructura de acero y madera de 10 CM] Cama individual + mesa auxiliar 1080Y# 2 [Pa\u00f1o antibacteriano para rascar gatos + estructura de acero y madera de 10 CM] Cama individual + colch\u00f3n marr\u00f3n ecol\u00f3gico con protecci\u00f3n para la columna Z0012# + mesa auxiliar 1080Y# 1 [Pa\u00f1o antibacteriano para rascar gatos + estructura de acero y madera de 10 CM] Cama individual + colch\u00f3n marr\u00f3n ecol\u00f3gico con protecci\u00f3n para la columna Z0012# + mesa auxiliar 1080Y# 2 [Recomendaci\u00f3n de famosos | Tela rascadora para gatos + Estructura de balsa de madera y acero de 15 cm] Cama individual [Recomendado por famosos\u4e28 Tela rascadora para gatos + Estructura de balsa de madera y acero de 15 cm] Cama individual + Colch\u00f3n marr\u00f3n ecol\u00f3gico con protecci\u00f3n para la columna vertebral Z0012#S [Recomendado por famosos\u4e28 Tela rascadora para gatos + Estructura de balsa de madera y acero de 15 cm] Cama individual + Mesa auxiliar 1080Y#1 [Recomendado por famosos\u4e28 Tela rascadora para gatos + Estructura de balsa de madera y acero de 15 cm] Cama individual + Mesas auxiliares 1080Y#2 [Recomendado por famosos\u4e28 Tela rascadora para gatos + Estructura de balsa de madera y acero de 15 cm] Cama individual + Colch\u00f3n marr\u00f3n ecol\u00f3gico con protecci\u00f3n para la columna vertebral Z0012#S + Mesa auxiliar 1080Y#1 [Recomendado por famosos\u4e28 Tela rascadora para gatos + Estructura de balsa de madera y acero de 15 cm] Cama individual + Protecci\u00f3n para la columna vertebral Z0012#S Colch\u00f3n marr\u00f3n ecol\u00f3gico + mesas auxiliares 1080Y#2 Disparo especial personalizado (consulte con el servicio al cliente para obtener m\u00e1s detalles) La opci\u00f3n de tama\u00f1o es el di\u00e1metro interior y el espacio ocupado real se calcula en funci\u00f3n del di\u00e1metro exterior.<\/li>\n<li>\n<strong><\/strong>:<\/li>\n<\/ul>\n<p><img><\/p>","protected":false},"excerpt":{"rendered":"<p>Transforma tu dormitorio con la cama Pashaman Cream Puff \ud83d\udecf\ufe0f\u2728 Eleva tu dormitorio a un santuario elegante con la cama Pashaman Cream Puff<\/p>","protected":false},"featured_media":96393,"comment_status":"open","ping_status":"closed","template":"","meta":[],"product_brand":[],"product_cat":[30815,30858,30971],"product_tag":[],"class_list":{"0":"post-42452","1":"product","2":"type-product","3":"status-publish","4":"has-post-thumbnail","6":"product_cat-beds","7":"product_cat-wholesale-bedroom","8":"product_cat-hp","10":"first","11":"instock","12":"sale","13":"taxable","14":"shipping-taxable","15":"purchasable","16":"product-type-variable"},"_links":{"self":[{"href":"https:\/\/nexgendecors.com\/es\/wp-json\/wp\/v2\/product\/42452","targetHints":{"allow":["GET"]}}],"collection":[{"href":"https:\/\/nexgendecors.com\/es\/wp-json\/wp\/v2\/product"}],"about":[{"href":"https:\/\/nexgendecors.com\/es\/wp-json\/wp\/v2\/types\/product"}],"replies":[{"embeddable":true,"href":"https:\/\/nexgendecors.com\/es\/wp-json\/wp\/v2\/comments?post=42452"}],"version-history":[{"count":0,"href":"https:\/\/nexgendecors.com\/es\/wp-json\/wp\/v2\/product\/42452\/revisions"}],"wp:featuredmedia":[{"embeddable":true,"href":"https:\/\/nexgendecors.com\/es\/wp-json\/wp\/v2\/media\/96393"}],"wp:attachment":[{"href":"https:\/\/nexgendecors.com\/es\/wp-json\/wp\/v2\/media?parent=42452"}],"wp:term":[{"taxonomy":"product_brand","embeddable":true,"href":"https:\/\/nexgendecors.com\/es\/wp-json\/wp\/v2\/product_brand?post=42452"},{"taxonomy":"product_cat","embeddable":true,"href":"https:\/\/nexgendecors.com\/es\/wp-json\/wp\/v2\/product_cat?post=42452"},{"taxonomy":"product_tag","embeddable":true,"href":"https:\/\/nexgendecors.com\/es\/wp-json\/wp\/v2\/product_tag?post=42452"}],"curies":[{"name":"wp","href":"https:\/\/api.w.org\/{rel}","templated":true}]}}