{"id":42506,"date":"2025-01-26T02:13:55","date_gmt":"2025-01-26T02:13:55","guid":{"rendered":"https:\/\/nexgendecors.com\/product\/computer-chair-home-office-chair-dormitory-chair-backrest-swivel-chair-simple-lazy-staff-conference-chair-seat-lift-chair\/"},"modified":"2025-04-06T08:01:48","modified_gmt":"2025-04-06T08:01:48","slug":"silla-de-computadora-silla-de-oficina-silla-de-dormitorio-respaldo-giratorio-silla-sencilla-y-comoda-para-conferencias-silla-elevadora","status":"publish","type":"product","link":"https:\/\/nexgendecors.com\/es\/product\/silla-de-computadora-silla-de-oficina-silla-de-dormitorio-respaldo-giratorio-silla-sencilla-y-comoda-para-conferencias-silla-elevadora\/","title":{"rendered":"Sillas de oficina ejecutivas modernas y elegantes con caracter\u00edsticas ergon\u00f3micas"},"content":{"rendered":"<p><strong>Transforme su espacio de trabajo con modernas sillas ejecutivas de oficina<\/strong><\/p>\n<p>Mejore la experiencia de su oficina en casa con nuestras modernas sillas ejecutivas, dise\u00f1adas para una comodidad y un estilo inigualables. Estas sillas combinan sofisticaci\u00f3n y funcionalidad, creando el entorno perfecto para la productividad y la relajaci\u00f3n.<\/p>\n<p><strong>Comodidad \u00f3ptima<\/strong> \ud83d\udecb\ufe0f<\/p>\n<ul>\n<li>\n<strong>Relleno grueso:<\/strong> Disfrute de un asiento c\u00f3modo y con buen apoyo, con acolchado grueso que garantiza comodidad durante todo el d\u00eda.<\/li>\n<li>\n<strong>Dise\u00f1o ergon\u00f3mico:<\/strong> Benef\u00edciese de un dise\u00f1o que promueve una postura adecuada y reduce la tensi\u00f3n de la espalda.<\/li>\n<\/ul>\n<p><strong>Ajustable y personalizable<\/strong> \ud83d\udd27<\/p>\n<ul>\n<li>\n<strong>Altura ajustable:<\/strong> Ajuste f\u00e1cilmente la silla a su altura ideal, ya sea que est\u00e9 trabajando en un escritorio o colaborando en una reuni\u00f3n.<\/li>\n<li>\n<strong>Movimiento vers\u00e1til:<\/strong> Navegue por su espacio de trabajo sin esfuerzo con capacidades de giro suave y ruedas giratorias.<\/li>\n<\/ul>\n<p><strong>F\u00e1cil mantenimiento<\/strong> \ud83e\uddfc<\/p>\n<ul>\n<li>\n<strong>F\u00e1cil de limpiar:<\/strong> Mantenga una apariencia impecable con superficies f\u00e1ciles de limpiar que resisten manchas y derrames.<\/li>\n<li>\n<strong>Materiales duraderos:<\/strong> Conf\u00ede en materiales de alta calidad que resistan el uso diario y mantengan su aspecto elegante.<\/li>\n<\/ul>\n<p><strong>Estilo sofisticado<\/strong> \u2728<\/p>\n<ul>\n<li>\n<strong>Dise\u00f1o moderno:<\/strong> Mejore su oficina con una silla que combina la est\u00e9tica contempor\u00e1nea con la elegancia ejecutiva.<\/li>\n<li>\n<strong>Variedad de acabados:<\/strong> Elija entre una variedad de acabados que complementen su decoraci\u00f3n y gusto personal.<\/li>\n<\/ul>\n<p><strong>\u00a1Mejore su espacio de trabajo hoy!<\/strong> \ud83c\udf1f Revoluciona tu oficina en casa con una silla que ofrece estilo y comodidad. Explora nuestra colecci\u00f3n de Sillas de Oficina Ejecutivas Modernas y experimenta lo \u00faltimo en lujo. \u00a1Compra ahora para renovar tu espacio de trabajo y hacer que cada jornada laboral sea m\u00e1s agradable!<\/p>\n<ul>\n<li>\n<strong>marca<\/strong>:Canci\u00f3n de la temporada de poes\u00eda<\/li>\n<li>\n<strong>modelo<\/strong>:BGY-006<\/li>\n<li>\n<strong>Material<\/strong>:otro<\/li>\n<li>\n<strong>Origen<\/strong>:China continental<\/li>\n<li>\n<strong>provincia<\/strong>:Provincia de Guangdong<\/li>\n<li>\n<strong>ordenar por color<\/strong>:Silla giratoria negra, silla giratoria naranja, silla giratoria verde, silla giratoria roja, silla giratoria azul<\/li>\n<li>\n<strong>Material de tela<\/strong>:neto<\/li>\n<li>\n<strong>\u00bfEs plegable?<\/strong>:No<\/li>\n<li>\n<strong>\u00bfSe puede subir o bajar?<\/strong>:S\u00ed<\/li>\n<li>\n<strong>\u00bfEs giratorio?<\/strong>:S\u00ed<\/li>\n<li>\n<strong>\u00bfPuedo acostarme?<\/strong>:No<\/li>\n<li>\n<strong>\u00bfEs apilable?<\/strong>:No<\/li>\n<li>\n<strong>Material para pies de cinco estrellas<\/strong>:Pies de acero<\/li>\n<li>\n<strong>Tipo de pasamanos<\/strong>:Reposabrazos fijo<\/li>\n<li>\n<strong><\/strong>:<\/li>\n<\/ul>\n<p><img><\/p>","protected":false},"excerpt":{"rendered":"<p>Transforme su espacio de trabajo con modernas sillas de oficina ejecutivas Mejore la experiencia de su oficina en casa con nuestras modernas sillas de oficina ejecutivas, dise\u00f1adas<\/p>","protected":false},"featured_media":96503,"comment_status":"open","ping_status":"closed","template":"","meta":[],"product_brand":[],"product_cat":[30971,30859],"product_tag":[],"class_list":{"0":"post-42506","1":"product","2":"type-product","3":"status-publish","4":"has-post-thumbnail","6":"product_cat-hp","7":"product_cat-wholesale-office","9":"first","10":"instock","11":"sale","12":"taxable","13":"shipping-taxable","14":"purchasable","15":"product-type-variable"},"_links":{"self":[{"href":"https:\/\/nexgendecors.com\/es\/wp-json\/wp\/v2\/product\/42506","targetHints":{"allow":["GET"]}}],"collection":[{"href":"https:\/\/nexgendecors.com\/es\/wp-json\/wp\/v2\/product"}],"about":[{"href":"https:\/\/nexgendecors.com\/es\/wp-json\/wp\/v2\/types\/product"}],"replies":[{"embeddable":true,"href":"https:\/\/nexgendecors.com\/es\/wp-json\/wp\/v2\/comments?post=42506"}],"version-history":[{"count":0,"href":"https:\/\/nexgendecors.com\/es\/wp-json\/wp\/v2\/product\/42506\/revisions"}],"wp:featuredmedia":[{"embeddable":true,"href":"https:\/\/nexgendecors.com\/es\/wp-json\/wp\/v2\/media\/96503"}],"wp:attachment":[{"href":"https:\/\/nexgendecors.com\/es\/wp-json\/wp\/v2\/media?parent=42506"}],"wp:term":[{"taxonomy":"product_brand","embeddable":true,"href":"https:\/\/nexgendecors.com\/es\/wp-json\/wp\/v2\/product_brand?post=42506"},{"taxonomy":"product_cat","embeddable":true,"href":"https:\/\/nexgendecors.com\/es\/wp-json\/wp\/v2\/product_cat?post=42506"},{"taxonomy":"product_tag","embeddable":true,"href":"https:\/\/nexgendecors.com\/es\/wp-json\/wp\/v2\/product_tag?post=42506"}],"curies":[{"name":"wp","href":"https:\/\/api.w.org\/{rel}","templated":true}]}}