{"id":43094,"date":"2025-01-26T02:15:07","date_gmt":"2025-01-26T02:15:07","guid":{"rendered":"https:\/\/nexgendecors.com\/product\/modern-single-sofa-chair-designer-living-room-rotating-leisure-chair-light-luxury-bedroom-study-cafe-single-chair\/"},"modified":"2025-04-06T08:03:12","modified_gmt":"2025-04-06T08:03:12","slug":"modern-single-sofa-chair-designer-living-room-rotating-leisure-chair-light-luxury-bedroom-study-cafe-single-chair","status":"publish","type":"product","link":"https:\/\/nexgendecors.com\/es\/product\/modern-single-sofa-chair-designer-living-room-rotating-leisure-chair-light-luxury-bedroom-study-cafe-single-chair\/","title":{"rendered":"Sill\u00f3n individual moderno: comodidad, estilo y versatilidad"},"content":{"rendered":"<div class=\"flex flex-grow flex-col max-w-full\">\n<div data-message-author-role=\"assistant\" data-message-id=\"3d3f9497-2b62-46da-b2d7-d64955c62f74\" dir=\"auto\" class=\"min-h-[20px] text-message flex w-full flex-col items-end gap-2 whitespace-pre-wrap break-words [.text-message+&#038;]:mt-5 overflow-x-auto\">\n<div class=\"flex w-full flex-col gap-1 empty:hidden first:pt-[3px]\">\n<div class=\"markdown prose w-full break-words dark:prose-invert light\">\n<h2>Modern Single Sofa Chair \u2013 Rotating Leisure Elegance<\/h2>\n<p>Elevate your living space with our modern single sofa chair, designed for both style and functionality. Featuring a rotating base and light luxury finish, this designer chair adds a touch of elegance to any living room, bedroom, study, or caf\u00e9.<\/p>\n<h3>Why You\u2019ll Love This Sofa Chair:<\/h3>\n<ul>\n<li>\n<strong>Rotating Functionality<\/strong>: Enjoy the convenience of a 360-degree rotating base, offering flexible seating and easy movement in any setting. \ud83d\udd04<\/li>\n<li>\n<strong>Light Luxury Design<\/strong>: The chic, modern design with luxurious touches enhances the aesthetic of your space, bringing a refined look to your decor. \u2728<\/li>\n<li>\n<strong>Uso vers\u00e1til<\/strong>: Perfect for a variety of settings, from relaxing in the living room to adding a touch of sophistication to your bedroom or study. \ud83c\udf1f<\/li>\n<\/ul>\n<h3>Beneficios:<\/h3>\n<ul>\n<li>\n<strong>Una adici\u00f3n elegante<\/strong>: The contemporary design and light luxury finish elevate your space with a sophisticated flair. \ud83c\udf3f<\/li>\n<li>\n<strong>Comfort and Convenience<\/strong>: The rotating feature and plush seating provide both comfort and functional ease, ideal for lounging or reading. \ud83d\udcba<\/li>\n<li>\n<strong>Dise\u00f1o adaptable<\/strong>: Suitable for multiple environments, including living rooms, bedrooms, studies, and caf\u00e9s, seamlessly blending with various styles. \ud83c\udfe1<\/li>\n<\/ul>\n<p>Transform your space with a blend of modern design and luxurious comfort. <strong>Explore our modern single sofa chair now and enhance your environment with stylish versatility!<\/strong> \ud83d\uded2<\/p>\n<\/p><\/div>\n<\/p><\/div>\n<\/p><\/div>\n<\/div>\n<ul>\n<li>\n<strong>marca<\/strong>:otro\/otro<\/li>\n<li>\n<strong>modelo<\/strong>:2335<\/li>\n<li>\n<strong>Material<\/strong>:pa\u00f1o<\/li>\n<li>\n<strong>patr\u00f3n<\/strong>:abstracto<\/li>\n<li>\n<strong>estilo<\/strong>:Estilo de lujo ligero<\/li>\n<li>\n<strong>elementos populares<\/strong>:Forma especial, empalme, metal.<\/li>\n<li>\n<strong>ordenar por color<\/strong>:Wine red, lotus pink, customized color<\/li>\n<li>\n<strong>Peso bruto<\/strong>:35<\/li>\n<li>\n<strong>Relleno<\/strong>:Plum\u00f3n de ganso<\/li>\n<li>\n<strong>\u00bfEs personalizable?<\/strong>:No<\/li>\n<li>\n<strong>Adecuado<\/strong>:General<\/li>\n<li>\n<strong>\u00bfEs reemplazable?<\/strong>:No<\/li>\n<li>\n<strong>Entrega\/instalaci\u00f3n disponible<\/strong>:Shanghai, Otros, Beijing, Nanjing, Nanchang, Harbin, Dalian, Tianjin, Ningbo, Guangzhou, Chengdu, Hangzhou, Wuhan, Shenyang, Shenzhen, Wenzhou, Suzhou, Xi&#039;an, Guiyang, Zhengzhou, Chongqing, Jinhua, Changsha, Dongguan, Fuzhou, Qingdao, Wuxi, Taizhou, Changzhou, Foshan, Xiamen, Nanning<\/li>\n<li>\n<strong>Armar<\/strong>:No<\/li>\n<li>\n<strong>volumen del paquete<\/strong>:0.65<\/li>\n<li>\n<strong>\u00bfHay taxi disponible para transporte?<\/strong>:No<\/li>\n<li>\n<strong>Posicionamiento de estilo<\/strong>:Lujo de calidad<\/li>\n<li>\n<strong>Detalles de las instrucciones de instalaci\u00f3n<\/strong>:Proporcione instrucciones de instalaci\u00f3n, videos de instalaci\u00f3n y herramientas de instalaci\u00f3n sencillas.<\/li>\n<li>\n<strong><\/strong>:<\/li>\n<\/ul>\n<p><img><\/p>","protected":false},"excerpt":{"rendered":"<p>Sill\u00f3n sof\u00e1 individual moderno: elegancia de ocio giratoria Eleve su espacio vital con nuestro moderno sill\u00f3n sof\u00e1 individual, dise\u00f1ado para<\/p>","protected":false},"featured_media":97588,"comment_status":"open","ping_status":"closed","template":"","meta":[],"product_brand":[],"product_cat":[30855,30862,30971,30850],"product_tag":[],"class_list":{"0":"post-43094","1":"product","2":"type-product","3":"status-publish","4":"has-post-thumbnail","6":"product_cat-wholesale-chairs","7":"product_cat-wholesales-hotels","8":"product_cat-hp","9":"product_cat-wholesale-furniture","11":"first","12":"instock","13":"taxable","14":"shipping-taxable","15":"purchasable","16":"product-type-variable"},"_links":{"self":[{"href":"https:\/\/nexgendecors.com\/es\/wp-json\/wp\/v2\/product\/43094","targetHints":{"allow":["GET"]}}],"collection":[{"href":"https:\/\/nexgendecors.com\/es\/wp-json\/wp\/v2\/product"}],"about":[{"href":"https:\/\/nexgendecors.com\/es\/wp-json\/wp\/v2\/types\/product"}],"replies":[{"embeddable":true,"href":"https:\/\/nexgendecors.com\/es\/wp-json\/wp\/v2\/comments?post=43094"}],"version-history":[{"count":0,"href":"https:\/\/nexgendecors.com\/es\/wp-json\/wp\/v2\/product\/43094\/revisions"}],"wp:featuredmedia":[{"embeddable":true,"href":"https:\/\/nexgendecors.com\/es\/wp-json\/wp\/v2\/media\/97588"}],"wp:attachment":[{"href":"https:\/\/nexgendecors.com\/es\/wp-json\/wp\/v2\/media?parent=43094"}],"wp:term":[{"taxonomy":"product_brand","embeddable":true,"href":"https:\/\/nexgendecors.com\/es\/wp-json\/wp\/v2\/product_brand?post=43094"},{"taxonomy":"product_cat","embeddable":true,"href":"https:\/\/nexgendecors.com\/es\/wp-json\/wp\/v2\/product_cat?post=43094"},{"taxonomy":"product_tag","embeddable":true,"href":"https:\/\/nexgendecors.com\/es\/wp-json\/wp\/v2\/product_tag?post=43094"}],"curies":[{"name":"wp","href":"https:\/\/api.w.org\/{rel}","templated":true}]}}