{"id":43098,"date":"2025-01-26T02:15:08","date_gmt":"2025-01-26T02:15:08","guid":{"rendered":"https:\/\/nexgendecors.com\/product\/fennavia-art-modern-light-luxury-home-rock-plate-dining-table-track-light-luxury-designer-fashion-dining-table\/"},"modified":"2025-04-06T08:03:15","modified_gmt":"2025-04-06T08:03:15","slug":"mesa-de-comedor-moderna-con-iluminacion-de-lujo-fennavia-art-con-placa-de-roca-para-el-hogar-iluminacion-de-riel-mesa-de-comedor-de-diseno-de-lujo-y-moda","status":"publish","type":"product","link":"https:\/\/nexgendecors.com\/es\/product\/mesa-de-comedor-moderna-con-iluminacion-de-lujo-fennavia-art-con-placa-de-roca-para-el-hogar-iluminacion-de-riel-mesa-de-comedor-de-diseno-de-lujo-y-moda\/","title":{"rendered":"Elegante juego de comedor de piedra sinterizada: elegante y duradero."},"content":{"rendered":"<h2>Juego de comedor moderno de piedra sinterizada: eleve su experiencia gastron\u00f3mica<\/h2>\n<p>Transforme su comedor con nuestro moderno juego de piedra sinterizada, donde la sofisticaci\u00f3n se une a la resistencia. La elegante mesa rectangular, con su robusta base de metal, ofrece la combinaci\u00f3n perfecta de elegancia y durabilidad para cualquier comedor.<\/p>\n<h3>Por qu\u00e9 te encantar\u00e1 este juego de comedor:<\/h3>\n<ul>\n<li>\n<strong>Dise\u00f1o elegante<\/strong>:La elegante mesa rectangular, elaborada con piedra sinterizada, a\u00f1ade un toque de estilo contempor\u00e1neo a su comedor. \u2728<\/li>\n<li>\n<strong>Construcci\u00f3n duradera<\/strong>:La robusta base de metal garantiza una estabilidad y un soporte duraderos, combinando belleza y funcionalidad. \ud83d\udcaa<\/li>\n<li>\n<strong>Estilo vers\u00e1til<\/strong>:Su dise\u00f1o moderno se integra perfectamente en varios estilos de decoraci\u00f3n, lo que lo convierte en una opci\u00f3n vers\u00e1til para cualquier hogar. \ud83c\udfe1<\/li>\n<\/ul>\n<h3>Beneficios:<\/h3>\n<ul>\n<li>\n<strong>Mirada sofisticada<\/strong>:La superficie de piedra sinterizada irradia lujo al tiempo que proporciona un acabado elegante y pulido. \ud83c\udf1f<\/li>\n<li>\n<strong>Durabilidad duradera<\/strong>:Disfrute de un juego de comedor dise\u00f1ado para soportar el uso diario, ofreciendo durabilidad y un atractivo atemporal. \ud83d\udd1d<\/li>\n<li>\n<strong>F\u00e1cil mantenimiento<\/strong>:La superficie lisa es f\u00e1cil de limpiar, manteniendo su comedor impecable con el m\u00ednimo esfuerzo. \ud83e\uddfd<\/li>\n<\/ul>\n<p>Actualice su comedor con la fusi\u00f3n perfecta de estilo y resistencia. <strong>\u00a1Explore ahora nuestro moderno juego de piedra sinterizada y mejore su experiencia gastron\u00f3mica!<\/strong> \ud83d\uded2<\/p>\n<ul>\n<li>\n<strong>marca<\/strong>:ARTE FINNAVIAN<\/li>\n<li>\n<strong>modelo<\/strong>:Pista<\/li>\n<li>\n<strong>estilo<\/strong>:Moderno y sencillo<\/li>\n<li>\n<strong>forma<\/strong>:rect\u00e1ngulo<\/li>\n<li>\n<strong>ordenar por color<\/strong>Mesa de comedor de 1,6 m, mesa de comedor de 1,8 m, mesa de comedor de 2,0 m<\/li>\n<li>\n<strong>Material de acabado<\/strong>:Tabla de roca<\/li>\n<li>\n<strong>\u00bfEs personalizable?<\/strong>:No<\/li>\n<li>\n<strong>Entrega\/instalaci\u00f3n disponible<\/strong>:Shanghai Otros Beijing Nanjing Nanchang Harbin Dalian Tianjin Ningbo Guangzhou Chengdu Hangzhou Wuhan Shenyang Shenzhen Wenzhou Suzhou Xi&#039;an Guiyang Zhengzhou Chongqing Jinhua Changsha Dongguan Fuzhou Qingdao Wuxi Taizhou Changzhou Foshan Xiamen Nanning<\/li>\n<li>\n<strong>ciudad<\/strong>:Ciudad de Dongguan<\/li>\n<li>\n<strong>Distritos y condados<\/strong>:Distrito Sur de la Ciudad<\/li>\n<li>\n<strong>Armar<\/strong>:No<\/li>\n<li>\n<strong>volumen del paquete<\/strong>:1<\/li>\n<li>\n<strong>\u00bfEst\u00e1 disponible la preventa?<\/strong>:No<\/li>\n<li>\n<strong>Posicionamiento de estilo<\/strong>:Estilo art\u00edstico<\/li>\n<li>\n<strong>Si tiene funci\u00f3n de cocina de inducci\u00f3n<\/strong>:No<\/li>\n<\/ul>\n<p><img><\/p>","protected":false},"excerpt":{"rendered":"<p>Juego de comedor moderno de piedra sinterizada: mejore su experiencia gastron\u00f3mica Transforme su comedor con nuestro moderno juego de piedra sinterizada,<\/p>","protected":false},"featured_media":97605,"comment_status":"open","ping_status":"closed","template":"","meta":[],"product_brand":[],"product_cat":[30852,30862,30971,30850],"product_tag":[],"class_list":{"0":"post-43098","1":"product","2":"type-product","3":"status-publish","4":"has-post-thumbnail","6":"product_cat-dining-set","7":"product_cat-wholesales-hotels","8":"product_cat-hp","9":"product_cat-wholesale-furniture","11":"first","12":"instock","13":"taxable","14":"shipping-taxable","15":"purchasable","16":"product-type-variable"},"_links":{"self":[{"href":"https:\/\/nexgendecors.com\/es\/wp-json\/wp\/v2\/product\/43098","targetHints":{"allow":["GET"]}}],"collection":[{"href":"https:\/\/nexgendecors.com\/es\/wp-json\/wp\/v2\/product"}],"about":[{"href":"https:\/\/nexgendecors.com\/es\/wp-json\/wp\/v2\/types\/product"}],"replies":[{"embeddable":true,"href":"https:\/\/nexgendecors.com\/es\/wp-json\/wp\/v2\/comments?post=43098"}],"version-history":[{"count":0,"href":"https:\/\/nexgendecors.com\/es\/wp-json\/wp\/v2\/product\/43098\/revisions"}],"wp:featuredmedia":[{"embeddable":true,"href":"https:\/\/nexgendecors.com\/es\/wp-json\/wp\/v2\/media\/97605"}],"wp:attachment":[{"href":"https:\/\/nexgendecors.com\/es\/wp-json\/wp\/v2\/media?parent=43098"}],"wp:term":[{"taxonomy":"product_brand","embeddable":true,"href":"https:\/\/nexgendecors.com\/es\/wp-json\/wp\/v2\/product_brand?post=43098"},{"taxonomy":"product_cat","embeddable":true,"href":"https:\/\/nexgendecors.com\/es\/wp-json\/wp\/v2\/product_cat?post=43098"},{"taxonomy":"product_tag","embeddable":true,"href":"https:\/\/nexgendecors.com\/es\/wp-json\/wp\/v2\/product_tag?post=43098"}],"curies":[{"name":"wp","href":"https:\/\/api.w.org\/{rel}","templated":true}]}}