{"id":43158,"date":"2025-01-26T02:15:17","date_gmt":"2025-01-26T02:15:17","guid":{"rendered":"https:\/\/nexgendecors.com\/product\/italian-light-luxury-rotating-single-leisure-chair-home-living-room-lazy-recliner-model-room-rochburg-backrest-sofa-chair\/"},"modified":"2025-04-06T08:03:28","modified_gmt":"2025-04-06T08:03:28","slug":"sillon-italiano-ligero-giratorio-de-lujo-para-el-hogar-sala-de-estar-sillon-reclinable-modelo-rochburg-con-respaldo","status":"publish","type":"product","link":"https:\/\/nexgendecors.com\/es\/product\/sillon-italiano-ligero-giratorio-de-lujo-para-el-hogar-sala-de-estar-sillon-reclinable-modelo-rochburg-con-respaldo\/","title":{"rendered":"Silla Parsons giratoria moderna: dise\u00f1o elegante y compacto"},"content":{"rendered":"<h2>Silla Parsons giratoria moderna: elegante y funcional para espacios peque\u00f1os<\/h2>\n<p>Maximice su espacio con nuestra moderna silla giratoria Parsons, dise\u00f1ada con respaldo firme y tela resistente a las manchas. Perfecta para espacios peque\u00f1os, esta silla combina estilo y practicidad para realzar cualquier habitaci\u00f3n.<\/p>\n<h3>Por qu\u00e9 te encantar\u00e1 esta silla Parsons:<\/h3>\n<ul>\n<li>\n<strong>Funcionalidad giratoria<\/strong>:Disfrute de la comodidad del movimiento giratorio de 360 grados, que ofrece flexibilidad y facilidad de movimiento en espacios reducidos. \ud83d\udd04<\/li>\n<li>\n<strong>Dise\u00f1o de espalda ajustada<\/strong>:La espalda elegante y ajustada proporciona una apariencia estilizada al tiempo que ofrece excelente soporte y comodidad. \ud83e\ude91<\/li>\n<li>\n<strong>Tejido resistente a las manchas<\/strong>:Tapizada en tela duradera y resistente a las manchas, esta silla mantiene su apariencia impecable con un mantenimiento m\u00ednimo. \ud83e\uddfc<\/li>\n<\/ul>\n<h3>Beneficios:<\/h3>\n<ul>\n<li>\n<strong>Elegancia que ahorra espacio<\/strong>:Ideal para habitaciones peque\u00f1as, aporta un toque de estilo moderno sin ocupar demasiado espacio. \ud83c\udf1f<\/li>\n<li>\n<strong>Durable y f\u00e1cil de mantener<\/strong>:La tela y el dise\u00f1o de alta calidad garantizan un uso duradero y una f\u00e1cil limpieza. \ud83d\udcaa<\/li>\n<li>\n<strong>Estilo vers\u00e1til<\/strong>: Complementa varios estilos de decoraci\u00f3n, lo que lo convierte en un complemento vers\u00e1til para cualquier sala de estar u oficina. \ud83c\udfe0<\/li>\n<\/ul>\n<p>Mejore su espacio peque\u00f1o con una combinaci\u00f3n perfecta de dise\u00f1o moderno y funcionalidad pr\u00e1ctica. <strong>\u00a1Explore nuestra moderna silla giratoria Parsons ahora y mejore su habitaci\u00f3n con comodidad y estilo!<\/strong> \ud83d\uded2<\/p>\n<ul>\n<li>\n<strong>marca<\/strong>Residencia Sea Saint<\/li>\n<li>\n<strong>modelo<\/strong>:03-478<\/li>\n<li>\n<strong>Material<\/strong>:Metal<\/li>\n<li>\n<strong>elementos populares<\/strong>:Dise\u00f1o maestro<\/li>\n<li>\n<strong>ordenar por color<\/strong>:Gris, Negro, Azul, Marr\u00f3n, Tama\u00f1o peque\u00f1o de respaldo corto: 66*71*80, altura del asiento 42cm, Tama\u00f1o de respaldo alto: 66*71*106cm, Tama\u00f1o grande de respaldo corto: 75*77.5*84, altura del asiento 43cm, Reposapi\u00e9s, Silla de respaldo bajo + reposapi\u00e9s, Silla de respaldo alto + reposapi\u00e9s, Cuero genuino, Comun\u00edquese con el servicio de atenci\u00f3n al cliente para obtener m\u00e1s personalizaci\u00f3n de color<\/li>\n<li>\n<strong>\u00bfEs personalizable?<\/strong>:S\u00ed<\/li>\n<li>\n<strong>ciudad<\/strong>:Huizhou<\/li>\n<li>\n<strong>Distritos y condados<\/strong>:Distrito de Huiyang<\/li>\n<li>\n<strong>\u00bfHay taxi disponible para transporte?<\/strong>:No<\/li>\n<li>\n<strong>Posicionamiento de estilo<\/strong>:Estilo art\u00edstico<\/li>\n<li>\n<strong>Detalles de las instrucciones de instalaci\u00f3n<\/strong>:No hay instrucciones de instalaci\u00f3n<\/li>\n<\/ul>\n<p><img><\/p>","protected":false},"excerpt":{"rendered":"<p>Silla Parsons giratoria moderna: elegante y funcional para espacios peque\u00f1os Maximice su espacio con nuestra moderna silla Parsons giratoria,<\/p>","protected":false},"featured_media":97754,"comment_status":"open","ping_status":"closed","template":"","meta":[],"product_brand":[],"product_cat":[30855,30862,30971,30850],"product_tag":[],"class_list":{"0":"post-43158","1":"product","2":"type-product","3":"status-publish","4":"has-post-thumbnail","6":"product_cat-wholesale-chairs","7":"product_cat-wholesales-hotels","8":"product_cat-hp","9":"product_cat-wholesale-furniture","11":"first","12":"instock","13":"sale","14":"taxable","15":"shipping-taxable","16":"purchasable","17":"product-type-variable"},"_links":{"self":[{"href":"https:\/\/nexgendecors.com\/es\/wp-json\/wp\/v2\/product\/43158","targetHints":{"allow":["GET"]}}],"collection":[{"href":"https:\/\/nexgendecors.com\/es\/wp-json\/wp\/v2\/product"}],"about":[{"href":"https:\/\/nexgendecors.com\/es\/wp-json\/wp\/v2\/types\/product"}],"replies":[{"embeddable":true,"href":"https:\/\/nexgendecors.com\/es\/wp-json\/wp\/v2\/comments?post=43158"}],"version-history":[{"count":0,"href":"https:\/\/nexgendecors.com\/es\/wp-json\/wp\/v2\/product\/43158\/revisions"}],"wp:featuredmedia":[{"embeddable":true,"href":"https:\/\/nexgendecors.com\/es\/wp-json\/wp\/v2\/media\/97754"}],"wp:attachment":[{"href":"https:\/\/nexgendecors.com\/es\/wp-json\/wp\/v2\/media?parent=43158"}],"wp:term":[{"taxonomy":"product_brand","embeddable":true,"href":"https:\/\/nexgendecors.com\/es\/wp-json\/wp\/v2\/product_brand?post=43158"},{"taxonomy":"product_cat","embeddable":true,"href":"https:\/\/nexgendecors.com\/es\/wp-json\/wp\/v2\/product_cat?post=43158"},{"taxonomy":"product_tag","embeddable":true,"href":"https:\/\/nexgendecors.com\/es\/wp-json\/wp\/v2\/product_tag?post=43158"}],"curies":[{"name":"wp","href":"https:\/\/api.w.org\/{rel}","templated":true}]}}