{"id":43621,"date":"2025-01-26T02:16:30","date_gmt":"2025-01-26T02:16:30","guid":{"rendered":"https:\/\/nexgendecors.com\/product\/nordic-ins-light-luxury-marble-dining-table-home-4-person-dining-table-modern-rock-plate-dining-table-and-chair-combination-small-apartment-table\/"},"modified":"2025-04-06T08:04:48","modified_gmt":"2025-04-06T08:04:48","slug":"mesa-de-comedor-nordica-de-marmol-de-lujo-con-luz-interior-mesa-de-comedor-para-4-personas-moderna-mesa-de-comedor-con-placa-de-roca-y-silla-mesa-para-apartamento-pequeno","status":"publish","type":"product","link":"https:\/\/nexgendecors.com\/es\/product\/mesa-de-comedor-nordica-de-marmol-de-lujo-con-luz-interior-mesa-de-comedor-para-4-personas-moderna-mesa-de-comedor-con-placa-de-roca-y-silla-mesa-para-apartamento-pequeno\/","title":{"rendered":"Juego de mesa de comedor de m\u00e1rmol de lujo Nordic Ins Light"},"content":{"rendered":"<div class=\"flex flex-grow flex-col max-w-full\">\n<div data-message-author-role=\"assistant\" data-message-id=\"84c45bfc-ac7e-4dea-ac43-06588b4f25d0\" dir=\"auto\" class=\"min-h-[20px] text-message flex w-full flex-col items-end gap-2 whitespace-pre-wrap break-words [.text-message+&#038;]:mt-5 overflow-x-auto\">\n<div class=\"flex w-full flex-col gap-1 empty:hidden first:pt-[3px]\">\n<div class=\"markdown prose w-full break-words dark:prose-invert light\">\n<p>Mejore su experiencia gastron\u00f3mica con nuestro juego de mesa de comedor Nordic Ins Light de m\u00e1rmol de lujo, dise\u00f1ado para hogares modernos y apartamentos peque\u00f1os. Este elegante juego de comedor para 4 personas incluye:<\/p>\n<p>\ud83c\udf7d\ufe0f <strong>Dise\u00f1o de lujo:<\/strong> Una elegante mesa de comedor de m\u00e1rmol combinada con modernos materiales de placa de roca, creando una apariencia sofisticada y contempor\u00e1nea.<\/p>\n<p>\ud83c\udfe0 <strong>Perfecto para espacios peque\u00f1os:<\/strong> Ideal para apartamentos peque\u00f1os, este conjunto compacto pero elegante maximiza su espacio sin comprometer la elegancia ni la funcionalidad.<\/p>\n<p>\ud83e\ude91 <strong>Asientos c\u00f3modos:<\/strong> El conjunto incluye sillas dise\u00f1adas ergon\u00f3micamente que brindan comodidad y estilo, garantizando comidas y reuniones agradables.<\/p>\n<p>\ud83e\uddfc <strong>Durable y f\u00e1cil de mantener:<\/strong> Los materiales de la cubierta de m\u00e1rmol y la placa de roca no solo son duraderos sino tambi\u00e9n f\u00e1ciles de limpiar, lo que hace que su comedor sea elegante sin esfuerzo.<\/p>\n<p>\ud83c\udf1f <strong>Est\u00e9tica n\u00f3rdica:<\/strong> Adopte el atractivo minimalista pero lujoso del dise\u00f1o n\u00f3rdico, agregando un toque de lujo ligero a su hogar.<\/p>\n<p>Transforme su comedor en un espacio moderno y elegante con nuestro juego de mesa de comedor Nordic Ins Light Luxury Marble. Perfecto para cenas familiares acogedoras o para recibir invitados, este juego es una adici\u00f3n elegante y pr\u00e1ctica a cualquier hogar contempor\u00e1neo.<\/p>\n<\/p><\/div>\n<\/p><\/div>\n<\/p><\/div>\n<\/div>\n<ul>\n<li>\n<strong>marca<\/strong>:DAEFONHI\/Da Vinci<\/li>\n<li>\n<strong>modelo<\/strong>:013<\/li>\n<li>\n<strong>patr\u00f3n<\/strong>:abstracto<\/li>\n<li>\n<strong>estilo<\/strong>:Estilo de lujo ligero<\/li>\n<li>\n<strong>forma<\/strong>:rect\u00e1ngulo<\/li>\n<li>\n<strong>N\u00famero de personas aplicable<\/strong>:4 personas<\/li>\n<li>\n<strong>elementos populares<\/strong>:Metal<\/li>\n<li>\n<strong>Tipo de embalaje<\/strong>:Asamblea<\/li>\n<li>\n<strong>ordenar por color<\/strong>:Lauren oro negro 140*80*75 mesa individual mesa individual 160 + 6 sillas (mensaje de color) Lauren oro negro 200*80*75 mesa individual Lauren platino 180*90*75 mesa individual mesa individual 130 + 4 sillas (mensaje de color) mesa individual 160 + 4 sillas (mensaje de color) Lauren oro negro 130*70*75 mesa individual Lauren platino 200*80*75 mesa individual color caf\u00e9 Lauren oro negro 180*90*75 mesa individual Lauren platino 160*80*75 mesa individual mesa individual 200 + 6 sillas (mensaje de color) mesa individual 140 + 4 sillas (mensaje de color) mesa individual 180 + 6 sillas (mensaje de color) mesa individual 140 + 6 sillas (mensaje de color) Lauren oro negro 120*60*75 mesa individual Lauren oro negro 160*80*75 mesa individual Lauren platino Mesa individual Lauren Platinum de 140 x 80 x 75 cm, color verde hierba. Mesa individual Lauren Platinum de 120 x 60 x 75 cm, color verde hierba. Mesa individual Lauren Platinum de 130 x 70 x 75 cm.<\/li>\n<li>\n<strong>Material de acabado<\/strong>:Tabla de roca<\/li>\n<li>\n<strong>\u00bfEs personalizable?<\/strong>:S\u00ed<\/li>\n<li>\n<strong>Si llevar un tocadiscos<\/strong>:No<\/li>\n<li>\n<strong>\u00bfEl escritorio es ajustable?<\/strong>:No<\/li>\n<li>\n<strong>Ya sea con rodillo<\/strong>:No<\/li>\n<li>\n<strong>Si llevar bomba<\/strong>:No<\/li>\n<li>\n<strong>\u00bfHay un gabinete?<\/strong>:No<\/li>\n<li>\n<strong>N\u00famero de capas<\/strong>:1 historia<\/li>\n<li>\n<strong>Estructura del mobiliario<\/strong>:Estructura de soporte<\/li>\n<li>\n<strong>Si traer una silla o un taburete<\/strong>:No<\/li>\n<li>\n<strong>Origen<\/strong>:Provincia de Fujian<\/li>\n<li>\n<strong>ciudad<\/strong>:Ciudad de Quanzhou<\/li>\n<li>\n<strong>Distritos y condados<\/strong>:Condado de Anxi<\/li>\n<li>\n<strong>Armar<\/strong>:S\u00ed<\/li>\n<li>\n<strong>volumen del paquete<\/strong>:0.3<\/li>\n<li>\n<strong>\u00bfEst\u00e1 disponible la preventa?<\/strong>:No<\/li>\n<li>\n<strong>Posicionamiento de estilo<\/strong>:Lujo de calidad<\/li>\n<li>\n<strong>Si tiene funci\u00f3n de cocina de inducci\u00f3n<\/strong>:No<\/li>\n<li>\n<strong><\/strong>:<\/li>\n<\/ul>\n<p><img><\/p>","protected":false},"excerpt":{"rendered":"<p>Mejore su experiencia gastron\u00f3mica con nuestro juego de mesa de comedor de m\u00e1rmol de lujo Nordic Ins Light, dise\u00f1ado para hogares modernos y peque\u00f1os<\/p>","protected":false},"featured_media":98603,"comment_status":"open","ping_status":"closed","template":"","meta":[],"product_brand":[],"product_cat":[30855,30852,30862,30971,30860,30861],"product_tag":[],"class_list":{"0":"post-43621","1":"product","2":"type-product","3":"status-publish","4":"has-post-thumbnail","6":"product_cat-wholesale-chairs","7":"product_cat-dining-set","8":"product_cat-wholesales-hotels","9":"product_cat-hp","10":"product_cat-wholesale-restaurant","11":"product_cat-wholesale-tables","13":"first","14":"instock","15":"taxable","16":"shipping-taxable","17":"purchasable","18":"product-type-variable"},"_links":{"self":[{"href":"https:\/\/nexgendecors.com\/es\/wp-json\/wp\/v2\/product\/43621","targetHints":{"allow":["GET"]}}],"collection":[{"href":"https:\/\/nexgendecors.com\/es\/wp-json\/wp\/v2\/product"}],"about":[{"href":"https:\/\/nexgendecors.com\/es\/wp-json\/wp\/v2\/types\/product"}],"replies":[{"embeddable":true,"href":"https:\/\/nexgendecors.com\/es\/wp-json\/wp\/v2\/comments?post=43621"}],"version-history":[{"count":0,"href":"https:\/\/nexgendecors.com\/es\/wp-json\/wp\/v2\/product\/43621\/revisions"}],"wp:featuredmedia":[{"embeddable":true,"href":"https:\/\/nexgendecors.com\/es\/wp-json\/wp\/v2\/media\/98603"}],"wp:attachment":[{"href":"https:\/\/nexgendecors.com\/es\/wp-json\/wp\/v2\/media?parent=43621"}],"wp:term":[{"taxonomy":"product_brand","embeddable":true,"href":"https:\/\/nexgendecors.com\/es\/wp-json\/wp\/v2\/product_brand?post=43621"},{"taxonomy":"product_cat","embeddable":true,"href":"https:\/\/nexgendecors.com\/es\/wp-json\/wp\/v2\/product_cat?post=43621"},{"taxonomy":"product_tag","embeddable":true,"href":"https:\/\/nexgendecors.com\/es\/wp-json\/wp\/v2\/product_tag?post=43621"}],"curies":[{"name":"wp","href":"https:\/\/api.w.org\/{rel}","templated":true}]}}