{"id":43900,"date":"2025-01-26T02:17:07","date_gmt":"2025-01-26T02:17:07","guid":{"rendered":"https:\/\/nexgendecors.com\/product\/nordic-personality-creative-dining-side-cabinet-integrated-against-the-wall-modern-simple-storage-cabinet-walnut-color-entrance-cabinet-customization\/"},"modified":"2025-04-06T08:05:37","modified_gmt":"2025-04-06T08:05:37","slug":"mueble-auxiliar-de-comedor-creativo-de-estilo-nordico-integrado-en-la-pared-moderno-y-sencillo-armario-de-almacenamiento-color-nogal-para-entrada-personalizacion","status":"publish","type":"product","link":"https:\/\/nexgendecors.com\/es\/product\/mueble-auxiliar-de-comedor-creativo-de-estilo-nordico-integrado-en-la-pared-moderno-y-sencillo-armario-de-almacenamiento-color-nogal-para-entrada-personalizacion\/","title":{"rendered":"Mueble auxiliar de comedor creativo n\u00f3rdico: una soluci\u00f3n de almacenamiento con estilo"},"content":{"rendered":"<p><strong>Mueble auxiliar de comedor creativo con personalidad n\u00f3rdica: Elegancia moderna con un toque personal<\/strong><\/p>\n<p>Transforme su comedor con el mueble auxiliar de comedor creativo Nordic Personality, donde la simplicidad moderna se combina con un dise\u00f1o innovador.<\/p>\n<p><strong>Dise\u00f1o \u00fanico:<\/strong><\/p>\n<ul>\n<li>Agregue car\u00e1cter a su espacio con este gabinete lateral integrado montado en la pared que combina la creatividad n\u00f3rdica con un elegante acabado en color nogal.<\/li>\n<li>El dise\u00f1o moderno y simple realza su decoraci\u00f3n y al mismo tiempo proporciona una soluci\u00f3n elegante para cualquier habitaci\u00f3n.<\/li>\n<\/ul>\n<p><strong>Almacenamiento vers\u00e1til:<\/strong><\/p>\n<ul>\n<li>Ideal para comedores o entradas, este gabinete ofrece amplio espacio de almacenamiento con opciones personalizables para adaptarse a sus necesidades y preferencias.<\/li>\n<li>Su funci\u00f3n de montaje en pared ahorra espacio en el piso al tiempo que mantiene sus elementos esenciales organizados y f\u00e1cilmente accesibles.<\/li>\n<\/ul>\n<p><strong>Artesan\u00eda de alta calidad:<\/strong><\/p>\n<ul>\n<li>Construido con atenci\u00f3n al detalle y materiales de calidad, este gabinete brinda durabilidad y una apariencia refinada que resiste el paso del tiempo.<\/li>\n<\/ul>\n<p><strong>Opciones personalizables:<\/strong><\/p>\n<ul>\n<li>Adapte el gabinete a su estilo y requisitos espec\u00edficos, garantizando un ajuste perfecto a la est\u00e9tica de su hogar.<\/li>\n<\/ul>\n<p>Realza el dise\u00f1o de tu hogar con el mueble auxiliar de comedor creativo Nordic Personality. \u00a1Compra ahora y personaliza tu espacio con elegancia moderna!<\/p>\n<ul>\n<li>\n<strong>marca<\/strong>Arce morado de jade<\/li>\n<li>\n<strong>modelo<\/strong>:Y0406<\/li>\n<li>\n<strong>Material<\/strong>:Tablero multicapa de madera maciza<\/li>\n<li>\n<strong>estilo<\/strong>:Estilo n\u00f3rdico<\/li>\n<li>\n<strong>ordenar por color<\/strong>Otros tama\u00f1os est\u00e1n sujetos al precio total. Mueble auxiliar: 1600 largo x 400 fondo x 800 alto. Mueble auxiliar: 1400 largo x 400 fondo x 800 alto. Tama\u00f1os y colores personalizados sujetos al pago de un dep\u00f3sito. Mueble auxiliar: 1200 largo x 400 fondo x 800 alto. Mesa de comedor: 1600 largo x 850 ancho x 750 alto.<\/li>\n<li>\n<strong>Peso bruto<\/strong>:100<\/li>\n<li>\n<strong>Material de acabado<\/strong>:Paneles a base de madera<\/li>\n<li>\n<strong>alto<\/strong>:Por debajo de 900 mm<\/li>\n<li>\n<strong>\u00bfEs personalizable?<\/strong>:S\u00ed<\/li>\n<li>\n<strong>N\u00famero de puertas<\/strong>:3 puertas<\/li>\n<li>\n<strong>N\u00famero de cajones<\/strong>:0<\/li>\n<li>\n<strong>Estructura del mobiliario<\/strong>:Estructura del marco de la caja<\/li>\n<li>\n<strong>Entrega\/instalaci\u00f3n disponible<\/strong>:A escala nacional<\/li>\n<li>\n<strong>Origen<\/strong>:Provincia de Jiangsu<\/li>\n<li>\n<strong>ciudad<\/strong>:Xuzhou<\/li>\n<li>\n<strong>Armar<\/strong>:S\u00ed<\/li>\n<li>\n<strong>volumen del paquete<\/strong>:1<\/li>\n<li>\n<strong><\/strong>:<\/li>\n<\/ul>\n<p><img><\/p>","protected":false},"excerpt":{"rendered":"<p>Mueble auxiliar de comedor creativo con personalidad n\u00f3rdica: elegancia moderna con un toque personal Transforme su comedor con el mueble auxiliar de comedor con personalidad n\u00f3rdica<\/p>","protected":false},"featured_media":99093,"comment_status":"open","ping_status":"closed","template":"","meta":[],"product_brand":[],"product_cat":[30862,30971,30850,30851,30854],"product_tag":[],"class_list":{"0":"post-43900","1":"product","2":"type-product","3":"status-publish","4":"has-post-thumbnail","6":"product_cat-wholesales-hotels","7":"product_cat-hp","8":"product_cat-wholesale-furniture","9":"product_cat-wholesale-cabinets","10":"product_cat-wholesale-side-table","12":"first","13":"instock","14":"taxable","15":"shipping-taxable","16":"purchasable","17":"product-type-variable"},"_links":{"self":[{"href":"https:\/\/nexgendecors.com\/es\/wp-json\/wp\/v2\/product\/43900","targetHints":{"allow":["GET"]}}],"collection":[{"href":"https:\/\/nexgendecors.com\/es\/wp-json\/wp\/v2\/product"}],"about":[{"href":"https:\/\/nexgendecors.com\/es\/wp-json\/wp\/v2\/types\/product"}],"replies":[{"embeddable":true,"href":"https:\/\/nexgendecors.com\/es\/wp-json\/wp\/v2\/comments?post=43900"}],"version-history":[{"count":0,"href":"https:\/\/nexgendecors.com\/es\/wp-json\/wp\/v2\/product\/43900\/revisions"}],"wp:featuredmedia":[{"embeddable":true,"href":"https:\/\/nexgendecors.com\/es\/wp-json\/wp\/v2\/media\/99093"}],"wp:attachment":[{"href":"https:\/\/nexgendecors.com\/es\/wp-json\/wp\/v2\/media?parent=43900"}],"wp:term":[{"taxonomy":"product_brand","embeddable":true,"href":"https:\/\/nexgendecors.com\/es\/wp-json\/wp\/v2\/product_brand?post=43900"},{"taxonomy":"product_cat","embeddable":true,"href":"https:\/\/nexgendecors.com\/es\/wp-json\/wp\/v2\/product_cat?post=43900"},{"taxonomy":"product_tag","embeddable":true,"href":"https:\/\/nexgendecors.com\/es\/wp-json\/wp\/v2\/product_tag?post=43900"}],"curies":[{"name":"wp","href":"https:\/\/api.w.org\/{rel}","templated":true}]}}