{"id":44006,"date":"2025-01-26T02:17:20","date_gmt":"2025-01-26T02:17:20","guid":{"rendered":"https:\/\/nexgendecors.com\/product\/nordic-simple-modern-showcase-display-cabinet-small-size-childrens-bookcase-decoration-model-room-living-room-french-bookcase\/"},"modified":"2025-04-06T08:05:51","modified_gmt":"2025-04-06T08:05:51","slug":"vitrina-nordica-sencilla-y-moderna-estanteria-infantil-de-tamano-pequeno-decoracion-modelo-para-habitacion-sala-de-estar-estanteria-francesa","status":"publish","type":"product","link":"https:\/\/nexgendecors.com\/es\/product\/vitrina-nordica-sencilla-y-moderna-estanteria-infantil-de-tamano-pequeno-decoracion-modelo-para-habitacion-sala-de-estar-estanteria-francesa\/","title":{"rendered":"Vitrina n\u00f3rdica sencilla y moderna: muebles y decoraci\u00f3n elegantes"},"content":{"rendered":"<p><strong>Vitrina n\u00f3rdica sencilla y moderna: realza tu espacio con elegante funcionalidad<\/strong><\/p>\n<p>Descubra el encanto de nuestra Vitrina N\u00f3rdica Simple Moderna, dise\u00f1ada para aportar un toque de sofisticaci\u00f3n y practicidad a cualquier estancia.<\/p>\n<p><strong>Dise\u00f1o elegante:<\/strong><\/p>\n<ul>\n<li>Mejore su decoraci\u00f3n con una vitrina elegante y moderna que combina sin esfuerzo con cualquier sala de estar, sala de modelos o espacio infantil.<\/li>\n<li>Su peque\u00f1o tama\u00f1o lo hace perfecto para exhibir libros, art\u00edculos decorativos o colecciones preciadas sin abrumar la habitaci\u00f3n.<\/li>\n<\/ul>\n<p><strong>Uso vers\u00e1til:<\/strong><\/p>\n<ul>\n<li>Ideal como estanter\u00eda para ni\u00f1os, este mueble ofrece una exposici\u00f3n organizada de libros y juguetes a\u00f1adiendo al mismo tiempo un toque de estilo.<\/li>\n<li>\u00daselo en la sala de estar o como vitrina de inspiraci\u00f3n francesa para resaltar sus piezas de decoraci\u00f3n favoritas con gracia.<\/li>\n<\/ul>\n<p><strong>Artesan\u00eda de alta calidad:<\/strong><\/p>\n<ul>\n<li>Fabricada con cuidado y precisi\u00f3n, esta vitrina combina durabilidad con una est\u00e9tica refinada, garantizando que resista el paso del tiempo manteniendo su apariencia elegante.<\/li>\n<\/ul>\n<p><strong>Almacenamiento con estilo:<\/strong><\/p>\n<ul>\n<li>Disfrute de la combinaci\u00f3n perfecta de funcionalidad y dise\u00f1o con un gabinete que realza su espacio mientras mantiene todo perfectamente organizado.<\/li>\n<\/ul>\n<p>Transforma tu hogar con la Vitrina Nordic Simple Modern. \u00a1C\u00f3mprala ahora y dale un toque de elegancia moderna a tu hogar!<\/p>\n<ul>\n<li>\n<strong>marca<\/strong>Arce morado de jade<\/li>\n<li>\n<strong>modelo<\/strong>:Y0813<\/li>\n<li>\n<strong>patr\u00f3n<\/strong>:Otro<\/li>\n<li>\n<strong>estilo<\/strong>:Simple y moderno<\/li>\n<li>\n<strong>ordenar por color<\/strong>:800 largo 400 profundidad 1700 alto 900 largo 400 profundidad 1700 alto Para tama\u00f1os y colores personalizados, comun\u00edquese con el servicio de atenci\u00f3n al cliente.<\/li>\n<li>\n<strong>\u00bfEs personalizable?<\/strong>:S\u00ed<\/li>\n<li>\n<strong>Caracter\u00edsticas adicionales<\/strong>:Almacenamiento<\/li>\n<li>\n<strong>Origen<\/strong>:Llevar a la fuerza<\/li>\n<li>\n<strong>volumen del paquete<\/strong>:1<\/li>\n<li>\n<strong><\/strong>:<\/li>\n<\/ul>\n<p><img><\/p>","protected":false},"excerpt":{"rendered":"<p>Nordic Simple Modern Showcase: Enhance Your Space with Elegant Functionality Discover the charm of our Nordic Simple Modern Showcase, designed<\/p>","protected":false},"featured_media":99279,"comment_status":"open","ping_status":"closed","template":"","meta":[],"product_brand":[],"product_cat":[30862,30971,30850,30851,30854],"product_tag":[],"class_list":{"0":"post-44006","1":"product","2":"type-product","3":"status-publish","4":"has-post-thumbnail","6":"product_cat-wholesales-hotels","7":"product_cat-hp","8":"product_cat-wholesale-furniture","9":"product_cat-wholesale-cabinets","10":"product_cat-wholesale-side-table","12":"first","13":"instock","14":"taxable","15":"shipping-taxable","16":"purchasable","17":"product-type-variable"},"_links":{"self":[{"href":"https:\/\/nexgendecors.com\/es\/wp-json\/wp\/v2\/product\/44006","targetHints":{"allow":["GET"]}}],"collection":[{"href":"https:\/\/nexgendecors.com\/es\/wp-json\/wp\/v2\/product"}],"about":[{"href":"https:\/\/nexgendecors.com\/es\/wp-json\/wp\/v2\/types\/product"}],"replies":[{"embeddable":true,"href":"https:\/\/nexgendecors.com\/es\/wp-json\/wp\/v2\/comments?post=44006"}],"version-history":[{"count":0,"href":"https:\/\/nexgendecors.com\/es\/wp-json\/wp\/v2\/product\/44006\/revisions"}],"wp:featuredmedia":[{"embeddable":true,"href":"https:\/\/nexgendecors.com\/es\/wp-json\/wp\/v2\/media\/99279"}],"wp:attachment":[{"href":"https:\/\/nexgendecors.com\/es\/wp-json\/wp\/v2\/media?parent=44006"}],"wp:term":[{"taxonomy":"product_brand","embeddable":true,"href":"https:\/\/nexgendecors.com\/es\/wp-json\/wp\/v2\/product_brand?post=44006"},{"taxonomy":"product_cat","embeddable":true,"href":"https:\/\/nexgendecors.com\/es\/wp-json\/wp\/v2\/product_cat?post=44006"},{"taxonomy":"product_tag","embeddable":true,"href":"https:\/\/nexgendecors.com\/es\/wp-json\/wp\/v2\/product_tag?post=44006"}],"curies":[{"name":"wp","href":"https:\/\/api.w.org\/{rel}","templated":true}]}}