{"id":44261,"date":"2025-01-26T02:17:51","date_gmt":"2025-01-26T02:17:51","guid":{"rendered":"https:\/\/nexgendecors.com\/product\/kindergarten-table-and-chair-set-baby-childrens-multilateral-learning-game-toys-writing-table-graffiti-table-drawing-table\/"},"modified":"2025-03-09T17:59:26","modified_gmt":"2025-03-09T17:59:26","slug":"juego-de-mesa-y-silla-para-jardin-de-infantes-juego-de-aprendizaje-multidisciplinar-para-bebes-y-ninos-mesa-de-escritura-mesa-de-grafiti-mesa-de-dibujo","status":"publish","type":"product","link":"https:\/\/nexgendecors.com\/es\/product\/juego-de-mesa-y-silla-para-jardin-de-infantes-juego-de-aprendizaje-multidisciplinar-para-bebes-y-ninos-mesa-de-escritura-mesa-de-grafiti-mesa-de-dibujo\/","title":{"rendered":"Conjunto de mesa y sillas infantiles de estilo n\u00f3rdico: dise\u00f1o moderno"},"content":{"rendered":"<p>\u2728 Conjunto de mesa y sillas de jard\u00edn de infancia de estilo n\u00f3rdico: \u00a1perfecto para aprender y jugar! \ud83c\udfa8\ud83d\udcda<\/p>\n<p>Crea un ambiente vibrante y atractivo para tu jard\u00edn de infancia o centro de aprendizaje temprano con nuestro conjunto de mesa y sillas de estilo n\u00f3rdico. Dise\u00f1ado para un uso vers\u00e1til, este conjunto es perfecto para aprender, jugar, escribir, hacer grafitis y dibujar, lo que lo convierte en la opci\u00f3n ideal para ni\u00f1os de 3 a 8 a\u00f1os.<\/p>\n<h4>Caracter\u00edsticas principales:<\/h4>\n<ul>\n<li>\n<strong>Estilo<\/strong>:Elegante dise\u00f1o n\u00f3rdico<\/li>\n<li>\n<strong>Edad adecuada<\/strong>: 3 a\u00f1os, 4 a\u00f1os, 5 a\u00f1os, 6 a\u00f1os, 7 a\u00f1os, 8 a\u00f1os<\/li>\n<li>\n<strong>Material<\/strong>: Construcci\u00f3n duradera y segura para ni\u00f1os.<\/li>\n<li>\n<strong>Opciones de color<\/strong>:<\/p>\n<ul>\n<li>Mesa hexagonal azul cielo (70 cm) \ud83c\udf0c<\/li>\n<li>Mesa hexagonal azul cielo (100 cm) \ud83c\udf0c<\/li>\n<li>Sillas Verde Claro (6 piezas) \ud83c\udf3f<\/li>\n<\/ul>\n<\/li>\n<li>\n<strong>Personalizaci\u00f3n<\/strong>: Soporte para cualquier tama\u00f1o de personalizaci\u00f3n de toda la casa.<\/li>\n<li>\n<strong>Caracter\u00edsticas adicionales<\/strong>\u00a1Artesan\u00eda de alta calidad, publica hermosas im\u00e1genes y gana regalos! \ud83c\udf81<\/li>\n<li>\n<strong>Estructura del mueble<\/strong>: Resistente y seguro para los ni\u00f1os.<\/li>\n<\/ul>\n<h3>\u00bfPor qu\u00e9 elegirnos? \u2764<\/h3>\n<p>Al comprar nuestro juego de mesa y sillas para jard\u00edn de infantes, no solo compra un producto; invierte en un dise\u00f1o cuidado y un servicio excelente. Le garantizamos calidad y soporte en cada paso del proceso, garantizando una experiencia inolvidable tanto para usted como para sus peque\u00f1os.<\/p>\n<p>Mejora tu espacio de aprendizaje con este elegante y funcional juego de mesa y sillas. Perfecto para diversas actividades, este conjunto ofrece la combinaci\u00f3n perfecta de estilo, durabilidad y practicidad. \u00a1P\u00eddelo ahora y disfruta de la mejor calidad, dise\u00f1o y servicio! \ud83c\udf08\u2728<\/p>\n<ul>\n<li>\n<strong>marca<\/strong>:Corri\u00e9ndose<\/li>\n<li>\n<strong>estilo<\/strong>:Estilo n\u00f3rdico<\/li>\n<li>\n<strong>N\u00famero de pieza<\/strong>:3.10<\/li>\n<li>\n<strong>Edad adecuada<\/strong>:4 a\u00f1os 6 a\u00f1os 8 a\u00f1os 3 a\u00f1os 5 a\u00f1os 7 a\u00f1os<\/li>\n<li>\n<strong>ordenar por color<\/strong>:Mesa hexagonal azul cielo (70cm) Mesa hexagonal azul cielo (100cm) Sillas verde claro 6 m\u00e1s favorable buena calidad se atreven a prometer \u2764 No solo compras el producto \u2764 sino tambi\u00e9n nuestro servicio considerado admite cualquier tama\u00f1o de personalizaci\u00f3n de toda la casa, personalizaci\u00f3n para una mejor vida publique hermosas im\u00e1genes, gane buenos regalos<\/li>\n<li>\n<strong><\/strong>:<\/li>\n<\/ul>\n<p><img><\/p>","protected":false},"excerpt":{"rendered":"<p>\u2728 Nordic-Style Kindergarten Table and Chair Set &#8211; Perfect for Learning and Play! \ud83c\udfa8\ud83d\udcda Create a vibrant and engaging environment<\/p>","protected":false},"featured_media":99728,"comment_status":"open","ping_status":"closed","template":"","meta":[],"product_brand":[],"product_cat":[30971,30849],"product_tag":[],"class_list":{"0":"post-44261","1":"product","2":"type-product","3":"status-publish","4":"has-post-thumbnail","6":"product_cat-hp","7":"product_cat-kindergarten-school-furniture","9":"first","10":"instock","11":"taxable","12":"shipping-taxable","13":"purchasable","14":"product-type-variable"},"_links":{"self":[{"href":"https:\/\/nexgendecors.com\/es\/wp-json\/wp\/v2\/product\/44261","targetHints":{"allow":["GET"]}}],"collection":[{"href":"https:\/\/nexgendecors.com\/es\/wp-json\/wp\/v2\/product"}],"about":[{"href":"https:\/\/nexgendecors.com\/es\/wp-json\/wp\/v2\/types\/product"}],"replies":[{"embeddable":true,"href":"https:\/\/nexgendecors.com\/es\/wp-json\/wp\/v2\/comments?post=44261"}],"version-history":[{"count":0,"href":"https:\/\/nexgendecors.com\/es\/wp-json\/wp\/v2\/product\/44261\/revisions"}],"wp:featuredmedia":[{"embeddable":true,"href":"https:\/\/nexgendecors.com\/es\/wp-json\/wp\/v2\/media\/99728"}],"wp:attachment":[{"href":"https:\/\/nexgendecors.com\/es\/wp-json\/wp\/v2\/media?parent=44261"}],"wp:term":[{"taxonomy":"product_brand","embeddable":true,"href":"https:\/\/nexgendecors.com\/es\/wp-json\/wp\/v2\/product_brand?post=44261"},{"taxonomy":"product_cat","embeddable":true,"href":"https:\/\/nexgendecors.com\/es\/wp-json\/wp\/v2\/product_cat?post=44261"},{"taxonomy":"product_tag","embeddable":true,"href":"https:\/\/nexgendecors.com\/es\/wp-json\/wp\/v2\/product_tag?post=44261"}],"curies":[{"name":"wp","href":"https:\/\/api.w.org\/{rel}","templated":true}]}}