{"id":44534,"date":"2025-01-26T02:18:22","date_gmt":"2025-01-26T02:18:22","guid":{"rendered":"https:\/\/nexgendecors.com\/product\/retro-above-counter-basin-outdoor-wash-basin-courtyard-art-basin-bathroom-ceramic-wash-basin-balcony-wash-basin-home-2\/"},"modified":"2025-04-06T08:07:10","modified_gmt":"2025-04-06T08:07:10","slug":"lavabo-retro-sobre-encimera-lavabo-para-exterior-lavabo-artistico-para-patio-lavabo-de-ceramica-para-bano-lavabo-para-balcon-lavabo-para-casa-2","status":"publish","type":"product","link":"https:\/\/nexgendecors.com\/es\/product\/lavabo-retro-sobre-encimera-lavabo-para-exterior-lavabo-artistico-para-patio-lavabo-de-ceramica-para-bano-lavabo-para-balcon-lavabo-para-casa-2\/","title":{"rendered":"Lavabo de encimera ovalado con rebosadero"},"content":{"rendered":"<p>Descubre la combinaci\u00f3n perfecta de estilo y funcionalidad con nuestro lavabo posmoderno \ud83d\udda4. Este lavabo ovalado de cer\u00e1mica sobre encimera incluye un elegante mueble de base que le da un toque sofisticado a tu ba\u00f1o o tocador \ud83d\udec1\u2728.<\/p>\n<p>Dise\u00f1ado con rebosadero para mayor comodidad, este lavabo garantiza que tu espacio se mantenga limpio y ordenado. Su est\u00e9tica moderna y su pr\u00e1ctico mueble base lo convierten en una opci\u00f3n destacada para cualquier ambiente contempor\u00e1neo.<\/p>\n<p>\u00a1Mejora tu \u00e1rea de lavado hoy con esta elegante y eficiente pieza! \ud83d\udeb0\ud83d\udca7<\/p>\n<ul>\n<li>\n<strong>marca<\/strong>:Jing<\/li>\n<li>\n<strong>modelo<\/strong>:DTY67<\/li>\n<li>\n<strong>Material<\/strong>:cer\u00e1mica<\/li>\n<li>\n<strong>capacidad<\/strong>:12L<\/li>\n<li>\n<strong>Origen<\/strong>:China continental<\/li>\n<li>\n<strong>provincia<\/strong>Provincia de Jiangxi<\/li>\n<li>\n<strong>ciudad<\/strong>:Ciudad de Jingdezhen<\/li>\n<li>\n<strong>tama\u00f1o<\/strong>:580X400X130MM<\/li>\n<li>\n<strong>ordenar por color<\/strong>:DTY67 lavabo individual DTY67 con [grifo de cobre cuadrado negro] juego XDG67-1 lavabo individual XDG67-1 lavabo con [grifo de cobre cuadrado negro] juego XTY67-10 lavabo individual XTY67-10 lavabo con [grifo de cobre cuadrado negro] juego CFX67-2 lavabo individual CFX67-2 lavabo con [grifo de cobre cuadrado negro] juego DKCF67-4 lavabo individual DKCF67-4 lavabo con [grifo retro de calabaza corta] juego YX-3 lavabo individual YX-3 lavabo individual con [grifo de cobre cuadrado negro] juego YG67-3 lavabo individual YG67-3 lavabo con [grifo de cobre cuadrado negro] juego XLT67-5 lavabo individual XLT67-5 lavabo con [grifo de cobre cuadrado negro] juego FYCF67-5 lavabo individual FYCF67-5 lavabo con [grifo de cobre cuadrado negro] juego Lavabo individual redondo de 40 cm Lavabo redondo de 40 cm con [grifo de cobre cuadrado negro] juego Lavabo individual redondo de 35 cm Lavabo redondo de 35 cm con juego de grifo de cobre cuadrado negro. Lavabo sencillo redondo de 30 cm. Lavabo redondo de 30 cm con juego de grifo de cobre cuadrado negro. Lavabo sencillo cuadrado peque\u00f1o de 30 cm. Lavabo cuadrado peque\u00f1o de 30 cm con juego de grifo de cobre cuadrado negro.<\/li>\n<li>\n<strong>Servicio en la ciudad<\/strong>:Log\u00edstica intraurbana de entrega puerta a puerta<\/li>\n<li>\n<strong>Apertura del grifo<\/strong>:Un solo agujero<\/li>\n<li>\n<strong><\/strong>:<\/li>\n<\/ul>\n<p><img><\/p>","protected":false},"excerpt":{"rendered":"<p>Descubre la combinaci\u00f3n perfecta de estilo y funcionalidad con nuestro lavabo posmoderno \ud83d\udda4. Este lavabo ovalado de cer\u00e1mica para encimera.<\/p>","protected":false},"featured_media":100154,"comment_status":"open","ping_status":"closed","template":"","meta":[],"product_brand":[],"product_cat":[30971,30880],"product_tag":[],"class_list":{"0":"post-44534","1":"product","2":"type-product","3":"status-publish","4":"has-post-thumbnail","6":"product_cat-hp","7":"product_cat-wholesales-bathroom-sink","9":"first","10":"instock","11":"taxable","12":"shipping-taxable","13":"purchasable","14":"product-type-variable"},"_links":{"self":[{"href":"https:\/\/nexgendecors.com\/es\/wp-json\/wp\/v2\/product\/44534","targetHints":{"allow":["GET"]}}],"collection":[{"href":"https:\/\/nexgendecors.com\/es\/wp-json\/wp\/v2\/product"}],"about":[{"href":"https:\/\/nexgendecors.com\/es\/wp-json\/wp\/v2\/types\/product"}],"replies":[{"embeddable":true,"href":"https:\/\/nexgendecors.com\/es\/wp-json\/wp\/v2\/comments?post=44534"}],"version-history":[{"count":0,"href":"https:\/\/nexgendecors.com\/es\/wp-json\/wp\/v2\/product\/44534\/revisions"}],"wp:featuredmedia":[{"embeddable":true,"href":"https:\/\/nexgendecors.com\/es\/wp-json\/wp\/v2\/media\/100154"}],"wp:attachment":[{"href":"https:\/\/nexgendecors.com\/es\/wp-json\/wp\/v2\/media?parent=44534"}],"wp:term":[{"taxonomy":"product_brand","embeddable":true,"href":"https:\/\/nexgendecors.com\/es\/wp-json\/wp\/v2\/product_brand?post=44534"},{"taxonomy":"product_cat","embeddable":true,"href":"https:\/\/nexgendecors.com\/es\/wp-json\/wp\/v2\/product_cat?post=44534"},{"taxonomy":"product_tag","embeddable":true,"href":"https:\/\/nexgendecors.com\/es\/wp-json\/wp\/v2\/product_tag?post=44534"}],"curies":[{"name":"wp","href":"https:\/\/api.w.org\/{rel}","templated":true}]}}