{"id":44927,"date":"2025-01-26T02:19:01","date_gmt":"2025-01-26T02:19:01","guid":{"rendered":"https:\/\/nexgendecors.com\/product\/wrought-iron-wash-basin-retro-industrial-wind-oil-barrel-creative-bathroom-wash-basin-toilet-personality-wash-basin-wash-basin-2\/"},"modified":"2025-04-06T08:07:59","modified_gmt":"2025-04-06T08:07:59","slug":"lavabo-de-hierro-forjado-estilo-retro-industrial-con-barril-de-aceite-y-viento-lavabo-de-bano-creativo-lavabo-con-personalidad-lavabo-2","status":"publish","type":"product","link":"https:\/\/nexgendecors.com\/es\/product\/lavabo-de-hierro-forjado-estilo-retro-industrial-con-barril-de-aceite-y-viento-lavabo-de-bano-creativo-lavabo-con-personalidad-lavabo-2\/","title":{"rendered":"Lavabo de barril de petr\u00f3leo de hierro forjado industrial retro"},"content":{"rendered":"<p>A\u00f1ade un toque de encanto vintage a tu ba\u00f1o con el <strong>Lavabo industrial retro de hierro forjado con forma de barril de aceite<\/strong>Este lavabo creativo y \u00fanico combina la robustez de un barril de aceite con la funcionalidad de un lavabo moderno, convirti\u00e9ndolo en una pieza destacada para cualquier ba\u00f1o o aseo. \ud83c\udf1f\ud83d\udee0\ufe0f<\/p>\n<p>Fabricado en hierro forjado resistente, este lavabo presenta un dise\u00f1o industrial retro que aporta car\u00e1cter y personalidad a tu espacio. Su est\u00e9tica de barril de aceite le da un toque atrevido y vanguardista, perfecto para quienes buscan darle a su ba\u00f1o un toque industrial. Su robusta construcci\u00f3n garantiza una larga duraci\u00f3n, mientras que su dise\u00f1o creativo ofrece una soluci\u00f3n pr\u00e1ctica y elegante. \ud83d\udca7\ud83d\udd27<\/p>\n<p>Ideal para quienes aprecian el dise\u00f1o original, este lavabo transforma cualquier ba\u00f1o en un espacio \u00fanico y personalizado. Luce una presencia impactante con esta pieza atractiva y funcional que combina creatividad y durabilidad. \ud83d\udec1\ud83d\udda4<\/p>\n<ul>\n<li>\n<strong>marca<\/strong>:Sello de la Corona<\/li>\n<li>\n<strong>modelo<\/strong>:Sello de la Corona 1281<\/li>\n<li>\n<strong>Material<\/strong>:Otro<\/li>\n<li>\n<strong>Origen<\/strong>:China continental<\/li>\n<li>\n<strong>provincia<\/strong>:Provincia de Fujian<\/li>\n<li>\n<strong>ciudad<\/strong>:Ciudad de Quanzhou<\/li>\n<li>\n<strong>ordenar por color<\/strong>Lavabo negro mate (sin almacenamiento), lavabo rojo (sin almacenamiento), lavabo amarillo (sin almacenamiento), lavabo naranja (sin almacenamiento), lavabo azul oscuro (sin almacenamiento), negro mate + espejo (sin almacenamiento), rojo + espejo (sin almacenamiento), amarillo + espejo (sin almacenamiento), naranja + espejo (sin almacenamiento), azul oscuro + espejo (sin almacenamiento), lavabo negro mate (almacenamiento), lavabo amarillo (almacenamiento), lavabo rojo (almacenamiento), lavabo naranja (almacenamiento), lavabo azul oscuro (almacenamiento), negro mate + espejo (almacenamiento), rojo + espejo (almacenamiento), amarillo + espejo (almacenamiento), azul oscuro + espejo (almacenamiento), naranja + espejo (almacenamiento), personalizaci\u00f3n de color de soporte (cambio de precio de contacto)<\/li>\n<li>\n<strong>Servicio en la ciudad<\/strong>:Los compradores de la misma ciudad recogen la mercanc\u00eda en casa.<\/li>\n<li>\n<strong>Apertura del grifo<\/strong>:Un solo agujero<\/li>\n<li>\n<strong><\/strong>:<\/li>\n<\/ul>\n<p><img><\/p>","protected":false},"excerpt":{"rendered":"<p>Agregue un toque de encanto vintage a su ba\u00f1o con el lavabo de barril de aceite de hierro forjado de estilo industrial retro.<\/p>","protected":false},"featured_media":100762,"comment_status":"open","ping_status":"closed","template":"","meta":[],"product_brand":[],"product_cat":[30971,30880],"product_tag":[],"class_list":{"0":"post-44927","1":"product","2":"type-product","3":"status-publish","4":"has-post-thumbnail","6":"product_cat-hp","7":"product_cat-wholesales-bathroom-sink","9":"first","10":"instock","11":"taxable","12":"shipping-taxable","13":"purchasable","14":"product-type-variable"},"_links":{"self":[{"href":"https:\/\/nexgendecors.com\/es\/wp-json\/wp\/v2\/product\/44927","targetHints":{"allow":["GET"]}}],"collection":[{"href":"https:\/\/nexgendecors.com\/es\/wp-json\/wp\/v2\/product"}],"about":[{"href":"https:\/\/nexgendecors.com\/es\/wp-json\/wp\/v2\/types\/product"}],"replies":[{"embeddable":true,"href":"https:\/\/nexgendecors.com\/es\/wp-json\/wp\/v2\/comments?post=44927"}],"version-history":[{"count":0,"href":"https:\/\/nexgendecors.com\/es\/wp-json\/wp\/v2\/product\/44927\/revisions"}],"wp:featuredmedia":[{"embeddable":true,"href":"https:\/\/nexgendecors.com\/es\/wp-json\/wp\/v2\/media\/100762"}],"wp:attachment":[{"href":"https:\/\/nexgendecors.com\/es\/wp-json\/wp\/v2\/media?parent=44927"}],"wp:term":[{"taxonomy":"product_brand","embeddable":true,"href":"https:\/\/nexgendecors.com\/es\/wp-json\/wp\/v2\/product_brand?post=44927"},{"taxonomy":"product_cat","embeddable":true,"href":"https:\/\/nexgendecors.com\/es\/wp-json\/wp\/v2\/product_cat?post=44927"},{"taxonomy":"product_tag","embeddable":true,"href":"https:\/\/nexgendecors.com\/es\/wp-json\/wp\/v2\/product_tag?post=44927"}],"curies":[{"name":"wp","href":"https:\/\/api.w.org\/{rel}","templated":true}]}}