{"id":45277,"date":"2025-01-26T02:19:34","date_gmt":"2025-01-26T02:19:34","guid":{"rendered":"https:\/\/nexgendecors.com\/product\/simple-modern-dining-chair-home-thickened-plastic-chair-adult-dining-table-stool-backrest-net-celebrity-leisure-horn-chair\/"},"modified":"2025-04-06T08:08:34","modified_gmt":"2025-04-06T08:08:34","slug":"silla-de-comedor-moderna-y-sencilla-de-plastico-grueso-para-el-hogar-taburete-de-mesa-para-adultos-con-respaldo-de-red-y-cuerno-para-el-ocio-de-celebridades","status":"publish","type":"product","link":"https:\/\/nexgendecors.com\/es\/product\/silla-de-comedor-moderna-y-sencilla-de-plastico-grueso-para-el-hogar-taburete-de-mesa-para-adultos-con-respaldo-de-red-y-cuerno-para-el-ocio-de-celebridades\/","title":{"rendered":"Silla de comedor apilable de acr\u00edlico escandinava"},"content":{"rendered":"<div class=\"flex flex-grow flex-col max-w-full\">\n<div data-message-author-role=\"assistant\" data-message-id=\"c3276644-3d71-4dfc-bcb6-e26b73a588d6\" dir=\"auto\" class=\"min-h-[20px] text-message flex w-full flex-col items-end gap-2 whitespace-pre-wrap break-words [.text-message+&#038;]:mt-5 overflow-x-auto\">\n<div class=\"flex w-full flex-col gap-1 empty:hidden first:pt-[3px]\">\n<div class=\"markdown prose w-full break-words dark:prose-invert light\">\n<h2>Silla auxiliar apilable de pl\u00e1stico y acr\u00edlico para cocina y comedor de estilo escandinavo<\/h2>\n<p>Renueva tu cocina o comedor con nuestra silla auxiliar de estilo escandinavo, dise\u00f1ada para combinar elegancia y practicidad. Con una elegante estructura de pl\u00e1stico y acr\u00edlico, esta silla irradia un encanto moderno a la vez que ofrece una funcionalidad vers\u00e1til.<\/p>\n<h3>Por qu\u00e9 te encantar\u00e1 nuestra silla auxiliar escandinava:<\/h3>\n<ul>\n<li>\n<strong>Dise\u00f1o elegante<\/strong>:La est\u00e9tica escandinava, con sus l\u00edneas limpias y atractivo minimalista, realza cualquier ambiente de comedor o cocina. \u2728<\/li>\n<li>\n<strong>Materiales duraderos<\/strong>:Fabricada con pl\u00e1stico y acr\u00edlico de alta calidad, esta silla ofrece estilo y durabilidad para el uso diario. \ud83d\udc8e<\/li>\n<li>\n<strong>Conveniencia apilable<\/strong>:Ahorre espacio sin esfuerzo con un dise\u00f1o que se apila perfectamente para un f\u00e1cil almacenamiento y flexibilidad. \ud83d\udce6<\/li>\n<\/ul>\n<h3>Beneficios:<\/h3>\n<ul>\n<li>\n<strong>Estilo vers\u00e1til<\/strong>:Perfecto para cocinas modernas, comedores o como asiento adicional para reuniones. \ud83c\udf7d\ufe0f<\/li>\n<li>\n<strong>Mantenimiento sin esfuerzo<\/strong>:Las superficies lisas facilitan la limpieza, manteniendo un aspecto fresco y ordenado. \ud83e\uddfd<\/li>\n<li>\n<strong>Ahorro de espacio<\/strong>:Ligero y apilable, ideal tanto para espacios peque\u00f1os como grandes. \ud83c\udf1f<\/li>\n<\/ul>\n<p>Eleve su comedor con un toque de sofisticaci\u00f3n escandinava y dise\u00f1o pr\u00e1ctico. <strong>\u00a1Explora nuestra colecci\u00f3n de sillas auxiliares apilables ahora y mejora tu espacio con facilidad!<\/strong> \ud83d\uded2<\/p>\n<\/p><\/div>\n<\/p><\/div>\n<\/p><\/div>\n<\/div>\n<ul>\n<li>\n<strong>marca<\/strong>:Beisheng<\/li>\n<li>\n<strong>modelo<\/strong>:069<\/li>\n<li>\n<strong>Material<\/strong>:pl\u00e1stico<\/li>\n<li>\n<strong>Material pl\u00e1stico<\/strong>:ABS<\/li>\n<li>\n<strong>estilo<\/strong>:Simple y moderno<\/li>\n<li>\n<strong>ordenar por color<\/strong>:Gris, azul pavo real, blanco, negro, verde matcha, azul gris\u00e1ceo, naranja, rojo pomelo. Precio al por mayor por 4 o m\u00e1s.<\/li>\n<li>\n<strong>Altura del respaldo<\/strong>:125 mm (no incluido) \u2013 800 mm (no incluido)<\/li>\n<li>\n<strong>\u00bfEs personalizable?<\/strong>:No<\/li>\n<li>\n<strong>\u00bfEs giratorio?<\/strong>:No<\/li>\n<li>\n<strong>\u00bfHay pasamanos?<\/strong>:No<\/li>\n<li>\n<strong>Caracter\u00edsticas adicionales<\/strong>:puede moverse<\/li>\n<li>\n<strong>Adecuado<\/strong>:Adultos<\/li>\n<li>\n<strong>Origen<\/strong>:Provincia de Hebei<\/li>\n<li>\n<strong>ciudad<\/strong>:Ciudad de Langfang<\/li>\n<li>\n<strong>Armar<\/strong>:No<\/li>\n<li>\n<strong>\u00bfHay taxi disponible para transporte?<\/strong>:No<\/li>\n<li>\n<strong>Posicionamiento de estilo<\/strong>:Estilo art\u00edstico<\/li>\n<li>\n<strong><\/strong>:<\/li>\n<\/ul>\n<p><img><\/p>","protected":false},"excerpt":{"rendered":"<p>Silla auxiliar apilable para cocina y comedor de pl\u00e1stico y acr\u00edlico de estilo escandinavo Renueve su cocina o comedor con nuestra silla auxiliar apilable de pl\u00e1stico y acr\u00edlico de estilo escandinavo.<\/p>","protected":false},"featured_media":101148,"comment_status":"open","ping_status":"closed","template":"","meta":[],"product_brand":[],"product_cat":[30855,30852,30971,30859,30860,30866],"product_tag":[],"class_list":{"0":"post-45277","1":"product","2":"type-product","3":"status-publish","4":"has-post-thumbnail","6":"product_cat-wholesale-chairs","7":"product_cat-dining-set","8":"product_cat-hp","9":"product_cat-wholesale-office","10":"product_cat-wholesale-restaurant","11":"product_cat-wholesales-university-high-schools","13":"first","14":"instock","15":"taxable","16":"shipping-taxable","17":"purchasable","18":"product-type-variable"},"_links":{"self":[{"href":"https:\/\/nexgendecors.com\/es\/wp-json\/wp\/v2\/product\/45277","targetHints":{"allow":["GET"]}}],"collection":[{"href":"https:\/\/nexgendecors.com\/es\/wp-json\/wp\/v2\/product"}],"about":[{"href":"https:\/\/nexgendecors.com\/es\/wp-json\/wp\/v2\/types\/product"}],"replies":[{"embeddable":true,"href":"https:\/\/nexgendecors.com\/es\/wp-json\/wp\/v2\/comments?post=45277"}],"version-history":[{"count":0,"href":"https:\/\/nexgendecors.com\/es\/wp-json\/wp\/v2\/product\/45277\/revisions"}],"wp:featuredmedia":[{"embeddable":true,"href":"https:\/\/nexgendecors.com\/es\/wp-json\/wp\/v2\/media\/101148"}],"wp:attachment":[{"href":"https:\/\/nexgendecors.com\/es\/wp-json\/wp\/v2\/media?parent=45277"}],"wp:term":[{"taxonomy":"product_brand","embeddable":true,"href":"https:\/\/nexgendecors.com\/es\/wp-json\/wp\/v2\/product_brand?post=45277"},{"taxonomy":"product_cat","embeddable":true,"href":"https:\/\/nexgendecors.com\/es\/wp-json\/wp\/v2\/product_cat?post=45277"},{"taxonomy":"product_tag","embeddable":true,"href":"https:\/\/nexgendecors.com\/es\/wp-json\/wp\/v2\/product_tag?post=45277"}],"curies":[{"name":"wp","href":"https:\/\/api.w.org\/{rel}","templated":true}]}}