{"id":45903,"date":"2025-01-26T02:20:39","date_gmt":"2025-01-26T02:20:39","guid":{"rendered":"https:\/\/nexgendecors.com\/product\/nordic-dining-chair-household-plastic-chair-modern-simple-horn-negotiation-desk-chair-stool-backrest-net-celebrity-makeup-chair\/"},"modified":"2025-04-06T08:09:58","modified_gmt":"2025-04-06T08:09:58","slug":"silla-de-comedor-nordica-silla-de-plastico-para-el-hogar-moderna-y-sencilla-silla-de-escritorio-de-negociacion-con-cuerno-taburete-con-respaldo-silla-de-maquillaje-de-celebridades-de-red","status":"publish","type":"product","link":"https:\/\/nexgendecors.com\/es\/product\/silla-de-comedor-nordica-silla-de-plastico-para-el-hogar-moderna-y-sencilla-silla-de-escritorio-de-negociacion-con-cuerno-taburete-con-respaldo-silla-de-maquillaje-de-celebridades-de-red\/","title":{"rendered":"Taburete redondo apilable de pl\u00e1stico: dise\u00f1o moderno y duradero"},"content":{"rendered":"<div class=\"flex flex-grow flex-col max-w-full\">\n<div data-message-author-role=\"assistant\" data-message-id=\"112ae0f6-6f30-45e9-86c1-82c4c65b3c0b\" dir=\"auto\" class=\"min-h-[20px] text-message flex w-full flex-col items-end gap-2 whitespace-pre-wrap break-words [.text-message+&#038;]:mt-5 overflow-x-auto\">\n<div class=\"flex w-full flex-col gap-1 empty:hidden first:pt-[3px]\">\n<div class=\"markdown prose w-full break-words dark:prose-invert light\">\n<h2>Transforme su comedor con nuestra silla n\u00f3rdica de pl\u00e1stico<\/h2>\n<p>Realce su comedor con nuestra silla n\u00f3rdica de pl\u00e1stico, donde el dise\u00f1o moderno se combina con una comodidad inigualable. Sienta la diferencia con una silla que apoya su postura, con un respaldo elegante y ergon\u00f3mico. Ya sea que est\u00e9 cenando con su familia, maquill\u00e1ndose en su tocador o cerrando tratos en su mesa de negociaciones, esta silla realzar\u00e1 cada momento.<\/p>\n<h3>\u00bfPor qu\u00e9 elegir nuestra silla de pl\u00e1stico n\u00f3rdica?<\/h3>\n<ul>\n<li>\n<strong>Dise\u00f1o moderno<\/strong>:Las l\u00edneas elegantes y la est\u00e9tica contempor\u00e1nea a\u00f1aden un toque de sofisticaci\u00f3n a cualquier entorno. \u2728<\/li>\n<li>\n<strong>Respaldo c\u00f3modo<\/strong>:Disfruta de un soporte superior que te mantiene c\u00f3modo durante comidas largas o sesiones productivas. \ud83e\ude91<\/li>\n<li>\n<strong>Uso vers\u00e1til<\/strong>:Perfecto para comedores, estaciones de maquillaje y escritorios de oficina, lo que lo convierte en un complemento vers\u00e1til para su hogar o espacio de trabajo. \ud83d\udc84\ud83d\udda5\ufe0f<\/li>\n<\/ul>\n<h3>Beneficios:<\/h3>\n<ul>\n<li>\n<strong>Durable y resistente<\/strong>:Fabricado con pl\u00e1stico de alta calidad, lo que garantiza un uso duradero. \ud83d\udcaa<\/li>\n<li>\n<strong>F\u00e1cil de limpiar<\/strong>:El dise\u00f1o de bajo mantenimiento mantiene su espacio con un aspecto fresco con un m\u00ednimo esfuerzo. \ud83e\uddfd<\/li>\n<li>\n<strong>Ahorro de espacio<\/strong>:Ligero y apilable, perfecto para maximizar el espacio en \u00e1reas m\u00e1s peque\u00f1as. \ud83c\udfe0<\/li>\n<\/ul>\n<p>Experimente la combinaci\u00f3n de estilo, comodidad y versatilidad con nuestra silla n\u00f3rdica de pl\u00e1stico. No espere m\u00e1s para transformar su espacio: explore nuestra colecci\u00f3n ahora y encuentre la silla perfecta para sus necesidades. <strong>\u00a1Compre ahora y mejore su vida diaria!<\/strong> \ud83d\udecd\ufe0f<\/p>\n<\/p><\/div>\n<\/p><\/div>\n<\/p><\/div>\n<\/div>\n<ul>\n<li>\n<strong>marca<\/strong>:Beisheng<\/li>\n<li>\n<strong>modelo<\/strong>:A86<\/li>\n<li>\n<strong>estilo<\/strong>:Europa del Norte<\/li>\n<li>\n<strong>elementos populares<\/strong>:Dise\u00f1o maestro<\/li>\n<li>\n<strong>ordenar por color<\/strong>:Azul pavo real, amarillo jengibre, gris dan\u00e9s, negro elegante, blanco natural, rosa maca, versi\u00f3n hueca Precio unitario de 2 o m\u00e1s<\/li>\n<li>\n<strong>\u00bfEs personalizable?<\/strong>:No<\/li>\n<li>\n<strong>Adecuado<\/strong>:Adultos<\/li>\n<li>\n<strong>Armar<\/strong>:S\u00ed<\/li>\n<li>\n<strong>Posicionamiento de estilo<\/strong>:Econ\u00f3mico<\/li>\n<li>\n<strong><\/strong>:<\/li>\n<\/ul>\n<p><img><\/p>","protected":false},"excerpt":{"rendered":"<p>Transforme su comedor con nuestra silla n\u00f3rdica de pl\u00e1stico Eleve su espacio de comedor con nuestra silla n\u00f3rdica de pl\u00e1stico, donde lo moderno<\/p>","protected":false},"featured_media":101965,"comment_status":"open","ping_status":"closed","template":"","meta":[],"product_brand":[],"product_cat":[30855,30852,30971,30859,30860,30866],"product_tag":[],"class_list":{"0":"post-45903","1":"product","2":"type-product","3":"status-publish","4":"has-post-thumbnail","6":"product_cat-wholesale-chairs","7":"product_cat-dining-set","8":"product_cat-hp","9":"product_cat-wholesale-office","10":"product_cat-wholesale-restaurant","11":"product_cat-wholesales-university-high-schools","13":"first","14":"instock","15":"taxable","16":"shipping-taxable","17":"purchasable","18":"product-type-variable"},"_links":{"self":[{"href":"https:\/\/nexgendecors.com\/es\/wp-json\/wp\/v2\/product\/45903","targetHints":{"allow":["GET"]}}],"collection":[{"href":"https:\/\/nexgendecors.com\/es\/wp-json\/wp\/v2\/product"}],"about":[{"href":"https:\/\/nexgendecors.com\/es\/wp-json\/wp\/v2\/types\/product"}],"replies":[{"embeddable":true,"href":"https:\/\/nexgendecors.com\/es\/wp-json\/wp\/v2\/comments?post=45903"}],"version-history":[{"count":0,"href":"https:\/\/nexgendecors.com\/es\/wp-json\/wp\/v2\/product\/45903\/revisions"}],"wp:featuredmedia":[{"embeddable":true,"href":"https:\/\/nexgendecors.com\/es\/wp-json\/wp\/v2\/media\/101965"}],"wp:attachment":[{"href":"https:\/\/nexgendecors.com\/es\/wp-json\/wp\/v2\/media?parent=45903"}],"wp:term":[{"taxonomy":"product_brand","embeddable":true,"href":"https:\/\/nexgendecors.com\/es\/wp-json\/wp\/v2\/product_brand?post=45903"},{"taxonomy":"product_cat","embeddable":true,"href":"https:\/\/nexgendecors.com\/es\/wp-json\/wp\/v2\/product_cat?post=45903"},{"taxonomy":"product_tag","embeddable":true,"href":"https:\/\/nexgendecors.com\/es\/wp-json\/wp\/v2\/product_tag?post=45903"}],"curies":[{"name":"wp","href":"https:\/\/api.w.org\/{rel}","templated":true}]}}