{"id":46443,"date":"2025-01-26T02:21:47","date_gmt":"2025-01-26T02:21:47","guid":{"rendered":"https:\/\/nexgendecors.com\/product\/chinese-zen-ceiling-lamp-wabi-sabi-style-japanese-homestay-porch-lamp-balcony-lamp-aisle-lamp-corridor-lamp-entrance-lamp\/"},"modified":"2025-04-06T08:11:24","modified_gmt":"2025-04-06T08:11:24","slug":"lampara-de-techo-zen-china-estilo-wabi-sabi-lampara-de-porche-para-casa-de-familia-japonesa-lampara-de-balcon-lampara-de-pasillo-lampara-de-entrada","status":"publish","type":"product","link":"https:\/\/nexgendecors.com\/es\/product\/lampara-de-techo-zen-china-estilo-wabi-sabi-lampara-de-porche-para-casa-de-familia-japonesa-lampara-de-balcon-lampara-de-pasillo-lampara-de-entrada\/","title":{"rendered":"L\u00e1mpara de techo Wabi-Sabi: Abraza la imperfecci\u00f3n y la naturaleza"},"content":{"rendered":"<p><strong>L\u00e1mpara de techo estilo Wabi-Sabi: abraza la tranquilidad y la elegancia<\/strong><\/p>\n<p>Transforma tu hogar con la l\u00e1mpara de techo estilo Wabi-Sabi, una fusi\u00f3n perfecta de minimalismo japon\u00e9s y serena elegancia. Ideal para realzar tu porche, balc\u00f3n, pasillo, corredor o entrada, esta l\u00e1mpara aporta un toque de serena belleza a cualquier espacio.<\/p>\n<p><strong>Est\u00e9tica serena Wabi-Sabi:<\/strong><\/p>\n<ul>\n<li>Adoptando la filosof\u00eda Wabi-Sabi, esta l\u00e1mpara de techo celebra la simplicidad y la belleza de la imperfecci\u00f3n. Su dise\u00f1o sobrio y sus materiales naturales evocan una sensaci\u00f3n de calma, lo que la convierte en la opci\u00f3n ideal para crear un ambiente sereno en cualquier estancia.<\/li>\n<\/ul>\n<p><strong>Soluci\u00f3n de iluminaci\u00f3n vers\u00e1til:<\/strong><\/p>\n<ul>\n<li>Ya sea para iluminar un acogedor porche, a\u00f1adir encanto a un balc\u00f3n o realzar el ambiente de un pasillo, esta l\u00e1mpara proporciona una luz suave y difusa que realza la belleza natural de su espacio. Adem\u00e1s, crea un ambiente acogedor en su entrada.<\/li>\n<\/ul>\n<p><strong>Elegante y funcional:<\/strong><\/p>\n<ul>\n<li>Su dise\u00f1o minimalista y tonos neutros se integran a la perfecci\u00f3n con diversos estilos de decoraci\u00f3n, desde el japon\u00e9s tradicional hasta el moderno. Sus l\u00edneas limpias y su elegante simplicidad lo convierten en un complemento vers\u00e1til para cualquier hogar.<\/li>\n<\/ul>\n<p><strong>F\u00e1cil instalaci\u00f3n:<\/strong><\/p>\n<ul>\n<li>Dise\u00f1ada para ser duradera y f\u00e1cil de usar, esta l\u00e1mpara de techo garantiza una instalaci\u00f3n sin complicaciones y un rendimiento duradero.<\/li>\n<\/ul>\n<p>Mejore su espacio habitable con la l\u00e1mpara de techo estilo Wabi-Sabi, donde la tranquilidad se combina con un dise\u00f1o atemporal y crea un ambiente maravillosamente sereno en su hogar.<\/p>\n<ul>\n<li>\n<strong>marca<\/strong>:otro\/otro<\/li>\n<li>\n<strong>modelo<\/strong>:10005C<\/li>\n<li>\n<strong>fuerza<\/strong>:6W (incluido) \u2013 10W (incluido)<\/li>\n<li>\n<strong>estilo<\/strong>:Estilo wabi-sabi<\/li>\n<li>\n<strong>Origen<\/strong>:China continental<\/li>\n<li>\n<strong>Espacio aplicable<\/strong>:Cocina\/Balc\u00f3n\/Entrada\/Pasillo<\/li>\n<li>\n<strong>ordenar por color<\/strong>:Color madera (di\u00e1metro 27 cm): luz c\u00e1lida, blanco (di\u00e1metro 27 cm): luz c\u00e1lida, color crema (di\u00e1metro 27 cm): luz c\u00e1lida, azul (di\u00e1metro 27 cm): luz c\u00e1lida, color madera (di\u00e1metro 27 cm): luz tricolor, blanco (di\u00e1metro 27 cm): luz tricolor, color crema (di\u00e1metro 27 cm): luz tricolor, azul (di\u00e1metro 27 cm): luz tricolor, color madera: semil\u00e1mpara: luz c\u00e1lida, color madera: semil\u00e1mpara: luz tricolor<\/li>\n<li>\n<strong>\u00bfLa l\u00e1mpara tiene una fuente de luz?<\/strong>:No<\/li>\n<li>\n<strong>Voltaje<\/strong>:100 V-240 V<\/li>\n<li>\n<strong>Material principal del cuerpo de la l\u00e1mpara.<\/strong>:Pol\u00edmero de alto peso molecular<\/li>\n<li>\n<strong>Material principal de la pantalla de la l\u00e1mpara<\/strong>:Resina<\/li>\n<li>\n<strong>Tecnolog\u00eda<\/strong>:Escarchado de pintura en aerosol<\/li>\n<li>\n<strong>\u00c1rea de irradiaci\u00f3n<\/strong>:5\u33a1-10\u33a1<\/li>\n<li>\n<strong>Tipo de control<\/strong>:Control no inteligente<\/li>\n<li>\n<strong>Forma de la pantalla de la l\u00e1mpara<\/strong>:Redondo<\/li>\n<li>\n<strong>Material auxiliar para pantallas de l\u00e1mparas<\/strong>:Pol\u00edmero de alto peso molecular<\/li>\n<li>\n<strong>Per\u00edodo de garant\u00eda<\/strong>:3 a\u00f1os<\/li>\n<li>\n<strong>Material auxiliar del cuerpo de la l\u00e1mpara<\/strong>:Pol\u00edmero de alto peso molecular<\/li>\n<li>\n<strong>Tipo inteligente<\/strong>:No hay soporte para smart<\/li>\n<li>\n<strong>Ya sea control inteligente<\/strong>:No<\/li>\n<li>\n<strong>N\u00famero de accesorios<\/strong>:1<\/li>\n<li>\n<strong>Tipo de luz de techo<\/strong>:L\u00e1mpara de techo de resina<\/li>\n<li>\n<strong>N\u00famero de certificado 3C<\/strong>:2020181001018046<\/li>\n<li>\n<strong><\/strong>:<\/li>\n<\/ul>","protected":false},"excerpt":{"rendered":"<p>Wabi-Sabi Style Ceiling Lamp: Embrace Tranquility and Elegance Transform your home with the Wabi-Sabi Style Ceiling Lamp, a perfect blend<\/p>","protected":false},"featured_media":102936,"comment_status":"open","ping_status":"closed","template":"","meta":[],"product_brand":[],"product_cat":[30971,30864],"product_tag":[],"class_list":{"0":"post-46443","1":"product","2":"type-product","3":"status-publish","4":"has-post-thumbnail","6":"product_cat-hp","7":"product_cat-new-wholesales-lights","9":"first","10":"instock","11":"taxable","12":"shipping-taxable","13":"purchasable","14":"product-type-variable"},"_links":{"self":[{"href":"https:\/\/nexgendecors.com\/es\/wp-json\/wp\/v2\/product\/46443","targetHints":{"allow":["GET"]}}],"collection":[{"href":"https:\/\/nexgendecors.com\/es\/wp-json\/wp\/v2\/product"}],"about":[{"href":"https:\/\/nexgendecors.com\/es\/wp-json\/wp\/v2\/types\/product"}],"replies":[{"embeddable":true,"href":"https:\/\/nexgendecors.com\/es\/wp-json\/wp\/v2\/comments?post=46443"}],"version-history":[{"count":0,"href":"https:\/\/nexgendecors.com\/es\/wp-json\/wp\/v2\/product\/46443\/revisions"}],"wp:featuredmedia":[{"embeddable":true,"href":"https:\/\/nexgendecors.com\/es\/wp-json\/wp\/v2\/media\/102936"}],"wp:attachment":[{"href":"https:\/\/nexgendecors.com\/es\/wp-json\/wp\/v2\/media?parent=46443"}],"wp:term":[{"taxonomy":"product_brand","embeddable":true,"href":"https:\/\/nexgendecors.com\/es\/wp-json\/wp\/v2\/product_brand?post=46443"},{"taxonomy":"product_cat","embeddable":true,"href":"https:\/\/nexgendecors.com\/es\/wp-json\/wp\/v2\/product_cat?post=46443"},{"taxonomy":"product_tag","embeddable":true,"href":"https:\/\/nexgendecors.com\/es\/wp-json\/wp\/v2\/product_tag?post=46443"}],"curies":[{"name":"wp","href":"https:\/\/api.w.org\/{rel}","templated":true}]}}